{"id":587353,"date":"2025-06-18T21:50:35","date_gmt":"2025-06-18T18:50:35","guid":{"rendered":"https:\/\/nextsnkr.com\/product\/dg-custom-2-zero-balck\/"},"modified":"2026-01-31T19:57:29","modified_gmt":"2026-01-31T16:57:29","slug":"dg-custom-2-zero-balck","status":"publish","type":"product","link":"https:\/\/nextsnkr.com\/it\/prodotto\/dg-custom-2-zero-balck\/","title":{"rendered":"Scarpe Da Ginnastica DG Custom 2. Zero Black in pelle e pelle scamosciata"},"content":{"rendered":"<h2>Scarpe Da Ginnastica DG Custom 2. Zero Black in pelle e pelle scamosciata<\/h2>\n<p>Scarpe eleganti DG Custom 2.Zero Black \u00e8 realizzato in pelle e pelle scamosciata di alta qualit\u00e0, che offre comfort e durata. Ideale per indossare ogni giorno, camminare e attivit\u00e0 all&#8217;aria aperta. Il design unico enfatizza lo stile individuale e aggiunge un accento alla moda al tuo look. Queste sneakers DG combinano qualit\u00e0, stile e praticit\u00e0 in un unico pezzo.<\/p>\n","protected":false},"excerpt":{"rendered":"<p>Scarpe eleganti DG Custom 2.Zero Black \u00e8 realizzato in pelle e pelle scamosciata di alta qualit\u00e0, che offre comfort e durata. Ideale per indossare ogni giorno, camminare e attivit\u00e0 all&#8217;aria aperta. Il design unico enfatizza lo stile individuale e aggiunge un accento alla moda al tuo look. Queste sneakers DG combinano qualit\u00e0, stile e praticit\u00e0 in un unico pezzo.<\/p>\n","protected":false},"featured_media":587354,"comment_status":"open","ping_status":"open","template":"","meta":[],"product_brand":[],"product_cat":[3238,3321],"product_tag":[],"class_list":{"0":"post-587353","1":"product","2":"type-product","3":"status-publish","4":"has-post-thumbnail","6":"product_cat-all-product","7":"product_cat-kedy","8":"pa_rozmir-910","9":"pa_rozmir-912","10":"pa_rozmir-914","11":"pa_rozmir-915","12":"pa_rozmir-916","13":"pa_rozmir-917","14":"pa_rozmir-918","15":"pa_rozmir-919","16":"pa_rozmir-920","17":"pa_rozmir-921","18":"pa_rozmir-922","20":"first","21":"instock","22":"purchasable","23":"product-type-variable"},"_links":{"self":[{"href":"https:\/\/nextsnkr.com\/it\/wp-json\/wp\/v2\/product\/587353","targetHints":{"allow":["GET"]}}],"collection":[{"href":"https:\/\/nextsnkr.com\/it\/wp-json\/wp\/v2\/product"}],"about":[{"href":"https:\/\/nextsnkr.com\/it\/wp-json\/wp\/v2\/types\/product"}],"replies":[{"embeddable":true,"href":"https:\/\/nextsnkr.com\/it\/wp-json\/wp\/v2\/comments?post=587353"}],"version-history":[{"count":0,"href":"https:\/\/nextsnkr.com\/it\/wp-json\/wp\/v2\/product\/587353\/revisions"}],"wp:featuredmedia":[{"embeddable":true,"href":"https:\/\/nextsnkr.com\/it\/wp-json\/wp\/v2\/media\/587354"}],"wp:attachment":[{"href":"https:\/\/nextsnkr.com\/it\/wp-json\/wp\/v2\/media?parent=587353"}],"wp:term":[{"taxonomy":"product_brand","embeddable":true,"href":"https:\/\/nextsnkr.com\/it\/wp-json\/wp\/v2\/product_brand?post=587353"},{"taxonomy":"product_cat","embeddable":true,"href":"https:\/\/nextsnkr.com\/it\/wp-json\/wp\/v2\/product_cat?post=587353"},{"taxonomy":"product_tag","embeddable":true,"href":"https:\/\/nextsnkr.com\/it\/wp-json\/wp\/v2\/product_tag?post=587353"}],"curies":[{"name":"wp","href":"https:\/\/api.w.org\/{rel}","templated":true}]}}