{"id":582779,"date":"2025-06-19T22:00:25","date_gmt":"2025-06-19T19:00:25","guid":{"rendered":"https:\/\/nextsnkr.com\/product\/babe-pink\/"},"modified":"2026-01-31T19:55:12","modified_gmt":"2026-01-31T16:55:12","slug":"babe-pink","status":"publish","type":"product","link":"https:\/\/nextsnkr.com\/it\/prodotto\/babe-pink\/","title":{"rendered":"Sneaker Babe Pink in pelle mista e tessuto da indossare ogni giorno"},"content":{"rendered":"<h2>Sneaker Babe Pink in pelle mista e tessuto da indossare ogni giorno<\/h2>\n<p>Le sneakers Babe Pink combinano design elegante e comfort. Realizzati in pelle e tessuti di alta qualit\u00e0, offrono durata e leggerezza quando si cammina. Il marchio Babe garantisce un look moderno e confortevole, mentre il rosa tenue aggiunge luminosit\u00e0 e femminilit\u00e0 all&#8217;immagine. Perfette per l&#8217;uso quotidiano, le passeggiate e le attivit\u00e0 all&#8217;aria aperta, queste sneaker saranno un elemento essenziale del tuo guardaroba alla moda.<\/p>\n","protected":false},"excerpt":{"rendered":"<p>Le sneakers Babe Pink combinano design elegante e comfort. Realizzati in pelle e tessuti di alta qualit\u00e0, offrono durata e leggerezza quando si cammina. Il marchio Babe garantisce un look moderno e confortevole, mentre il rosa tenue aggiunge luminosit\u00e0 e femminilit\u00e0 all&#8217;immagine. Perfette per l&#8217;uso quotidiano, le passeggiate e le attivit\u00e0 all&#8217;aria aperta, queste sneaker saranno un elemento essenziale del tuo guardaroba alla moda.<\/p>\n","protected":false},"featured_media":582780,"comment_status":"open","ping_status":"open","template":"","meta":[],"product_brand":[],"product_cat":[3238,3321],"product_tag":[],"class_list":{"0":"post-582779","1":"product","2":"type-product","3":"status-publish","4":"has-post-thumbnail","6":"product_cat-all-product","7":"product_cat-kedy","8":"pa_rozmir-910","9":"pa_rozmir-912","10":"pa_rozmir-914","11":"pa_rozmir-915","12":"pa_rozmir-916","13":"pa_rozmir-917","14":"pa_rozmir-918","15":"pa_rozmir-919","16":"pa_rozmir-920","17":"pa_rozmir-921","18":"pa_rozmir-922","20":"first","21":"onbackorder","22":"purchasable","23":"product-type-variable"},"_links":{"self":[{"href":"https:\/\/nextsnkr.com\/it\/wp-json\/wp\/v2\/product\/582779","targetHints":{"allow":["GET"]}}],"collection":[{"href":"https:\/\/nextsnkr.com\/it\/wp-json\/wp\/v2\/product"}],"about":[{"href":"https:\/\/nextsnkr.com\/it\/wp-json\/wp\/v2\/types\/product"}],"replies":[{"embeddable":true,"href":"https:\/\/nextsnkr.com\/it\/wp-json\/wp\/v2\/comments?post=582779"}],"version-history":[{"count":0,"href":"https:\/\/nextsnkr.com\/it\/wp-json\/wp\/v2\/product\/582779\/revisions"}],"wp:featuredmedia":[{"embeddable":true,"href":"https:\/\/nextsnkr.com\/it\/wp-json\/wp\/v2\/media\/582780"}],"wp:attachment":[{"href":"https:\/\/nextsnkr.com\/it\/wp-json\/wp\/v2\/media?parent=582779"}],"wp:term":[{"taxonomy":"product_brand","embeddable":true,"href":"https:\/\/nextsnkr.com\/it\/wp-json\/wp\/v2\/product_brand?post=582779"},{"taxonomy":"product_cat","embeddable":true,"href":"https:\/\/nextsnkr.com\/it\/wp-json\/wp\/v2\/product_cat?post=582779"},{"taxonomy":"product_tag","embeddable":true,"href":"https:\/\/nextsnkr.com\/it\/wp-json\/wp\/v2\/product_tag?post=582779"}],"curies":[{"name":"wp","href":"https:\/\/api.w.org\/{rel}","templated":true}]}}