{"id":582440,"date":"2025-06-19T22:04:24","date_gmt":"2025-06-19T19:04:24","guid":{"rendered":"https:\/\/nextsnkr.com\/product\/m2k-2\/"},"modified":"2026-01-31T19:55:02","modified_gmt":"2026-01-31T16:55:02","slug":"m2k-2","status":"publish","type":"product","link":"https:\/\/nextsnkr.com\/it\/prodotto\/m2k-2\/","title":{"rendered":"Sneakers in pelle m2K comode ed eleganti"},"content":{"rendered":"<h2>Sneakers in pelle m2K comode ed eleganti<\/h2>\n<p>La sneaker M2K \u00e8 una scarpa moderna in pelle di alta qualit\u00e0 prodotta in Vietnam. Il modello offre comfort durante l&#8217;uso quotidiano e le attivit\u00e0 all&#8217;aperto, combinando un design elegante con l&#8217;affidabilit\u00e0 dei materiali. Ideale per coloro che apprezzano la durata, la praticit\u00e0 e l&#8217;aspetto elegante in tutte le condizioni.<\/p>\n","protected":false},"excerpt":{"rendered":"<p>La sneaker M2K \u00e8 una scarpa moderna in pelle di alta qualit\u00e0 prodotta in Vietnam. Il modello offre comfort durante l&#8217;uso quotidiano e le attivit\u00e0 all&#8217;aperto, combinando un design elegante con l&#8217;affidabilit\u00e0 dei materiali. Ideale per coloro che apprezzano la durata, la praticit\u00e0 e l&#8217;aspetto elegante in tutte le condizioni.<\/p>\n","protected":false},"featured_media":582441,"comment_status":"open","ping_status":"open","template":"","meta":[],"product_brand":[],"product_cat":[3238,3239],"product_tag":[],"class_list":{"0":"post-582440","1":"product","2":"type-product","3":"status-publish","4":"has-post-thumbnail","6":"product_cat-all-product","7":"product_cat-krosivky","8":"pa_rozmir-910","9":"pa_rozmir-912","10":"pa_rozmir-914","11":"pa_rozmir-915","12":"pa_rozmir-916","13":"pa_rozmir-917","14":"pa_rozmir-918","15":"pa_rozmir-919","16":"pa_rozmir-920","17":"pa_rozmir-921","18":"pa_rozmir-922","20":"first","21":"onbackorder","22":"purchasable","23":"product-type-variable"},"_links":{"self":[{"href":"https:\/\/nextsnkr.com\/it\/wp-json\/wp\/v2\/product\/582440","targetHints":{"allow":["GET"]}}],"collection":[{"href":"https:\/\/nextsnkr.com\/it\/wp-json\/wp\/v2\/product"}],"about":[{"href":"https:\/\/nextsnkr.com\/it\/wp-json\/wp\/v2\/types\/product"}],"replies":[{"embeddable":true,"href":"https:\/\/nextsnkr.com\/it\/wp-json\/wp\/v2\/comments?post=582440"}],"version-history":[{"count":0,"href":"https:\/\/nextsnkr.com\/it\/wp-json\/wp\/v2\/product\/582440\/revisions"}],"wp:featuredmedia":[{"embeddable":true,"href":"https:\/\/nextsnkr.com\/it\/wp-json\/wp\/v2\/media\/582441"}],"wp:attachment":[{"href":"https:\/\/nextsnkr.com\/it\/wp-json\/wp\/v2\/media?parent=582440"}],"wp:term":[{"taxonomy":"product_brand","embeddable":true,"href":"https:\/\/nextsnkr.com\/it\/wp-json\/wp\/v2\/product_brand?post=582440"},{"taxonomy":"product_cat","embeddable":true,"href":"https:\/\/nextsnkr.com\/it\/wp-json\/wp\/v2\/product_cat?post=582440"},{"taxonomy":"product_tag","embeddable":true,"href":"https:\/\/nextsnkr.com\/it\/wp-json\/wp\/v2\/product_tag?post=582440"}],"curies":[{"name":"wp","href":"https:\/\/api.w.org\/{rel}","templated":true}]}}