{"id":580061,"date":"2025-06-19T22:20:58","date_gmt":"2025-06-19T19:20:58","guid":{"rendered":"https:\/\/nextsnkr.com\/product\/adidas-mark-gonzales-x-aloha-one-black-eye-pink\/"},"modified":"2026-01-31T19:53:45","modified_gmt":"2026-01-31T16:53:45","slug":"adidas-mark-gonzales-x-aloha-one-black-eye-pink","status":"publish","type":"product","link":"https:\/\/nextsnkr.com\/it\/prodotto\/adidas-mark-gonzales-x-aloha-one-black-eye-pink\/","title":{"rendered":"Scarpe Da Ginnastica ADIDAS MARK GONZALES x Aloha &#8220;ONE black EYE&#8221; rosa camoscio"},"content":{"rendered":"<h2>Scarpe Da Ginnastica ADIDAS MARK GONZALES x Aloha &#8220;ONE black EYE&#8221; rosa camoscio<\/h2>\n<p>Le sneakers ADIDAS MARK GONZALES x Aloha &#8220;one BLACK EYE&#8221; Pink combinano design unico e materiali di alta qualit\u00e0. Realizzati in vera pelle scamosciata e pelle, offrono comfort, durata e un aspetto elegante. Il modello \u00e8 perfetto per l&#8217;uso quotidiano, le passeggiate e la vita attiva della citt\u00e0. Un accento rosa brillante aggiunge personalit\u00e0 e mette in risalto lo stile moderno. Scegliendo queste sneakers, ottieni un mix di moda e funzionalit\u00e0.<\/p>\n","protected":false},"excerpt":{"rendered":"<p>Le sneakers ADIDAS MARK GONZALES x Aloha &#8220;one BLACK EYE&#8221; Pink combinano design unico e materiali di alta qualit\u00e0. Realizzati in vera pelle scamosciata e pelle, offrono comfort, durata e un aspetto elegante. Il modello \u00e8 perfetto per l&#8217;uso quotidiano, le passeggiate e la vita attiva della citt\u00e0. Un accento rosa brillante aggiunge personalit\u00e0 e mette in risalto lo stile moderno. Scegliendo queste sneakers, ottieni un mix di moda e funzionalit\u00e0.<\/p>\n","protected":false},"featured_media":580062,"comment_status":"open","ping_status":"open","template":"","meta":[],"product_brand":[],"product_cat":[3238,3321],"product_tag":[],"class_list":{"0":"post-580061","1":"product","2":"type-product","3":"status-publish","4":"has-post-thumbnail","6":"product_cat-all-product","7":"product_cat-kedy","8":"pa_rozmir-910","9":"pa_rozmir-912","10":"pa_rozmir-914","11":"pa_rozmir-915","12":"pa_rozmir-916","13":"pa_rozmir-917","14":"pa_rozmir-918","15":"pa_rozmir-919","16":"pa_rozmir-920","17":"pa_rozmir-921","18":"pa_rozmir-922","20":"first","21":"instock","22":"purchasable","23":"product-type-variable"},"_links":{"self":[{"href":"https:\/\/nextsnkr.com\/it\/wp-json\/wp\/v2\/product\/580061","targetHints":{"allow":["GET"]}}],"collection":[{"href":"https:\/\/nextsnkr.com\/it\/wp-json\/wp\/v2\/product"}],"about":[{"href":"https:\/\/nextsnkr.com\/it\/wp-json\/wp\/v2\/types\/product"}],"replies":[{"embeddable":true,"href":"https:\/\/nextsnkr.com\/it\/wp-json\/wp\/v2\/comments?post=580061"}],"version-history":[{"count":0,"href":"https:\/\/nextsnkr.com\/it\/wp-json\/wp\/v2\/product\/580061\/revisions"}],"wp:featuredmedia":[{"embeddable":true,"href":"https:\/\/nextsnkr.com\/it\/wp-json\/wp\/v2\/media\/580062"}],"wp:attachment":[{"href":"https:\/\/nextsnkr.com\/it\/wp-json\/wp\/v2\/media?parent=580061"}],"wp:term":[{"taxonomy":"product_brand","embeddable":true,"href":"https:\/\/nextsnkr.com\/it\/wp-json\/wp\/v2\/product_brand?post=580061"},{"taxonomy":"product_cat","embeddable":true,"href":"https:\/\/nextsnkr.com\/it\/wp-json\/wp\/v2\/product_cat?post=580061"},{"taxonomy":"product_tag","embeddable":true,"href":"https:\/\/nextsnkr.com\/it\/wp-json\/wp\/v2\/product_tag?post=580061"}],"curies":[{"name":"wp","href":"https:\/\/api.w.org\/{rel}","templated":true}]}}