{"id":857611,"date":"2025-06-11T23:21:27","date_gmt":"2025-06-11T20:21:27","guid":{"rendered":"https:\/\/nextsnkr.com\/product\/cali-dark-yellow\/"},"modified":"2026-01-31T19:38:12","modified_gmt":"2026-01-31T16:38:12","slug":"cali-dark-yellow","status":"publish","type":"product","link":"https:\/\/nextsnkr.com\/fr\/produit\/cali-dark-yellow\/","title":{"rendered":"Baskets Cali Dark Yellow-cuir \u00e9l\u00e9gant pour un port quotidien"},"content":{"rendered":"<h2>Baskets Cali Dark Yellow-cuir \u00e9l\u00e9gant pour un port quotidien<\/h2>\n<p>Les baskets Cali Dark Yellow sont fabriqu\u00e9es en cuir de haute qualit\u00e9, offrant confort et durabilit\u00e9. Le mod\u00e8le de la marque Cali combine un design moderne et pratique, adapt\u00e9 \u00e0 une utilisation quotidienne active. La couleur jaune fonc\u00e9 vif accentue la personnalit\u00e9 et ajoute un accent \u00e9l\u00e9gant \u00e0 n&rsquo;importe quel look, rendant les baskets indispensables dans votre garde-robe.<\/p>\n","protected":false},"excerpt":{"rendered":"<p>Les baskets Cali Dark Yellow sont fabriqu\u00e9es en cuir de haute qualit\u00e9, offrant confort et durabilit\u00e9. Le mod\u00e8le de la marque Cali combine un design moderne et pratique, adapt\u00e9 \u00e0 une utilisation quotidienne active. La couleur jaune fonc\u00e9 vif accentue la personnalit\u00e9 et ajoute un accent \u00e9l\u00e9gant \u00e0 n&rsquo;importe quel look, rendant les baskets indispensables dans votre garde-robe.<\/p>\n","protected":false},"featured_media":857612,"comment_status":"open","ping_status":"open","template":"","meta":[],"product_brand":[],"product_cat":[3212,3319],"product_tag":[],"class_list":{"0":"post-857611","1":"product","2":"type-product","3":"status-publish","4":"has-post-thumbnail","6":"product_cat-all-product","7":"product_cat-kedy","8":"pa_rozmir-910","9":"pa_rozmir-912","10":"pa_rozmir-914","11":"pa_rozmir-915","12":"pa_rozmir-916","13":"pa_rozmir-917","14":"pa_rozmir-918","15":"pa_rozmir-919","16":"pa_rozmir-920","17":"pa_rozmir-921","18":"pa_rozmir-922","20":"first","21":"instock","22":"purchasable","23":"product-type-variable"},"_links":{"self":[{"href":"https:\/\/nextsnkr.com\/fr\/wp-json\/wp\/v2\/product\/857611","targetHints":{"allow":["GET"]}}],"collection":[{"href":"https:\/\/nextsnkr.com\/fr\/wp-json\/wp\/v2\/product"}],"about":[{"href":"https:\/\/nextsnkr.com\/fr\/wp-json\/wp\/v2\/types\/product"}],"replies":[{"embeddable":true,"href":"https:\/\/nextsnkr.com\/fr\/wp-json\/wp\/v2\/comments?post=857611"}],"version-history":[{"count":0,"href":"https:\/\/nextsnkr.com\/fr\/wp-json\/wp\/v2\/product\/857611\/revisions"}],"wp:featuredmedia":[{"embeddable":true,"href":"https:\/\/nextsnkr.com\/fr\/wp-json\/wp\/v2\/media\/857612"}],"wp:attachment":[{"href":"https:\/\/nextsnkr.com\/fr\/wp-json\/wp\/v2\/media?parent=857611"}],"wp:term":[{"taxonomy":"product_brand","embeddable":true,"href":"https:\/\/nextsnkr.com\/fr\/wp-json\/wp\/v2\/product_brand?post=857611"},{"taxonomy":"product_cat","embeddable":true,"href":"https:\/\/nextsnkr.com\/fr\/wp-json\/wp\/v2\/product_cat?post=857611"},{"taxonomy":"product_tag","embeddable":true,"href":"https:\/\/nextsnkr.com\/fr\/wp-json\/wp\/v2\/product_tag?post=857611"}],"curies":[{"name":"wp","href":"https:\/\/api.w.org\/{rel}","templated":true}]}}