{"id":856931,"date":"2025-06-11T22:36:18","date_gmt":"2025-06-11T19:36:18","guid":{"rendered":"https:\/\/nextsnkr.com\/product\/nike-pegasus-trail-4-gore-tex\/"},"modified":"2026-01-31T19:37:55","modified_gmt":"2026-01-31T16:37:55","slug":"nike-pegasus-trail-4-gore-tex","status":"publish","type":"product","link":"https:\/\/nextsnkr.com\/fr\/produit\/nike-pegasus-trail-4-gore-tex\/","title":{"rendered":"Baskets Nike Pegasus Trail 4 Gore-Tex pour la course et la randonn\u00e9e"},"content":{"rendered":"<h2>Baskets Nike Pegasus Trail 4 Gore-Tex pour la course et la randonn\u00e9e<\/h2>\n<p>Les baskets Nike Pegasus Trail 4 Gore-Tex sont con\u00e7ues pour la course tout-terrain et la marche active par tous les temps. La membrane hydrofuge Gore-Tex prot\u00e8ge contre l&rsquo;humidit\u00e9, tandis que le dessus en textile offre l\u00e9g\u00e8ret\u00e9 et ventilation. L&rsquo;absorption des chocs fiable et la semelle tenace donnent la stabilit\u00e9 sur une vari\u00e9t\u00e9 de surfaces. Choisissez Nike Pegasus Trail 4 Gore-Tex si vous appr\u00e9ciez le confort, la protection et l&rsquo;endurance pendant la conduite.<\/p>\n","protected":false},"excerpt":{"rendered":"<p>Les baskets Nike Pegasus Trail 4 Gore-Tex sont con\u00e7ues pour la course tout-terrain et la marche active par tous les temps. La membrane hydrofuge Gore-Tex prot\u00e8ge contre l&rsquo;humidit\u00e9, tandis que le dessus en textile offre l\u00e9g\u00e8ret\u00e9 et ventilation. L&rsquo;absorption des chocs fiable et la semelle tenace donnent la stabilit\u00e9 sur une vari\u00e9t\u00e9 de surfaces. Choisissez Nike Pegasus Trail 4 Gore-Tex si vous appr\u00e9ciez le confort, la protection et l&rsquo;endurance pendant la conduite.<\/p>\n","protected":false},"featured_media":856932,"comment_status":"open","ping_status":"open","template":"","meta":[],"product_brand":[],"product_cat":[3212,3213],"product_tag":[],"class_list":{"0":"post-856931","1":"product","2":"type-product","3":"status-publish","4":"has-post-thumbnail","6":"product_cat-all-product","7":"product_cat-krosivky","8":"pa_rozmir-910","9":"pa_rozmir-912","10":"pa_rozmir-914","11":"pa_rozmir-915","12":"pa_rozmir-916","13":"pa_rozmir-917","14":"pa_rozmir-918","15":"pa_rozmir-919","16":"pa_rozmir-920","17":"pa_rozmir-921","18":"pa_rozmir-922","20":"first","21":"instock","22":"purchasable","23":"product-type-variable"},"_links":{"self":[{"href":"https:\/\/nextsnkr.com\/fr\/wp-json\/wp\/v2\/product\/856931","targetHints":{"allow":["GET"]}}],"collection":[{"href":"https:\/\/nextsnkr.com\/fr\/wp-json\/wp\/v2\/product"}],"about":[{"href":"https:\/\/nextsnkr.com\/fr\/wp-json\/wp\/v2\/types\/product"}],"replies":[{"embeddable":true,"href":"https:\/\/nextsnkr.com\/fr\/wp-json\/wp\/v2\/comments?post=856931"}],"version-history":[{"count":0,"href":"https:\/\/nextsnkr.com\/fr\/wp-json\/wp\/v2\/product\/856931\/revisions"}],"wp:featuredmedia":[{"embeddable":true,"href":"https:\/\/nextsnkr.com\/fr\/wp-json\/wp\/v2\/media\/856932"}],"wp:attachment":[{"href":"https:\/\/nextsnkr.com\/fr\/wp-json\/wp\/v2\/media?parent=856931"}],"wp:term":[{"taxonomy":"product_brand","embeddable":true,"href":"https:\/\/nextsnkr.com\/fr\/wp-json\/wp\/v2\/product_brand?post=856931"},{"taxonomy":"product_cat","embeddable":true,"href":"https:\/\/nextsnkr.com\/fr\/wp-json\/wp\/v2\/product_cat?post=856931"},{"taxonomy":"product_tag","embeddable":true,"href":"https:\/\/nextsnkr.com\/fr\/wp-json\/wp\/v2\/product_tag?post=856931"}],"curies":[{"name":"wp","href":"https:\/\/api.w.org\/{rel}","templated":true}]}}