{"id":856591,"date":"2025-06-11T22:36:56","date_gmt":"2025-06-11T19:36:56","guid":{"rendered":"https:\/\/nextsnkr.com\/product\/nike-intiator-white-black\/"},"modified":"2026-01-31T19:37:35","modified_gmt":"2026-01-31T16:37:35","slug":"nike-intiator-white-black","status":"publish","type":"product","link":"https:\/\/nextsnkr.com\/fr\/produit\/nike-intiator-white-black\/","title":{"rendered":"Baskets Nike Initiator White \/ Black-baskets \u00e9l\u00e9gantes pour hommes pour tous les jours"},"content":{"rendered":"<h2>Baskets Nike Initiator White \/ Black-baskets \u00e9l\u00e9gantes pour hommes pour tous les jours<\/h2>\n<p>Les baskets Nike Initiator White \/ Black sont con\u00e7ues pour un port quotidien confortable et un mouvement actif. La combinaison de cuir v\u00e9ritable et de Textiles respirants offre l\u00e9g\u00e8ret\u00e9, durabilit\u00e9 et ventilation. La semelle amortissante procure de la douceur pendant la marche, tandis que la combinaison classique du blanc et du noir rend le mod\u00e8le polyvalent pour tous les styles. Nike Initiator est la qualit\u00e9, la commodit\u00e9 et la fiabilit\u00e9 \u00e0 chaque \u00e9tape.<\/p>\n","protected":false},"excerpt":{"rendered":"<p>Les baskets Nike Initiator White \/ Black sont con\u00e7ues pour un port quotidien confortable et un mouvement actif. La combinaison de cuir v\u00e9ritable et de Textiles respirants offre l\u00e9g\u00e8ret\u00e9, durabilit\u00e9 et ventilation. La semelle amortissante procure de la douceur pendant la marche, tandis que la combinaison classique du blanc et du noir rend le mod\u00e8le polyvalent pour tous les styles. Nike Initiator est la qualit\u00e9, la commodit\u00e9 et la fiabilit\u00e9 \u00e0 chaque \u00e9tape.<\/p>\n","protected":false},"featured_media":856592,"comment_status":"open","ping_status":"open","template":"","meta":[],"product_brand":[],"product_cat":[3212,3213],"product_tag":[],"class_list":{"0":"post-856591","1":"product","2":"type-product","3":"status-publish","4":"has-post-thumbnail","6":"product_cat-all-product","7":"product_cat-krosivky","8":"pa_rozmir-910","9":"pa_rozmir-912","10":"pa_rozmir-914","11":"pa_rozmir-915","12":"pa_rozmir-916","13":"pa_rozmir-917","14":"pa_rozmir-918","15":"pa_rozmir-919","16":"pa_rozmir-920","17":"pa_rozmir-921","18":"pa_rozmir-922","20":"first","21":"instock","22":"purchasable","23":"product-type-variable"},"_links":{"self":[{"href":"https:\/\/nextsnkr.com\/fr\/wp-json\/wp\/v2\/product\/856591","targetHints":{"allow":["GET"]}}],"collection":[{"href":"https:\/\/nextsnkr.com\/fr\/wp-json\/wp\/v2\/product"}],"about":[{"href":"https:\/\/nextsnkr.com\/fr\/wp-json\/wp\/v2\/types\/product"}],"replies":[{"embeddable":true,"href":"https:\/\/nextsnkr.com\/fr\/wp-json\/wp\/v2\/comments?post=856591"}],"version-history":[{"count":0,"href":"https:\/\/nextsnkr.com\/fr\/wp-json\/wp\/v2\/product\/856591\/revisions"}],"wp:featuredmedia":[{"embeddable":true,"href":"https:\/\/nextsnkr.com\/fr\/wp-json\/wp\/v2\/media\/856592"}],"wp:attachment":[{"href":"https:\/\/nextsnkr.com\/fr\/wp-json\/wp\/v2\/media?parent=856591"}],"wp:term":[{"taxonomy":"product_brand","embeddable":true,"href":"https:\/\/nextsnkr.com\/fr\/wp-json\/wp\/v2\/product_brand?post=856591"},{"taxonomy":"product_cat","embeddable":true,"href":"https:\/\/nextsnkr.com\/fr\/wp-json\/wp\/v2\/product_cat?post=856591"},{"taxonomy":"product_tag","embeddable":true,"href":"https:\/\/nextsnkr.com\/fr\/wp-json\/wp\/v2\/product_tag?post=856591"}],"curies":[{"name":"wp","href":"https:\/\/api.w.org\/{rel}","templated":true}]}}