{"id":854688,"date":"2025-06-11T22:44:06","date_gmt":"2025-06-11T19:44:06","guid":{"rendered":"https:\/\/nextsnkr.com\/product\/nike-p-6000\/"},"modified":"2026-01-31T19:36:35","modified_gmt":"2026-01-31T16:36:35","slug":"nike-p-6000","status":"publish","type":"product","link":"https:\/\/nextsnkr.com\/fr\/produit\/nike-p-6000\/","title":{"rendered":"Nike p-6000-style et confort pour tous les jours"},"content":{"rendered":"<h2>Nike p-6000-style et confort pour tous les jours<\/h2>\n<p>La Nike p-6000 est une combinaison de design embl\u00e9matique et de confort moderne. Le dessus en cuir durable et en textile respirant assure un ajustement et une ventilation s\u00fbrs, ce qui en fait le mod\u00e8le id\u00e9al pour un rythme urbain actif. La semelle amortissante garantit la douceur pendant la marche, et la silhouette \u00e9l\u00e9gante compl\u00e9tera facilement n&rsquo;importe quel look. choisissez Nike p-6000 si vous appr\u00e9ciez la qualit\u00e9, la commodit\u00e9 et la durabilit\u00e9.<\/p>\n","protected":false},"excerpt":{"rendered":"<p>La Nike p-6000 est une combinaison de design embl\u00e9matique et de confort moderne. Le dessus en cuir durable et en textile respirant assure un ajustement et une ventilation s\u00fbrs, ce qui en fait le mod\u00e8le id\u00e9al pour un rythme urbain actif. La semelle amortissante garantit la douceur pendant la marche, et la silhouette \u00e9l\u00e9gante compl\u00e9tera facilement n&rsquo;importe quel look. choisissez Nike p-6000 si vous appr\u00e9ciez la qualit\u00e9, la commodit\u00e9 et la durabilit\u00e9.<\/p>\n","protected":false},"featured_media":854689,"comment_status":"open","ping_status":"open","template":"","meta":[],"product_brand":[],"product_cat":[3212,3213],"product_tag":[],"class_list":{"0":"post-854688","1":"product","2":"type-product","3":"status-publish","4":"has-post-thumbnail","6":"product_cat-all-product","7":"product_cat-krosivky","8":"pa_rozmir-917","9":"pa_rozmir-918","10":"pa_rozmir-919","11":"pa_rozmir-920","12":"pa_rozmir-921","13":"pa_rozmir-922","15":"first","16":"onbackorder","17":"purchasable","18":"product-type-variable"},"_links":{"self":[{"href":"https:\/\/nextsnkr.com\/fr\/wp-json\/wp\/v2\/product\/854688","targetHints":{"allow":["GET"]}}],"collection":[{"href":"https:\/\/nextsnkr.com\/fr\/wp-json\/wp\/v2\/product"}],"about":[{"href":"https:\/\/nextsnkr.com\/fr\/wp-json\/wp\/v2\/types\/product"}],"replies":[{"embeddable":true,"href":"https:\/\/nextsnkr.com\/fr\/wp-json\/wp\/v2\/comments?post=854688"}],"version-history":[{"count":0,"href":"https:\/\/nextsnkr.com\/fr\/wp-json\/wp\/v2\/product\/854688\/revisions"}],"wp:featuredmedia":[{"embeddable":true,"href":"https:\/\/nextsnkr.com\/fr\/wp-json\/wp\/v2\/media\/854689"}],"wp:attachment":[{"href":"https:\/\/nextsnkr.com\/fr\/wp-json\/wp\/v2\/media?parent=854688"}],"wp:term":[{"taxonomy":"product_brand","embeddable":true,"href":"https:\/\/nextsnkr.com\/fr\/wp-json\/wp\/v2\/product_brand?post=854688"},{"taxonomy":"product_cat","embeddable":true,"href":"https:\/\/nextsnkr.com\/fr\/wp-json\/wp\/v2\/product_cat?post=854688"},{"taxonomy":"product_tag","embeddable":true,"href":"https:\/\/nextsnkr.com\/fr\/wp-json\/wp\/v2\/product_tag?post=854688"}],"curies":[{"name":"wp","href":"https:\/\/api.w.org\/{rel}","templated":true}]}}