{"id":854538,"date":"2025-06-11T22:45:39","date_gmt":"2025-06-11T19:45:39","guid":{"rendered":"https:\/\/nextsnkr.com\/product\/nike-cortez-white-premium\/"},"modified":"2026-01-31T19:36:31","modified_gmt":"2026-01-31T16:36:31","slug":"nike-cortez-white-premium","status":"publish","type":"product","link":"https:\/\/nextsnkr.com\/fr\/produit\/nike-cortez-white-premium\/","title":{"rendered":"Baskets Nike Cortez White Premium-baskets classiques en cuir et daim"},"content":{"rendered":"<h2>Baskets Nike Cortez White Premium-baskets classiques en cuir et daim<\/h2>\n<p>Les baskets Nike Cortez White Premium allient un design r\u00e9tro l\u00e9gendaire et des mat\u00e9riaux de haute qualit\u00e9: cuir et daim pour plus de durabilit\u00e9 et de confort. La semelle amortissante l\u00e9g\u00e8re offre un confort pendant le port quotidien et les mouvements actifs. La couleur blanche classique rend le mod\u00e8le polyvalent et \u00e9l\u00e9gant pour n&rsquo;importe quelle image. Nike Cortez White Premium est la qualit\u00e9, le confort et le style \u00e0 chaque \u00e9tape.<\/p>\n","protected":false},"excerpt":{"rendered":"<p>Les baskets Nike Cortez White Premium allient un design r\u00e9tro l\u00e9gendaire et des mat\u00e9riaux de haute qualit\u00e9: cuir et daim pour plus de durabilit\u00e9 et de confort. La semelle amortissante l\u00e9g\u00e8re offre un confort pendant le port quotidien et les mouvements actifs. La couleur blanche classique rend le mod\u00e8le polyvalent et \u00e9l\u00e9gant pour n&rsquo;importe quelle image. Nike Cortez White Premium est la qualit\u00e9, le confort et le style \u00e0 chaque \u00e9tape.<\/p>\n","protected":false},"featured_media":854539,"comment_status":"open","ping_status":"open","template":"","meta":[],"product_brand":[],"product_cat":[3212,3213],"product_tag":[],"class_list":{"0":"post-854538","1":"product","2":"type-product","3":"status-publish","4":"has-post-thumbnail","6":"product_cat-all-product","7":"product_cat-krosivky","8":"pa_rozmir-910","9":"pa_rozmir-912","10":"pa_rozmir-914","11":"pa_rozmir-915","12":"pa_rozmir-916","13":"pa_rozmir-917","14":"pa_rozmir-918","15":"pa_rozmir-919","16":"pa_rozmir-920","17":"pa_rozmir-921","18":"pa_rozmir-922","20":"first","21":"instock","22":"purchasable","23":"product-type-variable"},"_links":{"self":[{"href":"https:\/\/nextsnkr.com\/fr\/wp-json\/wp\/v2\/product\/854538","targetHints":{"allow":["GET"]}}],"collection":[{"href":"https:\/\/nextsnkr.com\/fr\/wp-json\/wp\/v2\/product"}],"about":[{"href":"https:\/\/nextsnkr.com\/fr\/wp-json\/wp\/v2\/types\/product"}],"replies":[{"embeddable":true,"href":"https:\/\/nextsnkr.com\/fr\/wp-json\/wp\/v2\/comments?post=854538"}],"version-history":[{"count":0,"href":"https:\/\/nextsnkr.com\/fr\/wp-json\/wp\/v2\/product\/854538\/revisions"}],"wp:featuredmedia":[{"embeddable":true,"href":"https:\/\/nextsnkr.com\/fr\/wp-json\/wp\/v2\/media\/854539"}],"wp:attachment":[{"href":"https:\/\/nextsnkr.com\/fr\/wp-json\/wp\/v2\/media?parent=854538"}],"wp:term":[{"taxonomy":"product_brand","embeddable":true,"href":"https:\/\/nextsnkr.com\/fr\/wp-json\/wp\/v2\/product_brand?post=854538"},{"taxonomy":"product_cat","embeddable":true,"href":"https:\/\/nextsnkr.com\/fr\/wp-json\/wp\/v2\/product_cat?post=854538"},{"taxonomy":"product_tag","embeddable":true,"href":"https:\/\/nextsnkr.com\/fr\/wp-json\/wp\/v2\/product_tag?post=854538"}],"curies":[{"name":"wp","href":"https:\/\/api.w.org\/{rel}","templated":true}]}}