{"id":852971,"date":"2025-06-11T23:03:44","date_gmt":"2025-06-11T20:03:44","guid":{"rendered":"https:\/\/nextsnkr.com\/product\/nike-pro-black-white\/"},"modified":"2026-01-31T19:35:37","modified_gmt":"2026-01-31T16:35:37","slug":"nike-pro-black-white","status":"publish","type":"product","link":"https:\/\/nextsnkr.com\/fr\/produit\/nike-pro-black-white\/","title":{"rendered":"Baskets Nike Pro Black \/ White-baskets \u00e9l\u00e9gantes pour hommes en cuir et textile"},"content":{"rendered":"<h2>Baskets Nike Pro Black \/ White-baskets \u00e9l\u00e9gantes pour hommes en cuir et textile<\/h2>\n<p>Les baskets Nike Pro Black \/ White allient confort haut de gamme \u00e0 un design \u00e9l\u00e9gant et classique. La tige en cuir et textile offre une durabilit\u00e9, une ventilation et un ajustement confortable, tandis que la semelle amortissante procure de la douceur pendant la conduite. La combinaison contrast\u00e9e de noir et de blanc rend le mod\u00e8le polyvalent pour un usage quotidien et un style de vie actif. Nike Pro Black \/ White est un choix fiable pour le style, le confort et la qualit\u00e9.<\/p>\n","protected":false},"excerpt":{"rendered":"<p>Les baskets Nike Pro Black \/ White allient confort haut de gamme \u00e0 un design \u00e9l\u00e9gant et classique. La tige en cuir et textile offre une durabilit\u00e9, une ventilation et un ajustement confortable, tandis que la semelle amortissante procure de la douceur pendant la conduite. La combinaison contrast\u00e9e de noir et de blanc rend le mod\u00e8le polyvalent pour un usage quotidien et un style de vie actif. Nike Pro Black \/ White est un choix fiable pour le style, le confort et la qualit\u00e9.<\/p>\n","protected":false},"featured_media":852972,"comment_status":"open","ping_status":"open","template":"","meta":[],"product_brand":[],"product_cat":[3212,3213],"product_tag":[],"class_list":{"0":"post-852971","1":"product","2":"type-product","3":"status-publish","4":"has-post-thumbnail","6":"product_cat-all-product","7":"product_cat-krosivky","8":"pa_rozmir-910","9":"pa_rozmir-912","10":"pa_rozmir-914","11":"pa_rozmir-915","12":"pa_rozmir-916","13":"pa_rozmir-917","14":"pa_rozmir-918","15":"pa_rozmir-919","16":"pa_rozmir-920","17":"pa_rozmir-921","18":"pa_rozmir-922","20":"first","21":"instock","22":"purchasable","23":"product-type-variable"},"_links":{"self":[{"href":"https:\/\/nextsnkr.com\/fr\/wp-json\/wp\/v2\/product\/852971","targetHints":{"allow":["GET"]}}],"collection":[{"href":"https:\/\/nextsnkr.com\/fr\/wp-json\/wp\/v2\/product"}],"about":[{"href":"https:\/\/nextsnkr.com\/fr\/wp-json\/wp\/v2\/types\/product"}],"replies":[{"embeddable":true,"href":"https:\/\/nextsnkr.com\/fr\/wp-json\/wp\/v2\/comments?post=852971"}],"version-history":[{"count":0,"href":"https:\/\/nextsnkr.com\/fr\/wp-json\/wp\/v2\/product\/852971\/revisions"}],"wp:featuredmedia":[{"embeddable":true,"href":"https:\/\/nextsnkr.com\/fr\/wp-json\/wp\/v2\/media\/852972"}],"wp:attachment":[{"href":"https:\/\/nextsnkr.com\/fr\/wp-json\/wp\/v2\/media?parent=852971"}],"wp:term":[{"taxonomy":"product_brand","embeddable":true,"href":"https:\/\/nextsnkr.com\/fr\/wp-json\/wp\/v2\/product_brand?post=852971"},{"taxonomy":"product_cat","embeddable":true,"href":"https:\/\/nextsnkr.com\/fr\/wp-json\/wp\/v2\/product_cat?post=852971"},{"taxonomy":"product_tag","embeddable":true,"href":"https:\/\/nextsnkr.com\/fr\/wp-json\/wp\/v2\/product_tag?post=852971"}],"curies":[{"name":"wp","href":"https:\/\/api.w.org\/{rel}","templated":true}]}}