{"id":852801,"date":"2025-06-11T23:04:31","date_gmt":"2025-06-11T20:04:31","guid":{"rendered":"https:\/\/nextsnkr.com\/product\/air-max-tn-black\/"},"modified":"2026-01-31T19:35:33","modified_gmt":"2026-01-31T16:35:33","slug":"air-max-tn-black","status":"publish","type":"product","link":"https:\/\/nextsnkr.com\/fr\/produit\/air-max-tn-black\/","title":{"rendered":"Baskets Air Max TN Black-baskets noires en cuir et en textile"},"content":{"rendered":"<h2>Baskets Air Max TN Black-baskets noires en cuir et en textile<\/h2>\n<p>Les baskets Air Max TN Black allient design l\u00e9gendaire et confort pour un port quotidien. La tige en cuir et textile offre une durabilit\u00e9, une ventilation et un ajustement confortable, tandis que la semelle amortissante Air Max apporte douceur et soutien pendant la marche ou la course. La couleur noire rend le mod\u00e8le polyvalent et facile \u00e0 assortir avec n&rsquo;importe quel style de v\u00eatements. Air Max TN Black est un choix fiable pour une vie urbaine active et \u00e9l\u00e9gante.<\/p>\n","protected":false},"excerpt":{"rendered":"<p>Les baskets Air Max TN Black allient design l\u00e9gendaire et confort pour un port quotidien. La tige en cuir et textile offre une durabilit\u00e9, une ventilation et un ajustement confortable, tandis que la semelle amortissante Air Max apporte douceur et soutien pendant la marche ou la course. La couleur noire rend le mod\u00e8le polyvalent et facile \u00e0 assortir avec n&rsquo;importe quel style de v\u00eatements. Air Max TN Black est un choix fiable pour une vie urbaine active et \u00e9l\u00e9gante.<\/p>\n","protected":false},"featured_media":852802,"comment_status":"open","ping_status":"open","template":"","meta":[],"product_brand":[],"product_cat":[3212,3213],"product_tag":[],"class_list":{"0":"post-852801","1":"product","2":"type-product","3":"status-publish","4":"has-post-thumbnail","6":"product_cat-all-product","7":"product_cat-krosivky","8":"pa_rozmir-910","9":"pa_rozmir-912","10":"pa_rozmir-914","11":"pa_rozmir-915","12":"pa_rozmir-916","13":"pa_rozmir-917","14":"pa_rozmir-918","15":"pa_rozmir-919","16":"pa_rozmir-920","17":"pa_rozmir-921","18":"pa_rozmir-922","20":"first","21":"onbackorder","22":"purchasable","23":"product-type-variable"},"_links":{"self":[{"href":"https:\/\/nextsnkr.com\/fr\/wp-json\/wp\/v2\/product\/852801","targetHints":{"allow":["GET"]}}],"collection":[{"href":"https:\/\/nextsnkr.com\/fr\/wp-json\/wp\/v2\/product"}],"about":[{"href":"https:\/\/nextsnkr.com\/fr\/wp-json\/wp\/v2\/types\/product"}],"replies":[{"embeddable":true,"href":"https:\/\/nextsnkr.com\/fr\/wp-json\/wp\/v2\/comments?post=852801"}],"version-history":[{"count":0,"href":"https:\/\/nextsnkr.com\/fr\/wp-json\/wp\/v2\/product\/852801\/revisions"}],"wp:featuredmedia":[{"embeddable":true,"href":"https:\/\/nextsnkr.com\/fr\/wp-json\/wp\/v2\/media\/852802"}],"wp:attachment":[{"href":"https:\/\/nextsnkr.com\/fr\/wp-json\/wp\/v2\/media?parent=852801"}],"wp:term":[{"taxonomy":"product_brand","embeddable":true,"href":"https:\/\/nextsnkr.com\/fr\/wp-json\/wp\/v2\/product_brand?post=852801"},{"taxonomy":"product_cat","embeddable":true,"href":"https:\/\/nextsnkr.com\/fr\/wp-json\/wp\/v2\/product_cat?post=852801"},{"taxonomy":"product_tag","embeddable":true,"href":"https:\/\/nextsnkr.com\/fr\/wp-json\/wp\/v2\/product_tag?post=852801"}],"curies":[{"name":"wp","href":"https:\/\/api.w.org\/{rel}","templated":true}]}}