{"id":849398,"date":"2025-06-11T23:22:06","date_gmt":"2025-06-11T20:22:06","guid":{"rendered":"https:\/\/nextsnkr.com\/product\/black-white\/"},"modified":"2026-01-31T19:33:41","modified_gmt":"2026-01-31T16:33:41","slug":"black-white","status":"publish","type":"product","link":"https:\/\/nextsnkr.com\/fr\/produit\/black-white\/","title":{"rendered":"Baskets noir \/ blanc-cuir \u00e9l\u00e9gant pour un usage quotidien"},"content":{"rendered":"<h2>Baskets noir \/ blanc-cuir \u00e9l\u00e9gant pour un usage quotidien<\/h2>\n<p>Les baskets Black \/ White de la marque Cali sont fabriqu\u00e9es en cuir de haute qualit\u00e9, ce qui garantit confort et durabilit\u00e9. Le mod\u00e8le combine le design noir et blanc classique avec la praticit\u00e9 pour un usage quotidien. L\u00e9gers, \u00e9l\u00e9gants et polyvalents, ces baskets accentueront un look moderne et feront partie int\u00e9grante de votre garde-robe.<\/p>\n","protected":false},"excerpt":{"rendered":"<p>Les baskets Black \/ White de la marque Cali sont fabriqu\u00e9es en cuir de haute qualit\u00e9, ce qui garantit confort et durabilit\u00e9. Le mod\u00e8le combine le design noir et blanc classique avec la praticit\u00e9 pour un usage quotidien. L\u00e9gers, \u00e9l\u00e9gants et polyvalents, ces baskets accentueront un look moderne et feront partie int\u00e9grante de votre garde-robe.<\/p>\n","protected":false},"featured_media":849399,"comment_status":"open","ping_status":"open","template":"","meta":[],"product_brand":[],"product_cat":[3212,3319],"product_tag":[],"class_list":{"0":"post-849398","1":"product","2":"type-product","3":"status-publish","4":"has-post-thumbnail","6":"product_cat-all-product","7":"product_cat-kedy","8":"pa_rozmir-910","9":"pa_rozmir-912","10":"pa_rozmir-914","11":"pa_rozmir-915","12":"pa_rozmir-916","13":"pa_rozmir-917","14":"pa_rozmir-918","15":"pa_rozmir-919","16":"pa_rozmir-920","17":"pa_rozmir-921","18":"pa_rozmir-922","20":"first","21":"instock","22":"purchasable","23":"product-type-variable"},"_links":{"self":[{"href":"https:\/\/nextsnkr.com\/fr\/wp-json\/wp\/v2\/product\/849398","targetHints":{"allow":["GET"]}}],"collection":[{"href":"https:\/\/nextsnkr.com\/fr\/wp-json\/wp\/v2\/product"}],"about":[{"href":"https:\/\/nextsnkr.com\/fr\/wp-json\/wp\/v2\/types\/product"}],"replies":[{"embeddable":true,"href":"https:\/\/nextsnkr.com\/fr\/wp-json\/wp\/v2\/comments?post=849398"}],"version-history":[{"count":0,"href":"https:\/\/nextsnkr.com\/fr\/wp-json\/wp\/v2\/product\/849398\/revisions"}],"wp:featuredmedia":[{"embeddable":true,"href":"https:\/\/nextsnkr.com\/fr\/wp-json\/wp\/v2\/media\/849399"}],"wp:attachment":[{"href":"https:\/\/nextsnkr.com\/fr\/wp-json\/wp\/v2\/media?parent=849398"}],"wp:term":[{"taxonomy":"product_brand","embeddable":true,"href":"https:\/\/nextsnkr.com\/fr\/wp-json\/wp\/v2\/product_brand?post=849398"},{"taxonomy":"product_cat","embeddable":true,"href":"https:\/\/nextsnkr.com\/fr\/wp-json\/wp\/v2\/product_cat?post=849398"},{"taxonomy":"product_tag","embeddable":true,"href":"https:\/\/nextsnkr.com\/fr\/wp-json\/wp\/v2\/product_tag?post=849398"}],"curies":[{"name":"wp","href":"https:\/\/api.w.org\/{rel}","templated":true}]}}