{"id":848889,"date":"2025-06-11T23:23:23","date_gmt":"2025-06-11T20:23:23","guid":{"rendered":"https:\/\/nextsnkr.com\/product\/miu-miu-white-sneakers\/"},"modified":"2026-01-31T19:33:27","modified_gmt":"2026-01-31T16:33:27","slug":"miu-miu-white-sneakers","status":"publish","type":"product","link":"https:\/\/nextsnkr.com\/fr\/produit\/miu-miu-white-sneakers\/","title":{"rendered":"Baskets Miu Miu White Sneakers-cuir \u00e9l\u00e9gant pour un usage quotidien"},"content":{"rendered":"<h2>Baskets Miu Miu White Sneakers-cuir \u00e9l\u00e9gant pour un usage quotidien<\/h2>\n<p>Les baskets Miu Miu White Sneakers sont fabriqu\u00e9es en cuir de haute qualit\u00e9 pour un confort, une durabilit\u00e9 et un look \u00e9l\u00e9gant. Leur design blanc est polyvalent et se Marie facilement avec n&rsquo;importe quel style, du quotidien au sportif. Id\u00e9ales pour un usage quotidien, ces baskets combinent la qualit\u00e9 Premium de la marque Miu Miu et un look moderne et tendance, soulignant votre style et votre personnalit\u00e9.<\/p>\n","protected":false},"excerpt":{"rendered":"<p>Les baskets Miu Miu White Sneakers sont fabriqu\u00e9es en cuir de haute qualit\u00e9 pour un confort, une durabilit\u00e9 et un look \u00e9l\u00e9gant. Leur design blanc est polyvalent et se Marie facilement avec n&rsquo;importe quel style, du quotidien au sportif. Id\u00e9ales pour un usage quotidien, ces baskets combinent la qualit\u00e9 Premium de la marque Miu Miu et un look moderne et tendance, soulignant votre style et votre personnalit\u00e9.<\/p>\n","protected":false},"featured_media":848890,"comment_status":"open","ping_status":"open","template":"","meta":[],"product_brand":[],"product_cat":[3212,3213],"product_tag":[],"class_list":{"0":"post-848889","1":"product","2":"type-product","3":"status-publish","4":"has-post-thumbnail","6":"product_cat-all-product","7":"product_cat-krosivky","8":"pa_rozmir-910","9":"pa_rozmir-912","10":"pa_rozmir-914","11":"pa_rozmir-915","12":"pa_rozmir-916","13":"pa_rozmir-917","14":"pa_rozmir-918","15":"pa_rozmir-919","16":"pa_rozmir-920","17":"pa_rozmir-921","18":"pa_rozmir-922","20":"first","21":"onbackorder","22":"purchasable","23":"product-type-variable"},"_links":{"self":[{"href":"https:\/\/nextsnkr.com\/fr\/wp-json\/wp\/v2\/product\/848889","targetHints":{"allow":["GET"]}}],"collection":[{"href":"https:\/\/nextsnkr.com\/fr\/wp-json\/wp\/v2\/product"}],"about":[{"href":"https:\/\/nextsnkr.com\/fr\/wp-json\/wp\/v2\/types\/product"}],"replies":[{"embeddable":true,"href":"https:\/\/nextsnkr.com\/fr\/wp-json\/wp\/v2\/comments?post=848889"}],"version-history":[{"count":0,"href":"https:\/\/nextsnkr.com\/fr\/wp-json\/wp\/v2\/product\/848889\/revisions"}],"wp:featuredmedia":[{"embeddable":true,"href":"https:\/\/nextsnkr.com\/fr\/wp-json\/wp\/v2\/media\/848890"}],"wp:attachment":[{"href":"https:\/\/nextsnkr.com\/fr\/wp-json\/wp\/v2\/media?parent=848889"}],"wp:term":[{"taxonomy":"product_brand","embeddable":true,"href":"https:\/\/nextsnkr.com\/fr\/wp-json\/wp\/v2\/product_brand?post=848889"},{"taxonomy":"product_cat","embeddable":true,"href":"https:\/\/nextsnkr.com\/fr\/wp-json\/wp\/v2\/product_cat?post=848889"},{"taxonomy":"product_tag","embeddable":true,"href":"https:\/\/nextsnkr.com\/fr\/wp-json\/wp\/v2\/product_tag?post=848889"}],"curies":[{"name":"wp","href":"https:\/\/api.w.org\/{rel}","templated":true}]}}