{"id":847361,"date":"2025-06-11T23:26:52","date_gmt":"2025-06-11T20:26:52","guid":{"rendered":"https:\/\/nextsnkr.com\/product\/off-white-odsy\/"},"modified":"2026-01-31T19:32:32","modified_gmt":"2026-01-31T16:32:32","slug":"off-white-odsy","status":"publish","type":"product","link":"https:\/\/nextsnkr.com\/fr\/produit\/off-white-odsy\/","title":{"rendered":"Baskets Veja Campo Chromefree-baskets \u00e9l\u00e9gantes pour femmes en cuir v\u00e9ritable"},"content":{"rendered":"<h2>Baskets Veja Campo Chromefree-baskets \u00e9l\u00e9gantes pour femmes en cuir v\u00e9ritable<\/h2>\n<p>Les baskets Veja Campo Chromefree sont fabriqu\u00e9es \u00e0 partir de cuir v\u00e9ritable Chromefree De haute qualit\u00e9, respectueux de l&rsquo;environnement, doux et durable. Le design \u00e9pur\u00e9 et le style minimaliste rendent le mod\u00e8le polyvalent pour un port quotidien. Les baskets offrent un confort, une bonne ventilation et se marient parfaitement avec les images de tous les jours. Choisissez Veja Campo, une combinaison de design moderne, d&rsquo;\u00e9co-principes et d&rsquo;une qualit\u00e9 irr\u00e9prochable.<\/p>\n","protected":false},"excerpt":{"rendered":"<p>Les baskets Veja Campo Chromefree sont fabriqu\u00e9es \u00e0 partir de cuir v\u00e9ritable Chromefree De haute qualit\u00e9, respectueux de l&rsquo;environnement, doux et durable. Le design \u00e9pur\u00e9 et le style minimaliste rendent le mod\u00e8le polyvalent pour un port quotidien. Les baskets offrent un confort, une bonne ventilation et se marient parfaitement avec les images de tous les jours. Choisissez Veja Campo, une combinaison de design moderne, d&rsquo;\u00e9co-principes et d&rsquo;une qualit\u00e9 irr\u00e9prochable.<\/p>\n","protected":false},"featured_media":847362,"comment_status":"open","ping_status":"open","template":"","meta":[],"product_brand":[],"product_cat":[3212,3213],"product_tag":[],"class_list":{"0":"post-847361","1":"product","2":"type-product","3":"status-publish","4":"has-post-thumbnail","6":"product_cat-all-product","7":"product_cat-krosivky","8":"pa_rozmir-910","9":"pa_rozmir-912","10":"pa_rozmir-914","11":"pa_rozmir-915","12":"pa_rozmir-916","13":"pa_rozmir-917","14":"pa_rozmir-918","15":"pa_rozmir-919","16":"pa_rozmir-920","17":"pa_rozmir-921","18":"pa_rozmir-922","20":"first","21":"onbackorder","22":"purchasable","23":"product-type-variable"},"_links":{"self":[{"href":"https:\/\/nextsnkr.com\/fr\/wp-json\/wp\/v2\/product\/847361","targetHints":{"allow":["GET"]}}],"collection":[{"href":"https:\/\/nextsnkr.com\/fr\/wp-json\/wp\/v2\/product"}],"about":[{"href":"https:\/\/nextsnkr.com\/fr\/wp-json\/wp\/v2\/types\/product"}],"replies":[{"embeddable":true,"href":"https:\/\/nextsnkr.com\/fr\/wp-json\/wp\/v2\/comments?post=847361"}],"version-history":[{"count":0,"href":"https:\/\/nextsnkr.com\/fr\/wp-json\/wp\/v2\/product\/847361\/revisions"}],"wp:featuredmedia":[{"embeddable":true,"href":"https:\/\/nextsnkr.com\/fr\/wp-json\/wp\/v2\/media\/847362"}],"wp:attachment":[{"href":"https:\/\/nextsnkr.com\/fr\/wp-json\/wp\/v2\/media?parent=847361"}],"wp:term":[{"taxonomy":"product_brand","embeddable":true,"href":"https:\/\/nextsnkr.com\/fr\/wp-json\/wp\/v2\/product_brand?post=847361"},{"taxonomy":"product_cat","embeddable":true,"href":"https:\/\/nextsnkr.com\/fr\/wp-json\/wp\/v2\/product_cat?post=847361"},{"taxonomy":"product_tag","embeddable":true,"href":"https:\/\/nextsnkr.com\/fr\/wp-json\/wp\/v2\/product_tag?post=847361"}],"curies":[{"name":"wp","href":"https:\/\/api.w.org\/{rel}","templated":true}]}}