{"id":845157,"date":"2025-06-12T08:37:56","date_gmt":"2025-06-12T05:37:56","guid":{"rendered":"https:\/\/nextsnkr.com\/product\/350-black-reflective\/"},"modified":"2026-01-31T19:31:23","modified_gmt":"2026-01-31T16:31:23","slug":"350-black-reflective","status":"publish","type":"product","link":"https:\/\/nextsnkr.com\/fr\/produit\/350-black-reflective\/","title":{"rendered":"Baskets 350 Black Reflective textile pour le style actif"},"content":{"rendered":"<h2>Baskets 350 Black Reflective textile pour le style actif<\/h2>\n<p>Les baskets \u00e9l\u00e9gantes 350 Black Reflective sont fabriqu\u00e9es \u00e0 partir de Textiles de haute qualit\u00e9 avec une surface r\u00e9fl\u00e9chissante compl\u00e8te. Id\u00e9al pour une utilisation quotidienne active et des sorties sportives. L\u00e9ger, confortable et clairement visible en basse lumi\u00e8re. Achetez des baskets de qualit\u00e9 d&rsquo;un Fabricant \u00e9prouv\u00e9 aujourd&rsquo;hui et mettez l&rsquo;accent sur votre style.<\/p>\n","protected":false},"excerpt":{"rendered":"<p>Les baskets \u00e9l\u00e9gantes 350 Black Reflective sont fabriqu\u00e9es \u00e0 partir de Textiles de haute qualit\u00e9 avec une surface r\u00e9fl\u00e9chissante compl\u00e8te. Id\u00e9al pour une utilisation quotidienne active et des sorties sportives. L\u00e9ger, confortable et clairement visible en basse lumi\u00e8re. Achetez des baskets de qualit\u00e9 d&rsquo;un Fabricant \u00e9prouv\u00e9 aujourd&rsquo;hui et mettez l&rsquo;accent sur votre style.<\/p>\n","protected":false},"featured_media":845158,"comment_status":"open","ping_status":"open","template":"","meta":[],"product_brand":[],"product_cat":[3212,3213],"product_tag":[],"class_list":{"0":"post-845157","1":"product","2":"type-product","3":"status-publish","4":"has-post-thumbnail","6":"product_cat-all-product","7":"product_cat-krosivky","8":"pa_rozmir-910","9":"pa_rozmir-912","10":"pa_rozmir-914","11":"pa_rozmir-915","12":"pa_rozmir-916","13":"pa_rozmir-917","14":"pa_rozmir-918","15":"pa_rozmir-919","16":"pa_rozmir-920","17":"pa_rozmir-921","18":"pa_rozmir-922","20":"first","21":"onbackorder","22":"purchasable","23":"product-type-variable"},"_links":{"self":[{"href":"https:\/\/nextsnkr.com\/fr\/wp-json\/wp\/v2\/product\/845157","targetHints":{"allow":["GET"]}}],"collection":[{"href":"https:\/\/nextsnkr.com\/fr\/wp-json\/wp\/v2\/product"}],"about":[{"href":"https:\/\/nextsnkr.com\/fr\/wp-json\/wp\/v2\/types\/product"}],"replies":[{"embeddable":true,"href":"https:\/\/nextsnkr.com\/fr\/wp-json\/wp\/v2\/comments?post=845157"}],"version-history":[{"count":0,"href":"https:\/\/nextsnkr.com\/fr\/wp-json\/wp\/v2\/product\/845157\/revisions"}],"wp:featuredmedia":[{"embeddable":true,"href":"https:\/\/nextsnkr.com\/fr\/wp-json\/wp\/v2\/media\/845158"}],"wp:attachment":[{"href":"https:\/\/nextsnkr.com\/fr\/wp-json\/wp\/v2\/media?parent=845157"}],"wp:term":[{"taxonomy":"product_brand","embeddable":true,"href":"https:\/\/nextsnkr.com\/fr\/wp-json\/wp\/v2\/product_brand?post=845157"},{"taxonomy":"product_cat","embeddable":true,"href":"https:\/\/nextsnkr.com\/fr\/wp-json\/wp\/v2\/product_cat?post=845157"},{"taxonomy":"product_tag","embeddable":true,"href":"https:\/\/nextsnkr.com\/fr\/wp-json\/wp\/v2\/product_tag?post=845157"}],"curies":[{"name":"wp","href":"https:\/\/api.w.org\/{rel}","templated":true}]}}