{"id":843121,"date":"2025-06-12T08:43:45","date_gmt":"2025-06-12T05:43:45","guid":{"rendered":"https:\/\/nextsnkr.com\/product\/samba-x-wales-bonner-pony-scales\/"},"modified":"2026-01-31T19:30:08","modified_gmt":"2026-01-31T16:30:08","slug":"samba-x-wales-bonner-pony-scales","status":"publish","type":"product","link":"https:\/\/nextsnkr.com\/fr\/produit\/samba-x-wales-bonner-pony-scales\/","title":{"rendered":"Baskets Samba x Wales Bonner Pony \u00ab\u00a0Scales\u00a0\u00bb en cuir pour un look \u00e9l\u00e9gant"},"content":{"rendered":"<h2>Baskets Samba x Wales Bonner Pony \u00ab\u00a0Scales\u00a0\u00bb en cuir pour un look \u00e9l\u00e9gant<\/h2>\n<p>Les baskets Samba x Wales Bonner Pony \u00ab\u00a0Scales\u00a0\u00bb sont fabriqu\u00e9es en cuir de haute qualit\u00e9 au Vietnam. Le design \u00e9l\u00e9gant avec l&rsquo;impression \u00abScales \u00a0\u00bb met l&rsquo;accent sur l&rsquo;individualit\u00e9 et le look moderne. L\u00e9gers et confortables, ils offrent un confort lors d&rsquo;un usage quotidien et d&rsquo;un repos actif. Choisissez les baskets Samba x Wales Bonner Pony \u00ab\u00a0Scales\u00a0\u00bb pour combiner mode, qualit\u00e9 et style unique dans votre garde-robe.<\/p>\n","protected":false},"excerpt":{"rendered":"<p>Les baskets Samba x Wales Bonner Pony \u00ab\u00a0Scales\u00a0\u00bb sont fabriqu\u00e9es en cuir de haute qualit\u00e9 au Vietnam. Le design \u00e9l\u00e9gant avec l&rsquo;impression \u00abScales \u00a0\u00bb met l&rsquo;accent sur l&rsquo;individualit\u00e9 et le look moderne. L\u00e9gers et confortables, ils offrent un confort lors d&rsquo;un usage quotidien et d&rsquo;un repos actif. Choisissez les baskets Samba x Wales Bonner Pony \u00ab\u00a0Scales\u00a0\u00bb pour combiner mode, qualit\u00e9 et style unique dans votre garde-robe.<\/p>\n","protected":false},"featured_media":843122,"comment_status":"open","ping_status":"open","template":"","meta":[],"product_brand":[],"product_cat":[3212,3319],"product_tag":[],"class_list":{"0":"post-843121","1":"product","2":"type-product","3":"status-publish","4":"has-post-thumbnail","6":"product_cat-all-product","7":"product_cat-kedy","8":"pa_rozmir-910","9":"pa_rozmir-912","10":"pa_rozmir-914","11":"pa_rozmir-915","12":"pa_rozmir-916","13":"pa_rozmir-917","14":"pa_rozmir-918","15":"pa_rozmir-919","16":"pa_rozmir-920","17":"pa_rozmir-921","18":"pa_rozmir-922","20":"first","21":"instock","22":"purchasable","23":"product-type-variable"},"_links":{"self":[{"href":"https:\/\/nextsnkr.com\/fr\/wp-json\/wp\/v2\/product\/843121","targetHints":{"allow":["GET"]}}],"collection":[{"href":"https:\/\/nextsnkr.com\/fr\/wp-json\/wp\/v2\/product"}],"about":[{"href":"https:\/\/nextsnkr.com\/fr\/wp-json\/wp\/v2\/types\/product"}],"replies":[{"embeddable":true,"href":"https:\/\/nextsnkr.com\/fr\/wp-json\/wp\/v2\/comments?post=843121"}],"version-history":[{"count":0,"href":"https:\/\/nextsnkr.com\/fr\/wp-json\/wp\/v2\/product\/843121\/revisions"}],"wp:featuredmedia":[{"embeddable":true,"href":"https:\/\/nextsnkr.com\/fr\/wp-json\/wp\/v2\/media\/843122"}],"wp:attachment":[{"href":"https:\/\/nextsnkr.com\/fr\/wp-json\/wp\/v2\/media?parent=843121"}],"wp:term":[{"taxonomy":"product_brand","embeddable":true,"href":"https:\/\/nextsnkr.com\/fr\/wp-json\/wp\/v2\/product_brand?post=843121"},{"taxonomy":"product_cat","embeddable":true,"href":"https:\/\/nextsnkr.com\/fr\/wp-json\/wp\/v2\/product_cat?post=843121"},{"taxonomy":"product_tag","embeddable":true,"href":"https:\/\/nextsnkr.com\/fr\/wp-json\/wp\/v2\/product_tag?post=843121"}],"curies":[{"name":"wp","href":"https:\/\/api.w.org\/{rel}","templated":true}]}}