{"id":842781,"date":"2025-06-12T08:44:44","date_gmt":"2025-06-12T05:44:44","guid":{"rendered":"https:\/\/nextsnkr.com\/product\/handball-spezial-pink\/"},"modified":"2026-01-31T19:29:58","modified_gmt":"2026-01-31T16:29:58","slug":"handball-spezial-pink","status":"publish","type":"product","link":"https:\/\/nextsnkr.com\/fr\/produit\/handball-spezial-pink\/","title":{"rendered":"Baskets Handball Spezial Pink en daim pour un look lumineux et \u00e9l\u00e9gant"},"content":{"rendered":"<h2>Baskets Handball Spezial Pink en daim pour un look lumineux et \u00e9l\u00e9gant<\/h2>\n<p>Les baskets Handball Spezial Pink sont fabriqu\u00e9es en daim de haute qualit\u00e9 au Vietnam. L\u00e9gers et confortables, ils offrent un confort lors d&rsquo;un usage quotidien et d&rsquo;un repos actif. La couleur rose vif accentue la personnalit\u00e9 et ajoute de l&rsquo;originalit\u00e9 \u00e0 votre look. Choisissez des baskets Handball Spezial Pink pour combiner design \u00e0 la mode, qualit\u00e9 et praticit\u00e9 dans votre garde-robe.<\/p>\n","protected":false},"excerpt":{"rendered":"<p>Les baskets Handball Spezial Pink sont fabriqu\u00e9es en daim de haute qualit\u00e9 au Vietnam. L\u00e9gers et confortables, ils offrent un confort lors d&rsquo;un usage quotidien et d&rsquo;un repos actif. La couleur rose vif accentue la personnalit\u00e9 et ajoute de l&rsquo;originalit\u00e9 \u00e0 votre look. Choisissez des baskets Handball Spezial Pink pour combiner design \u00e0 la mode, qualit\u00e9 et praticit\u00e9 dans votre garde-robe.<\/p>\n","protected":false},"featured_media":842782,"comment_status":"open","ping_status":"open","template":"","meta":[],"product_brand":[],"product_cat":[3212,3319],"product_tag":[],"class_list":{"0":"post-842781","1":"product","2":"type-product","3":"status-publish","4":"has-post-thumbnail","6":"product_cat-all-product","7":"product_cat-kedy","8":"pa_rozmir-910","9":"pa_rozmir-912","10":"pa_rozmir-914","11":"pa_rozmir-915","12":"pa_rozmir-916","13":"pa_rozmir-917","14":"pa_rozmir-918","15":"pa_rozmir-919","16":"pa_rozmir-920","17":"pa_rozmir-921","18":"pa_rozmir-922","20":"first","21":"instock","22":"purchasable","23":"product-type-variable"},"_links":{"self":[{"href":"https:\/\/nextsnkr.com\/fr\/wp-json\/wp\/v2\/product\/842781","targetHints":{"allow":["GET"]}}],"collection":[{"href":"https:\/\/nextsnkr.com\/fr\/wp-json\/wp\/v2\/product"}],"about":[{"href":"https:\/\/nextsnkr.com\/fr\/wp-json\/wp\/v2\/types\/product"}],"replies":[{"embeddable":true,"href":"https:\/\/nextsnkr.com\/fr\/wp-json\/wp\/v2\/comments?post=842781"}],"version-history":[{"count":0,"href":"https:\/\/nextsnkr.com\/fr\/wp-json\/wp\/v2\/product\/842781\/revisions"}],"wp:featuredmedia":[{"embeddable":true,"href":"https:\/\/nextsnkr.com\/fr\/wp-json\/wp\/v2\/media\/842782"}],"wp:attachment":[{"href":"https:\/\/nextsnkr.com\/fr\/wp-json\/wp\/v2\/media?parent=842781"}],"wp:term":[{"taxonomy":"product_brand","embeddable":true,"href":"https:\/\/nextsnkr.com\/fr\/wp-json\/wp\/v2\/product_brand?post=842781"},{"taxonomy":"product_cat","embeddable":true,"href":"https:\/\/nextsnkr.com\/fr\/wp-json\/wp\/v2\/product_cat?post=842781"},{"taxonomy":"product_tag","embeddable":true,"href":"https:\/\/nextsnkr.com\/fr\/wp-json\/wp\/v2\/product_tag?post=842781"}],"curies":[{"name":"wp","href":"https:\/\/api.w.org\/{rel}","templated":true}]}}