{"id":842272,"date":"2025-06-12T08:46:41","date_gmt":"2025-06-12T05:46:41","guid":{"rendered":"https:\/\/nextsnkr.com\/product\/adidas-samba-wales-bonner-silver-metallic\/"},"modified":"2026-01-31T19:29:45","modified_gmt":"2026-01-31T16:29:45","slug":"adidas-samba-wales-bonner-silver-metallic","status":"publish","type":"product","link":"https:\/\/nextsnkr.com\/fr\/produit\/adidas-samba-wales-bonner-silver-metallic\/","title":{"rendered":"Baskets en cuir Adidas Samba Wales Bonner Silver Metallic \u00e9l\u00e9gantes"},"content":{"rendered":"<h2>Baskets en cuir Adidas Samba Wales Bonner Silver Metallic \u00e9l\u00e9gantes<\/h2>\n<p>Les baskets Adidas Samba Wales Bonner \u00ab\u00a0Silver Metallic\u00a0\u00bb sont fabriqu\u00e9es en cuir de haute qualit\u00e9 au Vietnam. L\u00e9gers et confortables, ils sont parfaits pour un usage quotidien et des activit\u00e9s de plein air. La teinte m\u00e9tallique argent\u00e9e \u00e9l\u00e9gante met l&rsquo;accent sur la personnalit\u00e9 et le design moderne. Choisissez les baskets Adidas Samba Wales Bonner Silver Metallic pour une combinaison de mode, de confort et de haute qualit\u00e9 dans votre garde-robe.<\/p>\n","protected":false},"excerpt":{"rendered":"<p>Les baskets Adidas Samba Wales Bonner \u00ab\u00a0Silver Metallic\u00a0\u00bb sont fabriqu\u00e9es en cuir de haute qualit\u00e9 au Vietnam. L\u00e9gers et confortables, ils sont parfaits pour un usage quotidien et des activit\u00e9s de plein air. La teinte m\u00e9tallique argent\u00e9e \u00e9l\u00e9gante met l&rsquo;accent sur la personnalit\u00e9 et le design moderne. Choisissez les baskets Adidas Samba Wales Bonner Silver Metallic pour une combinaison de mode, de confort et de haute qualit\u00e9 dans votre garde-robe.<\/p>\n","protected":false},"featured_media":842273,"comment_status":"open","ping_status":"open","template":"","meta":[],"product_brand":[],"product_cat":[3212,3319],"product_tag":[],"class_list":{"0":"post-842272","1":"product","2":"type-product","3":"status-publish","4":"has-post-thumbnail","6":"product_cat-all-product","7":"product_cat-kedy","8":"pa_rozmir-910","9":"pa_rozmir-912","10":"pa_rozmir-914","11":"pa_rozmir-915","12":"pa_rozmir-916","13":"pa_rozmir-917","14":"pa_rozmir-918","15":"pa_rozmir-919","16":"pa_rozmir-920","17":"pa_rozmir-921","18":"pa_rozmir-922","20":"first","21":"instock","22":"purchasable","23":"product-type-variable"},"_links":{"self":[{"href":"https:\/\/nextsnkr.com\/fr\/wp-json\/wp\/v2\/product\/842272","targetHints":{"allow":["GET"]}}],"collection":[{"href":"https:\/\/nextsnkr.com\/fr\/wp-json\/wp\/v2\/product"}],"about":[{"href":"https:\/\/nextsnkr.com\/fr\/wp-json\/wp\/v2\/types\/product"}],"replies":[{"embeddable":true,"href":"https:\/\/nextsnkr.com\/fr\/wp-json\/wp\/v2\/comments?post=842272"}],"version-history":[{"count":0,"href":"https:\/\/nextsnkr.com\/fr\/wp-json\/wp\/v2\/product\/842272\/revisions"}],"wp:featuredmedia":[{"embeddable":true,"href":"https:\/\/nextsnkr.com\/fr\/wp-json\/wp\/v2\/media\/842273"}],"wp:attachment":[{"href":"https:\/\/nextsnkr.com\/fr\/wp-json\/wp\/v2\/media?parent=842272"}],"wp:term":[{"taxonomy":"product_brand","embeddable":true,"href":"https:\/\/nextsnkr.com\/fr\/wp-json\/wp\/v2\/product_brand?post=842272"},{"taxonomy":"product_cat","embeddable":true,"href":"https:\/\/nextsnkr.com\/fr\/wp-json\/wp\/v2\/product_cat?post=842272"},{"taxonomy":"product_tag","embeddable":true,"href":"https:\/\/nextsnkr.com\/fr\/wp-json\/wp\/v2\/product_tag?post=842272"}],"curies":[{"name":"wp","href":"https:\/\/api.w.org\/{rel}","templated":true}]}}