{"id":841933,"date":"2025-06-12T08:47:23","date_gmt":"2025-06-12T05:47:23","guid":{"rendered":"https:\/\/nextsnkr.com\/product\/samba-og-green-grey\/"},"modified":"2026-01-31T19:29:36","modified_gmt":"2026-01-31T16:29:36","slug":"samba-og-green-grey","status":"publish","type":"product","link":"https:\/\/nextsnkr.com\/fr\/produit\/samba-og-green-grey\/","title":{"rendered":"Baskets Samba og Green \/ Grey en daim pour un port \u00e9l\u00e9gant et confortable"},"content":{"rendered":"<h2>Baskets Samba og Green \/ Grey en daim pour un port \u00e9l\u00e9gant et confortable<\/h2>\n<p>Les baskets Samba og Green \/ Grey sont fabriqu\u00e9es en daim de haute qualit\u00e9 au Vietnam. L\u00e9gers et confortables, ils sont parfaits pour un usage quotidien et des activit\u00e9s de plein air. La combinaison du vert et du gris ajoute \u00e0 l&rsquo;image de la modernit\u00e9 et de la personnalit\u00e9. Choisissez les baskets Samba og Green \/ Grey pour une combinaison de design \u00e0 la mode, de haute qualit\u00e9 et de confort dans votre garde-robe.<\/p>\n","protected":false},"excerpt":{"rendered":"<p>Les baskets Samba og Green \/ Grey sont fabriqu\u00e9es en daim de haute qualit\u00e9 au Vietnam. L\u00e9gers et confortables, ils sont parfaits pour un usage quotidien et des activit\u00e9s de plein air. La combinaison du vert et du gris ajoute \u00e0 l&rsquo;image de la modernit\u00e9 et de la personnalit\u00e9. Choisissez les baskets Samba og Green \/ Grey pour une combinaison de design \u00e0 la mode, de haute qualit\u00e9 et de confort dans votre garde-robe.<\/p>\n","protected":false},"featured_media":841934,"comment_status":"open","ping_status":"open","template":"","meta":[],"product_brand":[],"product_cat":[3212,3319],"product_tag":[],"class_list":{"0":"post-841933","1":"product","2":"type-product","3":"status-publish","4":"has-post-thumbnail","6":"product_cat-all-product","7":"product_cat-kedy","8":"pa_rozmir-910","9":"pa_rozmir-912","10":"pa_rozmir-914","11":"pa_rozmir-915","12":"pa_rozmir-916","13":"pa_rozmir-917","14":"pa_rozmir-918","15":"pa_rozmir-919","16":"pa_rozmir-920","17":"pa_rozmir-921","18":"pa_rozmir-922","20":"first","21":"instock","22":"purchasable","23":"product-type-variable"},"_links":{"self":[{"href":"https:\/\/nextsnkr.com\/fr\/wp-json\/wp\/v2\/product\/841933","targetHints":{"allow":["GET"]}}],"collection":[{"href":"https:\/\/nextsnkr.com\/fr\/wp-json\/wp\/v2\/product"}],"about":[{"href":"https:\/\/nextsnkr.com\/fr\/wp-json\/wp\/v2\/types\/product"}],"replies":[{"embeddable":true,"href":"https:\/\/nextsnkr.com\/fr\/wp-json\/wp\/v2\/comments?post=841933"}],"version-history":[{"count":0,"href":"https:\/\/nextsnkr.com\/fr\/wp-json\/wp\/v2\/product\/841933\/revisions"}],"wp:featuredmedia":[{"embeddable":true,"href":"https:\/\/nextsnkr.com\/fr\/wp-json\/wp\/v2\/media\/841934"}],"wp:attachment":[{"href":"https:\/\/nextsnkr.com\/fr\/wp-json\/wp\/v2\/media?parent=841933"}],"wp:term":[{"taxonomy":"product_brand","embeddable":true,"href":"https:\/\/nextsnkr.com\/fr\/wp-json\/wp\/v2\/product_brand?post=841933"},{"taxonomy":"product_cat","embeddable":true,"href":"https:\/\/nextsnkr.com\/fr\/wp-json\/wp\/v2\/product_cat?post=841933"},{"taxonomy":"product_tag","embeddable":true,"href":"https:\/\/nextsnkr.com\/fr\/wp-json\/wp\/v2\/product_tag?post=841933"}],"curies":[{"name":"wp","href":"https:\/\/api.w.org\/{rel}","templated":true}]}}