{"id":841593,"date":"2025-06-12T08:48:42","date_gmt":"2025-06-12T05:48:42","guid":{"rendered":"https:\/\/nextsnkr.com\/product\/adidas-gazelle-x-gucci-red-white\/"},"modified":"2026-01-31T19:29:16","modified_gmt":"2026-01-31T16:29:16","slug":"adidas-gazelle-x-gucci-red-white","status":"publish","type":"product","link":"https:\/\/nextsnkr.com\/fr\/produit\/adidas-gazelle-x-gucci-red-white\/","title":{"rendered":"Baskets Adidas Gazelle x Gucci rouge \/ blanc en daim pour un look \u00e9l\u00e9gant"},"content":{"rendered":"<h2>Baskets Adidas Gazelle x Gucci rouge \/ blanc en daim pour un look \u00e9l\u00e9gant<\/h2>\n<p>Les baskets Adidas Gazelle x Gucci rouge \/ blanc sont fabriqu\u00e9es en daim de haute qualit\u00e9 au Vietnam. L\u00e9gers et confortables, ils offrent la commodit\u00e9 de porter tous les jours et de se reposer activement. La combinaison vibrante de rouge et de blanc ajoute de la personnalit\u00e9 et un look moderne. Choisissez les baskets Adidas Gazelle x Gucci rouge \/ blanc pour une combinaison de design \u00e0 la mode, de haute qualit\u00e9 et de style dans votre garde-robe.<\/p>\n","protected":false},"excerpt":{"rendered":"<p>Les baskets Adidas Gazelle x Gucci rouge \/ blanc sont fabriqu\u00e9es en daim de haute qualit\u00e9 au Vietnam. L\u00e9gers et confortables, ils offrent la commodit\u00e9 de porter tous les jours et de se reposer activement. La combinaison vibrante de rouge et de blanc ajoute de la personnalit\u00e9 et un look moderne. Choisissez les baskets Adidas Gazelle x Gucci rouge \/ blanc pour une combinaison de design \u00e0 la mode, de haute qualit\u00e9 et de style dans votre garde-robe.<\/p>\n","protected":false},"featured_media":841594,"comment_status":"open","ping_status":"open","template":"","meta":[],"product_brand":[],"product_cat":[3212,3319],"product_tag":[],"class_list":{"0":"post-841593","1":"product","2":"type-product","3":"status-publish","4":"has-post-thumbnail","6":"product_cat-all-product","7":"product_cat-kedy","8":"pa_rozmir-910","9":"pa_rozmir-912","10":"pa_rozmir-914","11":"pa_rozmir-915","12":"pa_rozmir-916","13":"pa_rozmir-917","14":"pa_rozmir-918","15":"pa_rozmir-919","16":"pa_rozmir-920","17":"pa_rozmir-921","18":"pa_rozmir-922","20":"first","21":"onbackorder","22":"purchasable","23":"product-type-variable"},"_links":{"self":[{"href":"https:\/\/nextsnkr.com\/fr\/wp-json\/wp\/v2\/product\/841593","targetHints":{"allow":["GET"]}}],"collection":[{"href":"https:\/\/nextsnkr.com\/fr\/wp-json\/wp\/v2\/product"}],"about":[{"href":"https:\/\/nextsnkr.com\/fr\/wp-json\/wp\/v2\/types\/product"}],"replies":[{"embeddable":true,"href":"https:\/\/nextsnkr.com\/fr\/wp-json\/wp\/v2\/comments?post=841593"}],"version-history":[{"count":0,"href":"https:\/\/nextsnkr.com\/fr\/wp-json\/wp\/v2\/product\/841593\/revisions"}],"wp:featuredmedia":[{"embeddable":true,"href":"https:\/\/nextsnkr.com\/fr\/wp-json\/wp\/v2\/media\/841594"}],"wp:attachment":[{"href":"https:\/\/nextsnkr.com\/fr\/wp-json\/wp\/v2\/media?parent=841593"}],"wp:term":[{"taxonomy":"product_brand","embeddable":true,"href":"https:\/\/nextsnkr.com\/fr\/wp-json\/wp\/v2\/product_brand?post=841593"},{"taxonomy":"product_cat","embeddable":true,"href":"https:\/\/nextsnkr.com\/fr\/wp-json\/wp\/v2\/product_cat?post=841593"},{"taxonomy":"product_tag","embeddable":true,"href":"https:\/\/nextsnkr.com\/fr\/wp-json\/wp\/v2\/product_tag?post=841593"}],"curies":[{"name":"wp","href":"https:\/\/api.w.org\/{rel}","templated":true}]}}