{"id":841083,"date":"2025-06-12T08:49:48","date_gmt":"2025-06-12T05:49:48","guid":{"rendered":"https:\/\/nextsnkr.com\/product\/adidas-samba-wales-bonner-land-of-wood-and-water\/"},"modified":"2026-01-31T19:29:02","modified_gmt":"2026-01-31T16:29:02","slug":"adidas-samba-wales-bonner-land-of-wood-and-water","status":"publish","type":"product","link":"https:\/\/nextsnkr.com\/fr\/produit\/adidas-samba-wales-bonner-land-of-wood-and-water\/","title":{"rendered":"Baskets en cuir Adidas Samba Wales Bonner Land of Wood and Water"},"content":{"rendered":"<h2>Baskets en cuir Adidas Samba Wales Bonner Land of Wood and Water<\/h2>\n<p>Les baskets Adidas Samba Wales Bonner \u00ab\u00a0Land of Wood and Water\u00a0\u00bb sont fabriqu\u00e9es \u00e0 partir de cuir de haute qualit\u00e9 au Vietnam. L\u00e9gers et confortables, ils offrent un confort lors d&rsquo;un usage quotidien et d&rsquo;un repos actif. Un design unique avec une impression th\u00e9matique met en valeur l&rsquo;individualit\u00e9 et le style. Choisissez les baskets Adidas Samba Wales Bonner pour combiner design \u00e0 la mode, qualit\u00e9 et praticit\u00e9 dans votre garde-robe.<\/p>\n","protected":false},"excerpt":{"rendered":"<p>Les baskets Adidas Samba Wales Bonner \u00ab\u00a0Land of Wood and Water\u00a0\u00bb sont fabriqu\u00e9es \u00e0 partir de cuir de haute qualit\u00e9 au Vietnam. L\u00e9gers et confortables, ils offrent un confort lors d&rsquo;un usage quotidien et d&rsquo;un repos actif. Un design unique avec une impression th\u00e9matique met en valeur l&rsquo;individualit\u00e9 et le style. Choisissez les baskets Adidas Samba Wales Bonner pour combiner design \u00e0 la mode, qualit\u00e9 et praticit\u00e9 dans votre garde-robe.<\/p>\n","protected":false},"featured_media":841084,"comment_status":"open","ping_status":"open","template":"","meta":[],"product_brand":[],"product_cat":[3212,3319],"product_tag":[],"class_list":{"0":"post-841083","1":"product","2":"type-product","3":"status-publish","4":"has-post-thumbnail","6":"product_cat-all-product","7":"product_cat-kedy","8":"pa_rozmir-910","9":"pa_rozmir-912","10":"pa_rozmir-914","11":"pa_rozmir-915","12":"pa_rozmir-916","13":"pa_rozmir-917","14":"pa_rozmir-918","15":"pa_rozmir-919","16":"pa_rozmir-920","17":"pa_rozmir-921","18":"pa_rozmir-922","20":"first","21":"onbackorder","22":"purchasable","23":"product-type-variable"},"_links":{"self":[{"href":"https:\/\/nextsnkr.com\/fr\/wp-json\/wp\/v2\/product\/841083","targetHints":{"allow":["GET"]}}],"collection":[{"href":"https:\/\/nextsnkr.com\/fr\/wp-json\/wp\/v2\/product"}],"about":[{"href":"https:\/\/nextsnkr.com\/fr\/wp-json\/wp\/v2\/types\/product"}],"replies":[{"embeddable":true,"href":"https:\/\/nextsnkr.com\/fr\/wp-json\/wp\/v2\/comments?post=841083"}],"version-history":[{"count":0,"href":"https:\/\/nextsnkr.com\/fr\/wp-json\/wp\/v2\/product\/841083\/revisions"}],"wp:featuredmedia":[{"embeddable":true,"href":"https:\/\/nextsnkr.com\/fr\/wp-json\/wp\/v2\/media\/841084"}],"wp:attachment":[{"href":"https:\/\/nextsnkr.com\/fr\/wp-json\/wp\/v2\/media?parent=841083"}],"wp:term":[{"taxonomy":"product_brand","embeddable":true,"href":"https:\/\/nextsnkr.com\/fr\/wp-json\/wp\/v2\/product_brand?post=841083"},{"taxonomy":"product_cat","embeddable":true,"href":"https:\/\/nextsnkr.com\/fr\/wp-json\/wp\/v2\/product_cat?post=841083"},{"taxonomy":"product_tag","embeddable":true,"href":"https:\/\/nextsnkr.com\/fr\/wp-json\/wp\/v2\/product_tag?post=841083"}],"curies":[{"name":"wp","href":"https:\/\/api.w.org\/{rel}","templated":true}]}}