{"id":840743,"date":"2025-06-12T08:50:49","date_gmt":"2025-06-12T05:50:49","guid":{"rendered":"https:\/\/nextsnkr.com\/product\/adidas-samba-pony-tonal-wales-bonner-black\/"},"modified":"2026-01-31T19:28:53","modified_gmt":"2026-01-31T16:28:53","slug":"adidas-samba-pony-tonal-wales-bonner-black","status":"publish","type":"product","link":"https:\/\/nextsnkr.com\/fr\/produit\/adidas-samba-pony-tonal-wales-bonner-black\/","title":{"rendered":"Baskets Adidas Samba Pony Tonal Wales Bonner Black en cuir et nylon"},"content":{"rendered":"<h2>Baskets Adidas Samba Pony Tonal Wales Bonner Black en cuir et nylon<\/h2>\n<p>Les baskets Adidas Samba Pony Tonal Wales Bonner Black sont fabriqu\u00e9es \u00e0 partir d&rsquo;une combinaison de cuir et de nylon au Vietnam. L\u00e9gers et confortables, ils offrent un confort lors d&rsquo;un usage quotidien et d&rsquo;un repos actif. La couleur noire et le design \u00e9l\u00e9gant soulignent l&rsquo;individualit\u00e9 et le look moderne. Choisissez les baskets Adidas Samba Pony Tonal Wales Bonner Black pour une combinaison de mode, de qualit\u00e9 et de praticit\u00e9 dans votre garde-robe.<\/p>\n","protected":false},"excerpt":{"rendered":"<p>Les baskets Adidas Samba Pony Tonal Wales Bonner Black sont fabriqu\u00e9es \u00e0 partir d&rsquo;une combinaison de cuir et de nylon au Vietnam. L\u00e9gers et confortables, ils offrent un confort lors d&rsquo;un usage quotidien et d&rsquo;un repos actif. La couleur noire et le design \u00e9l\u00e9gant soulignent l&rsquo;individualit\u00e9 et le look moderne. Choisissez les baskets Adidas Samba Pony Tonal Wales Bonner Black pour une combinaison de mode, de qualit\u00e9 et de praticit\u00e9 dans votre garde-robe.<\/p>\n","protected":false},"featured_media":840744,"comment_status":"open","ping_status":"open","template":"","meta":[],"product_brand":[],"product_cat":[3212,3319],"product_tag":[],"class_list":{"0":"post-840743","1":"product","2":"type-product","3":"status-publish","4":"has-post-thumbnail","6":"product_cat-all-product","7":"product_cat-kedy","8":"pa_rozmir-910","9":"pa_rozmir-912","10":"pa_rozmir-914","11":"pa_rozmir-915","12":"pa_rozmir-916","13":"pa_rozmir-917","14":"pa_rozmir-918","15":"pa_rozmir-919","16":"pa_rozmir-920","17":"pa_rozmir-921","18":"pa_rozmir-922","20":"first","21":"instock","22":"purchasable","23":"product-type-variable"},"_links":{"self":[{"href":"https:\/\/nextsnkr.com\/fr\/wp-json\/wp\/v2\/product\/840743","targetHints":{"allow":["GET"]}}],"collection":[{"href":"https:\/\/nextsnkr.com\/fr\/wp-json\/wp\/v2\/product"}],"about":[{"href":"https:\/\/nextsnkr.com\/fr\/wp-json\/wp\/v2\/types\/product"}],"replies":[{"embeddable":true,"href":"https:\/\/nextsnkr.com\/fr\/wp-json\/wp\/v2\/comments?post=840743"}],"version-history":[{"count":0,"href":"https:\/\/nextsnkr.com\/fr\/wp-json\/wp\/v2\/product\/840743\/revisions"}],"wp:featuredmedia":[{"embeddable":true,"href":"https:\/\/nextsnkr.com\/fr\/wp-json\/wp\/v2\/media\/840744"}],"wp:attachment":[{"href":"https:\/\/nextsnkr.com\/fr\/wp-json\/wp\/v2\/media?parent=840743"}],"wp:term":[{"taxonomy":"product_brand","embeddable":true,"href":"https:\/\/nextsnkr.com\/fr\/wp-json\/wp\/v2\/product_brand?post=840743"},{"taxonomy":"product_cat","embeddable":true,"href":"https:\/\/nextsnkr.com\/fr\/wp-json\/wp\/v2\/product_cat?post=840743"},{"taxonomy":"product_tag","embeddable":true,"href":"https:\/\/nextsnkr.com\/fr\/wp-json\/wp\/v2\/product_tag?post=840743"}],"curies":[{"name":"wp","href":"https:\/\/api.w.org\/{rel}","templated":true}]}}