{"id":839727,"date":"2025-06-12T08:54:30","date_gmt":"2025-06-12T05:54:30","guid":{"rendered":"https:\/\/nextsnkr.com\/product\/p-6000-black\/"},"modified":"2026-01-31T19:28:14","modified_gmt":"2026-01-31T16:28:14","slug":"p-6000-black","status":"publish","type":"product","link":"https:\/\/nextsnkr.com\/fr\/produit\/p-6000-black\/","title":{"rendered":"Baskets P &#8211; 6000 Black en textile pour le style et le confort"},"content":{"rendered":"<h2>Baskets P &#8211; 6000 Black en textile pour le style et le confort<\/h2>\n<p>Les baskets P &#8211; 6000 Black sont fabriqu\u00e9es \u00e0 partir de Textiles durables au Vietnam. La conception l\u00e9g\u00e8re et confortable offre un confort lors de l&rsquo;usure quotidienne et des loisirs actifs. La couleur noire classique ajoute de la polyvalence et de la modernit\u00e9 \u00e0 n&rsquo;importe quelle image. Choisissez les baskets p-6000 Black pour une combinaison de design \u00e0 la mode, de haute qualit\u00e9 et de praticit\u00e9 dans votre garde-robe.<\/p>\n","protected":false},"excerpt":{"rendered":"<p>Les baskets P &#8211; 6000 Black sont fabriqu\u00e9es \u00e0 partir de Textiles durables au Vietnam. La conception l\u00e9g\u00e8re et confortable offre un confort lors de l&rsquo;usure quotidienne et des loisirs actifs. La couleur noire classique ajoute de la polyvalence et de la modernit\u00e9 \u00e0 n&rsquo;importe quelle image. Choisissez les baskets p-6000 Black pour une combinaison de design \u00e0 la mode, de haute qualit\u00e9 et de praticit\u00e9 dans votre garde-robe.<\/p>\n","protected":false},"featured_media":839728,"comment_status":"open","ping_status":"open","template":"","meta":[],"product_brand":[],"product_cat":[3212,3213],"product_tag":[],"class_list":{"0":"post-839727","1":"product","2":"type-product","3":"status-publish","4":"has-post-thumbnail","6":"product_cat-all-product","7":"product_cat-krosivky","8":"pa_rozmir-910","9":"pa_rozmir-912","10":"pa_rozmir-914","11":"pa_rozmir-915","12":"pa_rozmir-916","13":"pa_rozmir-917","14":"pa_rozmir-918","15":"pa_rozmir-919","16":"pa_rozmir-920","17":"pa_rozmir-921","18":"pa_rozmir-922","20":"first","21":"onbackorder","22":"purchasable","23":"product-type-variable"},"_links":{"self":[{"href":"https:\/\/nextsnkr.com\/fr\/wp-json\/wp\/v2\/product\/839727","targetHints":{"allow":["GET"]}}],"collection":[{"href":"https:\/\/nextsnkr.com\/fr\/wp-json\/wp\/v2\/product"}],"about":[{"href":"https:\/\/nextsnkr.com\/fr\/wp-json\/wp\/v2\/types\/product"}],"replies":[{"embeddable":true,"href":"https:\/\/nextsnkr.com\/fr\/wp-json\/wp\/v2\/comments?post=839727"}],"version-history":[{"count":0,"href":"https:\/\/nextsnkr.com\/fr\/wp-json\/wp\/v2\/product\/839727\/revisions"}],"wp:featuredmedia":[{"embeddable":true,"href":"https:\/\/nextsnkr.com\/fr\/wp-json\/wp\/v2\/media\/839728"}],"wp:attachment":[{"href":"https:\/\/nextsnkr.com\/fr\/wp-json\/wp\/v2\/media?parent=839727"}],"wp:term":[{"taxonomy":"product_brand","embeddable":true,"href":"https:\/\/nextsnkr.com\/fr\/wp-json\/wp\/v2\/product_brand?post=839727"},{"taxonomy":"product_cat","embeddable":true,"href":"https:\/\/nextsnkr.com\/fr\/wp-json\/wp\/v2\/product_cat?post=839727"},{"taxonomy":"product_tag","embeddable":true,"href":"https:\/\/nextsnkr.com\/fr\/wp-json\/wp\/v2\/product_tag?post=839727"}],"curies":[{"name":"wp","href":"https:\/\/api.w.org\/{rel}","templated":true}]}}