{"id":836826,"date":"2025-06-12T09:04:13","date_gmt":"2025-06-12T06:04:13","guid":{"rendered":"https:\/\/nextsnkr.com\/product\/hot-step-air-terra-drake-nocta-purple\/"},"modified":"2026-01-31T19:26:44","modified_gmt":"2026-01-31T16:26:44","slug":"hot-step-air-terra-drake-nocta-purple","status":"publish","type":"product","link":"https:\/\/nextsnkr.com\/fr\/produit\/hot-step-air-terra-drake-nocta-purple\/","title":{"rendered":"Chaussures de course en cuir Hot Step air Terra Drake nocta Purple pour le sport"},"content":{"rendered":"<h2>Chaussures de course en cuir Hot Step air Terra Drake nocta Purple pour le sport<\/h2>\n<p>Les baskets Hot Step air Terra Drake NOCTA Purple sont fabriqu\u00e9es en cuir de haute qualit\u00e9 pour plus de durabilit\u00e9 et de confort. Le design violet \u00e9l\u00e9gant met l&rsquo;accent sur la personnalit\u00e9, tandis que la semelle amortie offre un soutien pendant les mouvements actifs. Id\u00e9al pour le sport, l&rsquo;entra\u00eenement et l&rsquo;usage quotidien. Fabriqu\u00e9es au Vietnam, ces baskets allient qualit\u00e9, durabilit\u00e9 et look moderne, motivant l&rsquo;achat pour un style de vie actif.<\/p>\n","protected":false},"excerpt":{"rendered":"<p>Les baskets Hot Step air Terra Drake NOCTA Purple sont fabriqu\u00e9es en cuir de haute qualit\u00e9 pour plus de durabilit\u00e9 et de confort. Le design violet \u00e9l\u00e9gant met l&rsquo;accent sur la personnalit\u00e9, tandis que la semelle amortie offre un soutien pendant les mouvements actifs. Id\u00e9al pour le sport, l&rsquo;entra\u00eenement et l&rsquo;usage quotidien. Fabriqu\u00e9es au Vietnam, ces baskets allient qualit\u00e9, durabilit\u00e9 et look moderne, motivant l&rsquo;achat pour un style de vie actif.<\/p>\n","protected":false},"featured_media":836827,"comment_status":"open","ping_status":"open","template":"","meta":[],"product_brand":[],"product_cat":[3212,3213],"product_tag":[],"class_list":{"0":"post-836826","1":"product","2":"type-product","3":"status-publish","4":"has-post-thumbnail","6":"product_cat-all-product","7":"product_cat-krosivky","8":"pa_rozmir-910","9":"pa_rozmir-912","10":"pa_rozmir-914","11":"pa_rozmir-915","12":"pa_rozmir-916","13":"pa_rozmir-917","14":"pa_rozmir-918","15":"pa_rozmir-919","16":"pa_rozmir-920","17":"pa_rozmir-921","18":"pa_rozmir-922","20":"first","21":"instock","22":"purchasable","23":"product-type-variable"},"_links":{"self":[{"href":"https:\/\/nextsnkr.com\/fr\/wp-json\/wp\/v2\/product\/836826","targetHints":{"allow":["GET"]}}],"collection":[{"href":"https:\/\/nextsnkr.com\/fr\/wp-json\/wp\/v2\/product"}],"about":[{"href":"https:\/\/nextsnkr.com\/fr\/wp-json\/wp\/v2\/types\/product"}],"replies":[{"embeddable":true,"href":"https:\/\/nextsnkr.com\/fr\/wp-json\/wp\/v2\/comments?post=836826"}],"version-history":[{"count":0,"href":"https:\/\/nextsnkr.com\/fr\/wp-json\/wp\/v2\/product\/836826\/revisions"}],"wp:featuredmedia":[{"embeddable":true,"href":"https:\/\/nextsnkr.com\/fr\/wp-json\/wp\/v2\/media\/836827"}],"wp:attachment":[{"href":"https:\/\/nextsnkr.com\/fr\/wp-json\/wp\/v2\/media?parent=836826"}],"wp:term":[{"taxonomy":"product_brand","embeddable":true,"href":"https:\/\/nextsnkr.com\/fr\/wp-json\/wp\/v2\/product_brand?post=836826"},{"taxonomy":"product_cat","embeddable":true,"href":"https:\/\/nextsnkr.com\/fr\/wp-json\/wp\/v2\/product_cat?post=836826"},{"taxonomy":"product_tag","embeddable":true,"href":"https:\/\/nextsnkr.com\/fr\/wp-json\/wp\/v2\/product_tag?post=836826"}],"curies":[{"name":"wp","href":"https:\/\/api.w.org\/{rel}","templated":true}]}}