{"id":832886,"date":"2025-06-12T15:54:13","date_gmt":"2025-06-12T12:54:13","guid":{"rendered":"https:\/\/nextsnkr.com\/product\/prada-platform-leather-lacked-black-shoes\/"},"modified":"2026-01-31T19:24:23","modified_gmt":"2026-01-31T16:24:23","slug":"prada-platform-leather-lacked-black-shoes","status":"publish","type":"product","link":"https:\/\/nextsnkr.com\/fr\/produit\/prada-platform-leather-lacked-black-shoes\/","title":{"rendered":"Mocassins Prada Platform Black en cuir avec semelle \u00e9l\u00e9gante"},"content":{"rendered":"<h2>Mocassins Prada Platform Black en cuir avec semelle \u00e9l\u00e9gante<\/h2>\n<p>Les mocassins Prada Platform Leather lacked Black Shoes sont fabriqu\u00e9s \u00e0 partir de cuir Italien de haute qualit\u00e9, alliant design luxueux et confort. La plate-forme ajoute un style moderne et confortable \u00e0 la marche, tandis que le noir classique se Marie facilement avec n&rsquo;importe quelle garde-robe. Parfaits pour un usage quotidien et des \u00e9v\u00e9nements sp\u00e9ciaux, ces mocassins mettront en valeur votre go\u00fbt et votre statut. Choisissez Prada et profitez de la qualit\u00e9 et de l&rsquo;\u00e9l\u00e9gance tous les jours.<\/p>\n","protected":false},"excerpt":{"rendered":"<p>Les mocassins Prada Platform Leather lacked Black Shoes sont fabriqu\u00e9s \u00e0 partir de cuir Italien de haute qualit\u00e9, alliant design luxueux et confort. La plate-forme ajoute un style moderne et confortable \u00e0 la marche, tandis que le noir classique se Marie facilement avec n&rsquo;importe quelle garde-robe. Parfaits pour un usage quotidien et des \u00e9v\u00e9nements sp\u00e9ciaux, ces mocassins mettront en valeur votre go\u00fbt et votre statut. Choisissez Prada et profitez de la qualit\u00e9 et de l&rsquo;\u00e9l\u00e9gance tous les jours.<\/p>\n","protected":false},"featured_media":832887,"comment_status":"open","ping_status":"open","template":"","meta":[],"product_brand":[],"product_cat":[3212,4241],"product_tag":[],"class_list":{"0":"post-832886","1":"product","2":"type-product","3":"status-publish","4":"has-post-thumbnail","6":"product_cat-all-product","7":"product_cat-lofery","8":"pa_rozmir-910","9":"pa_rozmir-912","10":"pa_rozmir-914","11":"pa_rozmir-915","12":"pa_rozmir-916","13":"pa_rozmir-917","14":"pa_rozmir-918","15":"pa_rozmir-919","16":"pa_rozmir-920","17":"pa_rozmir-921","18":"pa_rozmir-922","20":"first","21":"instock","22":"purchasable","23":"product-type-variable"},"_links":{"self":[{"href":"https:\/\/nextsnkr.com\/fr\/wp-json\/wp\/v2\/product\/832886","targetHints":{"allow":["GET"]}}],"collection":[{"href":"https:\/\/nextsnkr.com\/fr\/wp-json\/wp\/v2\/product"}],"about":[{"href":"https:\/\/nextsnkr.com\/fr\/wp-json\/wp\/v2\/types\/product"}],"replies":[{"embeddable":true,"href":"https:\/\/nextsnkr.com\/fr\/wp-json\/wp\/v2\/comments?post=832886"}],"version-history":[{"count":0,"href":"https:\/\/nextsnkr.com\/fr\/wp-json\/wp\/v2\/product\/832886\/revisions"}],"wp:featuredmedia":[{"embeddable":true,"href":"https:\/\/nextsnkr.com\/fr\/wp-json\/wp\/v2\/media\/832887"}],"wp:attachment":[{"href":"https:\/\/nextsnkr.com\/fr\/wp-json\/wp\/v2\/media?parent=832886"}],"wp:term":[{"taxonomy":"product_brand","embeddable":true,"href":"https:\/\/nextsnkr.com\/fr\/wp-json\/wp\/v2\/product_brand?post=832886"},{"taxonomy":"product_cat","embeddable":true,"href":"https:\/\/nextsnkr.com\/fr\/wp-json\/wp\/v2\/product_cat?post=832886"},{"taxonomy":"product_tag","embeddable":true,"href":"https:\/\/nextsnkr.com\/fr\/wp-json\/wp\/v2\/product_tag?post=832886"}],"curies":[{"name":"wp","href":"https:\/\/api.w.org\/{rel}","templated":true}]}}