{"id":832040,"date":"2025-06-12T15:57:00","date_gmt":"2025-06-12T12:57:00","guid":{"rendered":"https:\/\/nextsnkr.com\/product\/gucci-gg-sneakers-white\/"},"modified":"2026-01-31T19:24:00","modified_gmt":"2026-01-31T16:24:00","slug":"gucci-gg-sneakers-white","status":"publish","type":"product","link":"https:\/\/nextsnkr.com\/fr\/produit\/gucci-gg-sneakers-white\/","title":{"rendered":"Gucci GG Sneakers White en cuir pour un look \u00e9l\u00e9gant"},"content":{"rendered":"<h2>Gucci GG Sneakers White en cuir pour un look \u00e9l\u00e9gant<\/h2>\n<p>Les baskets Gucci GG sneakers White sont fabriqu\u00e9es en cuir de haute qualit\u00e9, alliant \u00e9l\u00e9gance et confort pour un port quotidien. Le blanc pur les rend polyvalents et faciles \u00e0 assortir \u00e0 n&rsquo;importe quelle garde-robe, et la marque Gucci souligne votre statut et votre style. La construction l\u00e9g\u00e8re et la semelle robuste offrent un confort lors de la marche. Id\u00e9ales pour la marche, la ville et les activit\u00e9s de plein air, ces baskets deviendront un \u00e9l\u00e9ment indispensable de votre image.<\/p>\n","protected":false},"excerpt":{"rendered":"<p>Les baskets Gucci GG sneakers White sont fabriqu\u00e9es en cuir de haute qualit\u00e9, alliant \u00e9l\u00e9gance et confort pour un port quotidien. Le blanc pur les rend polyvalents et faciles \u00e0 assortir \u00e0 n&rsquo;importe quelle garde-robe, et la marque Gucci souligne votre statut et votre style. La construction l\u00e9g\u00e8re et la semelle robuste offrent un confort lors de la marche. Id\u00e9ales pour la marche, la ville et les activit\u00e9s de plein air, ces baskets deviendront un \u00e9l\u00e9ment indispensable de votre image.<\/p>\n","protected":false},"featured_media":832041,"comment_status":"open","ping_status":"open","template":"","meta":[],"product_brand":[],"product_cat":[3212,3319],"product_tag":[],"class_list":{"0":"post-832040","1":"product","2":"type-product","3":"status-publish","4":"has-post-thumbnail","6":"product_cat-all-product","7":"product_cat-kedy","8":"pa_rozmir-910","9":"pa_rozmir-912","10":"pa_rozmir-914","11":"pa_rozmir-915","12":"pa_rozmir-916","13":"pa_rozmir-917","14":"pa_rozmir-918","15":"pa_rozmir-919","16":"pa_rozmir-920","17":"pa_rozmir-921","18":"pa_rozmir-922","20":"first","21":"instock","22":"purchasable","23":"product-type-variable"},"_links":{"self":[{"href":"https:\/\/nextsnkr.com\/fr\/wp-json\/wp\/v2\/product\/832040","targetHints":{"allow":["GET"]}}],"collection":[{"href":"https:\/\/nextsnkr.com\/fr\/wp-json\/wp\/v2\/product"}],"about":[{"href":"https:\/\/nextsnkr.com\/fr\/wp-json\/wp\/v2\/types\/product"}],"replies":[{"embeddable":true,"href":"https:\/\/nextsnkr.com\/fr\/wp-json\/wp\/v2\/comments?post=832040"}],"version-history":[{"count":0,"href":"https:\/\/nextsnkr.com\/fr\/wp-json\/wp\/v2\/product\/832040\/revisions"}],"wp:featuredmedia":[{"embeddable":true,"href":"https:\/\/nextsnkr.com\/fr\/wp-json\/wp\/v2\/media\/832041"}],"wp:attachment":[{"href":"https:\/\/nextsnkr.com\/fr\/wp-json\/wp\/v2\/media?parent=832040"}],"wp:term":[{"taxonomy":"product_brand","embeddable":true,"href":"https:\/\/nextsnkr.com\/fr\/wp-json\/wp\/v2\/product_brand?post=832040"},{"taxonomy":"product_cat","embeddable":true,"href":"https:\/\/nextsnkr.com\/fr\/wp-json\/wp\/v2\/product_cat?post=832040"},{"taxonomy":"product_tag","embeddable":true,"href":"https:\/\/nextsnkr.com\/fr\/wp-json\/wp\/v2\/product_tag?post=832040"}],"curies":[{"name":"wp","href":"https:\/\/api.w.org\/{rel}","templated":true}]}}