{"id":831532,"date":"2025-06-12T15:58:50","date_gmt":"2025-06-12T12:58:50","guid":{"rendered":"https:\/\/nextsnkr.com\/product\/golden-goose-dirty-pink-leopard-sneakers\/"},"modified":"2026-01-31T19:23:47","modified_gmt":"2026-01-31T16:23:47","slug":"golden-goose-dirty-pink-leopard-sneakers","status":"publish","type":"product","link":"https:\/\/nextsnkr.com\/fr\/produit\/golden-goose-dirty-pink-leopard-sneakers\/","title":{"rendered":"Les baskets Golden Goose Dirty Pink Leopard sont \u00e9l\u00e9gantes et lumineuses"},"content":{"rendered":"<h2>Les baskets Golden Goose Dirty Pink Leopard sont \u00e9l\u00e9gantes et lumineuses<\/h2>\n<p>Les baskets Golden Goose Dirty Pink Leopard combinent un design unique et un confort pour un port quotidien. Le mat\u00e9riau de haute qualit\u00e9 assure la durabilit\u00e9 et l&rsquo;imprim\u00e9 l\u00e9opard rose vif ajoute de l&rsquo;originalit\u00e9 et de la personnalit\u00e9 \u00e0 l&rsquo;image. La conception l\u00e9g\u00e8re rend les baskets confortables pour la marche, la ville et les activit\u00e9s de plein air. Choisissez Golden Goose pour des chaussures \u00e9l\u00e9gantes et confortables qui mettront en valeur votre go\u00fbt et votre statut chaque jour.<\/p>\n","protected":false},"excerpt":{"rendered":"<p>Les baskets Golden Goose Dirty Pink Leopard combinent un design unique et un confort pour un port quotidien. Le mat\u00e9riau de haute qualit\u00e9 assure la durabilit\u00e9 et l&rsquo;imprim\u00e9 l\u00e9opard rose vif ajoute de l&rsquo;originalit\u00e9 et de la personnalit\u00e9 \u00e0 l&rsquo;image. La conception l\u00e9g\u00e8re rend les baskets confortables pour la marche, la ville et les activit\u00e9s de plein air. Choisissez Golden Goose pour des chaussures \u00e9l\u00e9gantes et confortables qui mettront en valeur votre go\u00fbt et votre statut chaque jour.<\/p>\n","protected":false},"featured_media":831533,"comment_status":"open","ping_status":"open","template":"","meta":[],"product_brand":[],"product_cat":[3212,3319],"product_tag":[],"class_list":{"0":"post-831532","1":"product","2":"type-product","3":"status-publish","4":"has-post-thumbnail","6":"product_cat-all-product","7":"product_cat-kedy","8":"pa_rozmir-910","9":"pa_rozmir-912","10":"pa_rozmir-914","11":"pa_rozmir-915","12":"pa_rozmir-916","13":"pa_rozmir-917","14":"pa_rozmir-918","15":"pa_rozmir-919","16":"pa_rozmir-920","17":"pa_rozmir-921","18":"pa_rozmir-922","20":"first","21":"instock","22":"purchasable","23":"product-type-variable"},"_links":{"self":[{"href":"https:\/\/nextsnkr.com\/fr\/wp-json\/wp\/v2\/product\/831532","targetHints":{"allow":["GET"]}}],"collection":[{"href":"https:\/\/nextsnkr.com\/fr\/wp-json\/wp\/v2\/product"}],"about":[{"href":"https:\/\/nextsnkr.com\/fr\/wp-json\/wp\/v2\/types\/product"}],"replies":[{"embeddable":true,"href":"https:\/\/nextsnkr.com\/fr\/wp-json\/wp\/v2\/comments?post=831532"}],"version-history":[{"count":0,"href":"https:\/\/nextsnkr.com\/fr\/wp-json\/wp\/v2\/product\/831532\/revisions"}],"wp:featuredmedia":[{"embeddable":true,"href":"https:\/\/nextsnkr.com\/fr\/wp-json\/wp\/v2\/media\/831533"}],"wp:attachment":[{"href":"https:\/\/nextsnkr.com\/fr\/wp-json\/wp\/v2\/media?parent=831532"}],"wp:term":[{"taxonomy":"product_brand","embeddable":true,"href":"https:\/\/nextsnkr.com\/fr\/wp-json\/wp\/v2\/product_brand?post=831532"},{"taxonomy":"product_cat","embeddable":true,"href":"https:\/\/nextsnkr.com\/fr\/wp-json\/wp\/v2\/product_cat?post=831532"},{"taxonomy":"product_tag","embeddable":true,"href":"https:\/\/nextsnkr.com\/fr\/wp-json\/wp\/v2\/product_tag?post=831532"}],"curies":[{"name":"wp","href":"https:\/\/api.w.org\/{rel}","templated":true}]}}