{"id":830684,"date":"2025-06-12T16:00:38","date_gmt":"2025-06-12T13:00:38","guid":{"rendered":"https:\/\/nextsnkr.com\/product\/chanel-low-top-white-sneakers\/"},"modified":"2026-01-31T19:23:14","modified_gmt":"2026-01-31T16:23:14","slug":"chanel-low-top-white-sneakers","status":"publish","type":"product","link":"https:\/\/nextsnkr.com\/fr\/produit\/chanel-low-top-white-sneakers\/","title":{"rendered":"Baskets Chanel Low Top blanc en cuir \u00e9l\u00e9gant pour un usage quotidien"},"content":{"rendered":"<h2>Baskets Chanel Low Top blanc en cuir \u00e9l\u00e9gant pour un usage quotidien<\/h2>\n<p>Les baskets Chanel Low Top White allient design \u00e9l\u00e9gant et confort pour une utilisation quotidienne. Fabriqu\u00e9s \u00e0 partir de mat\u00e9riaux de qualit\u00e9, ils offrent durabilit\u00e9 et confort lors de la marche. Le blanc pur rend les baskets polyvalentes pour tous les looks, et la marque Chanel souligne votre style et votre statut. Id\u00e9ales pour la marche, la ville et les activit\u00e9s de plein air, ces baskets seront un accent lumineux de votre garde-robe.<\/p>\n","protected":false},"excerpt":{"rendered":"<p>Les baskets Chanel Low Top White allient design \u00e9l\u00e9gant et confort pour une utilisation quotidienne. Fabriqu\u00e9s \u00e0 partir de mat\u00e9riaux de qualit\u00e9, ils offrent durabilit\u00e9 et confort lors de la marche. Le blanc pur rend les baskets polyvalentes pour tous les looks, et la marque Chanel souligne votre style et votre statut. Id\u00e9ales pour la marche, la ville et les activit\u00e9s de plein air, ces baskets seront un accent lumineux de votre garde-robe.<\/p>\n","protected":false},"featured_media":830685,"comment_status":"open","ping_status":"open","template":"","meta":[],"product_brand":[],"product_cat":[3212,3213],"product_tag":[],"class_list":{"0":"post-830684","1":"product","2":"type-product","3":"status-publish","4":"has-post-thumbnail","6":"product_cat-all-product","7":"product_cat-krosivky","8":"pa_rozmir-910","9":"pa_rozmir-912","10":"pa_rozmir-914","11":"pa_rozmir-915","12":"pa_rozmir-916","13":"pa_rozmir-917","14":"pa_rozmir-918","15":"pa_rozmir-919","16":"pa_rozmir-920","17":"pa_rozmir-921","18":"pa_rozmir-922","20":"first","21":"onbackorder","22":"purchasable","23":"product-type-variable"},"_links":{"self":[{"href":"https:\/\/nextsnkr.com\/fr\/wp-json\/wp\/v2\/product\/830684","targetHints":{"allow":["GET"]}}],"collection":[{"href":"https:\/\/nextsnkr.com\/fr\/wp-json\/wp\/v2\/product"}],"about":[{"href":"https:\/\/nextsnkr.com\/fr\/wp-json\/wp\/v2\/types\/product"}],"replies":[{"embeddable":true,"href":"https:\/\/nextsnkr.com\/fr\/wp-json\/wp\/v2\/comments?post=830684"}],"version-history":[{"count":0,"href":"https:\/\/nextsnkr.com\/fr\/wp-json\/wp\/v2\/product\/830684\/revisions"}],"wp:featuredmedia":[{"embeddable":true,"href":"https:\/\/nextsnkr.com\/fr\/wp-json\/wp\/v2\/media\/830685"}],"wp:attachment":[{"href":"https:\/\/nextsnkr.com\/fr\/wp-json\/wp\/v2\/media?parent=830684"}],"wp:term":[{"taxonomy":"product_brand","embeddable":true,"href":"https:\/\/nextsnkr.com\/fr\/wp-json\/wp\/v2\/product_brand?post=830684"},{"taxonomy":"product_cat","embeddable":true,"href":"https:\/\/nextsnkr.com\/fr\/wp-json\/wp\/v2\/product_cat?post=830684"},{"taxonomy":"product_tag","embeddable":true,"href":"https:\/\/nextsnkr.com\/fr\/wp-json\/wp\/v2\/product_tag?post=830684"}],"curies":[{"name":"wp","href":"https:\/\/api.w.org\/{rel}","templated":true}]}}