{"id":828297,"date":"2025-06-13T09:22:45","date_gmt":"2025-06-13T06:22:45","guid":{"rendered":"https:\/\/nextsnkr.com\/product\/adidas-niteball-green-lux\/"},"modified":"2026-01-31T19:22:01","modified_gmt":"2026-01-31T16:22:01","slug":"adidas-niteball-green-lux","status":"publish","type":"product","link":"https:\/\/nextsnkr.com\/fr\/produit\/adidas-niteball-green-lux\/","title":{"rendered":"Baskets Adidas Forum Low White Black en cuir-style et confort"},"content":{"rendered":"<h2>Baskets Adidas Forum Low White Black en cuir-style et confort<\/h2>\n<p>Les baskets Adidas Forum Low White Black sont un mod\u00e8le embl\u00e9matique en cuir alliant style et qualit\u00e9. Les mat\u00e9riaux de marque offrent une durabilit\u00e9 et un ajustement confortable et bas les rend parfaits pour une utilisation quotidienne. Les accents noirs sur un fond blanc ajoutent de la polyvalence, se mariant facilement avec n&rsquo;importe quelle fa\u00e7on. Fabriqu\u00e9es au Vietnam, ces baskets garantissent confort, durabilit\u00e9 et confiance \u00e0 chaque \u00e9tape. Choisissez Adidas Forum Low-un classique \u00e9prouv\u00e9 qui est toujours \u00e0 la mode.<\/p>\n","protected":false},"excerpt":{"rendered":"<p>Les baskets Adidas Forum Low White Black sont un mod\u00e8le embl\u00e9matique en cuir alliant style et qualit\u00e9. Les mat\u00e9riaux de marque offrent une durabilit\u00e9 et un ajustement confortable et bas les rend parfaits pour une utilisation quotidienne. Les accents noirs sur un fond blanc ajoutent de la polyvalence, se mariant facilement avec n&rsquo;importe quelle fa\u00e7on. Fabriqu\u00e9es au Vietnam, ces baskets garantissent confort, durabilit\u00e9 et confiance \u00e0 chaque \u00e9tape. Choisissez Adidas Forum Low-un classique \u00e9prouv\u00e9 qui est toujours \u00e0 la mode.<\/p>\n","protected":false},"featured_media":828298,"comment_status":"open","ping_status":"open","template":"","meta":[],"product_brand":[],"product_cat":[3212,3213],"product_tag":[],"class_list":{"0":"post-828297","1":"product","2":"type-product","3":"status-publish","4":"has-post-thumbnail","6":"product_cat-all-product","7":"product_cat-krosivky","8":"pa_rozmir-910","9":"pa_rozmir-912","10":"pa_rozmir-914","11":"pa_rozmir-915","12":"pa_rozmir-916","13":"pa_rozmir-917","14":"pa_rozmir-918","15":"pa_rozmir-919","16":"pa_rozmir-920","17":"pa_rozmir-921","18":"pa_rozmir-922","20":"first","21":"instock","22":"purchasable","23":"product-type-variable"},"_links":{"self":[{"href":"https:\/\/nextsnkr.com\/fr\/wp-json\/wp\/v2\/product\/828297","targetHints":{"allow":["GET"]}}],"collection":[{"href":"https:\/\/nextsnkr.com\/fr\/wp-json\/wp\/v2\/product"}],"about":[{"href":"https:\/\/nextsnkr.com\/fr\/wp-json\/wp\/v2\/types\/product"}],"replies":[{"embeddable":true,"href":"https:\/\/nextsnkr.com\/fr\/wp-json\/wp\/v2\/comments?post=828297"}],"version-history":[{"count":0,"href":"https:\/\/nextsnkr.com\/fr\/wp-json\/wp\/v2\/product\/828297\/revisions"}],"wp:featuredmedia":[{"embeddable":true,"href":"https:\/\/nextsnkr.com\/fr\/wp-json\/wp\/v2\/media\/828298"}],"wp:attachment":[{"href":"https:\/\/nextsnkr.com\/fr\/wp-json\/wp\/v2\/media?parent=828297"}],"wp:term":[{"taxonomy":"product_brand","embeddable":true,"href":"https:\/\/nextsnkr.com\/fr\/wp-json\/wp\/v2\/product_brand?post=828297"},{"taxonomy":"product_cat","embeddable":true,"href":"https:\/\/nextsnkr.com\/fr\/wp-json\/wp\/v2\/product_cat?post=828297"},{"taxonomy":"product_tag","embeddable":true,"href":"https:\/\/nextsnkr.com\/fr\/wp-json\/wp\/v2\/product_tag?post=828297"}],"curies":[{"name":"wp","href":"https:\/\/api.w.org\/{rel}","templated":true}]}}