{"id":825921,"date":"2025-06-12T16:04:29","date_gmt":"2025-06-12T13:04:29","guid":{"rendered":"https:\/\/nextsnkr.com\/product\/1906r-grey-purple\/"},"modified":"2026-01-31T19:20:36","modified_gmt":"2026-01-31T16:20:36","slug":"1906r-grey-purple","status":"publish","type":"product","link":"https:\/\/nextsnkr.com\/fr\/produit\/1906r-grey-purple\/","title":{"rendered":"Baskets 1906r Grey Purple textile pour le confort et le style"},"content":{"rendered":"<h2>Baskets 1906r Grey Purple textile pour le confort et le style<\/h2>\n<p>Les baskets 1906r Grey Purple sont fabriqu\u00e9es \u00e0 partir de Textiles de qualit\u00e9, offrant l\u00e9g\u00e8ret\u00e9, respirabilit\u00e9 et confort lors de l&rsquo;usure quotidienne. Les nuances de gris et de violet ajoutent un style moderne et un caract\u00e8re unique \u00e0 l&rsquo;image. La conception l\u00e9g\u00e8re convient \u00e0 la marche, \u00e0 la ville et aux activit\u00e9s de plein air, et la fabrication fiable garantit la durabilit\u00e9. Choisissez les baskets 1906r pour des chaussures \u00e9l\u00e9gantes, pratiques et confortables tous les jours.<\/p>\n","protected":false},"excerpt":{"rendered":"<p>Les baskets 1906r Grey Purple sont fabriqu\u00e9es \u00e0 partir de Textiles de qualit\u00e9, offrant l\u00e9g\u00e8ret\u00e9, respirabilit\u00e9 et confort lors de l&rsquo;usure quotidienne. Les nuances de gris et de violet ajoutent un style moderne et un caract\u00e8re unique \u00e0 l&rsquo;image. La conception l\u00e9g\u00e8re convient \u00e0 la marche, \u00e0 la ville et aux activit\u00e9s de plein air, et la fabrication fiable garantit la durabilit\u00e9. Choisissez les baskets 1906r pour des chaussures \u00e9l\u00e9gantes, pratiques et confortables tous les jours.<\/p>\n","protected":false},"featured_media":825922,"comment_status":"open","ping_status":"open","template":"","meta":[],"product_brand":[],"product_cat":[3212,3213],"product_tag":[],"class_list":{"0":"post-825921","1":"product","2":"type-product","3":"status-publish","4":"has-post-thumbnail","6":"product_cat-all-product","7":"product_cat-krosivky","8":"pa_rozmir-910","9":"pa_rozmir-912","10":"pa_rozmir-914","11":"pa_rozmir-915","12":"pa_rozmir-916","13":"pa_rozmir-917","14":"pa_rozmir-918","15":"pa_rozmir-919","16":"pa_rozmir-920","17":"pa_rozmir-921","18":"pa_rozmir-922","20":"first","21":"instock","22":"purchasable","23":"product-type-variable"},"_links":{"self":[{"href":"https:\/\/nextsnkr.com\/fr\/wp-json\/wp\/v2\/product\/825921","targetHints":{"allow":["GET"]}}],"collection":[{"href":"https:\/\/nextsnkr.com\/fr\/wp-json\/wp\/v2\/product"}],"about":[{"href":"https:\/\/nextsnkr.com\/fr\/wp-json\/wp\/v2\/types\/product"}],"replies":[{"embeddable":true,"href":"https:\/\/nextsnkr.com\/fr\/wp-json\/wp\/v2\/comments?post=825921"}],"version-history":[{"count":0,"href":"https:\/\/nextsnkr.com\/fr\/wp-json\/wp\/v2\/product\/825921\/revisions"}],"wp:featuredmedia":[{"embeddable":true,"href":"https:\/\/nextsnkr.com\/fr\/wp-json\/wp\/v2\/media\/825922"}],"wp:attachment":[{"href":"https:\/\/nextsnkr.com\/fr\/wp-json\/wp\/v2\/media?parent=825921"}],"wp:term":[{"taxonomy":"product_brand","embeddable":true,"href":"https:\/\/nextsnkr.com\/fr\/wp-json\/wp\/v2\/product_brand?post=825921"},{"taxonomy":"product_cat","embeddable":true,"href":"https:\/\/nextsnkr.com\/fr\/wp-json\/wp\/v2\/product_cat?post=825921"},{"taxonomy":"product_tag","embeddable":true,"href":"https:\/\/nextsnkr.com\/fr\/wp-json\/wp\/v2\/product_tag?post=825921"}],"curies":[{"name":"wp","href":"https:\/\/api.w.org\/{rel}","templated":true}]}}