{"id":825243,"date":"2025-06-12T16:05:52","date_gmt":"2025-06-12T13:05:52","guid":{"rendered":"https:\/\/nextsnkr.com\/product\/1906r-x-jack-harlow\/"},"modified":"2026-01-31T19:20:17","modified_gmt":"2026-01-31T16:20:17","slug":"1906r-x-jack-harlow","status":"publish","type":"product","link":"https:\/\/nextsnkr.com\/fr\/produit\/1906r-x-jack-harlow\/","title":{"rendered":"Baskets 1906r x Jack Harlow textile \u00e9l\u00e9gantes et confortables"},"content":{"rendered":"<h2>Baskets 1906r x Jack Harlow textile \u00e9l\u00e9gantes et confortables<\/h2>\n<p>Les baskets 1906r x Jack Harlow sont fabriqu\u00e9es \u00e0 partir de Textiles de qualit\u00e9, ce qui procure l\u00e9g\u00e8ret\u00e9 et confort au quotidien. Le design en collaboration avec Jack Harlow ajoute un style unique et moderne \u00e0 votre look. La construction l\u00e9g\u00e8re et la semelle robuste les rendent parfaits pour la marche, la ville et les activit\u00e9s de plein air. Choisissez les baskets 1906r x Jack Harlow pour des chaussures confortables, \u00e9l\u00e9gantes et durables tous les jours.<\/p>\n","protected":false},"excerpt":{"rendered":"<p>Les baskets 1906r x Jack Harlow sont fabriqu\u00e9es \u00e0 partir de Textiles de qualit\u00e9, ce qui procure l\u00e9g\u00e8ret\u00e9 et confort au quotidien. Le design en collaboration avec Jack Harlow ajoute un style unique et moderne \u00e0 votre look. La construction l\u00e9g\u00e8re et la semelle robuste les rendent parfaits pour la marche, la ville et les activit\u00e9s de plein air. Choisissez les baskets 1906r x Jack Harlow pour des chaussures confortables, \u00e9l\u00e9gantes et durables tous les jours.<\/p>\n","protected":false},"featured_media":825244,"comment_status":"open","ping_status":"open","template":"","meta":[],"product_brand":[],"product_cat":[3212,3213],"product_tag":[],"class_list":{"0":"post-825243","1":"product","2":"type-product","3":"status-publish","4":"has-post-thumbnail","6":"product_cat-all-product","7":"product_cat-krosivky","8":"pa_rozmir-910","9":"pa_rozmir-912","10":"pa_rozmir-914","11":"pa_rozmir-915","12":"pa_rozmir-916","13":"pa_rozmir-917","14":"pa_rozmir-918","15":"pa_rozmir-919","16":"pa_rozmir-920","17":"pa_rozmir-921","18":"pa_rozmir-922","20":"first","21":"onbackorder","22":"purchasable","23":"product-type-variable"},"_links":{"self":[{"href":"https:\/\/nextsnkr.com\/fr\/wp-json\/wp\/v2\/product\/825243","targetHints":{"allow":["GET"]}}],"collection":[{"href":"https:\/\/nextsnkr.com\/fr\/wp-json\/wp\/v2\/product"}],"about":[{"href":"https:\/\/nextsnkr.com\/fr\/wp-json\/wp\/v2\/types\/product"}],"replies":[{"embeddable":true,"href":"https:\/\/nextsnkr.com\/fr\/wp-json\/wp\/v2\/comments?post=825243"}],"version-history":[{"count":0,"href":"https:\/\/nextsnkr.com\/fr\/wp-json\/wp\/v2\/product\/825243\/revisions"}],"wp:featuredmedia":[{"embeddable":true,"href":"https:\/\/nextsnkr.com\/fr\/wp-json\/wp\/v2\/media\/825244"}],"wp:attachment":[{"href":"https:\/\/nextsnkr.com\/fr\/wp-json\/wp\/v2\/media?parent=825243"}],"wp:term":[{"taxonomy":"product_brand","embeddable":true,"href":"https:\/\/nextsnkr.com\/fr\/wp-json\/wp\/v2\/product_brand?post=825243"},{"taxonomy":"product_cat","embeddable":true,"href":"https:\/\/nextsnkr.com\/fr\/wp-json\/wp\/v2\/product_cat?post=825243"},{"taxonomy":"product_tag","embeddable":true,"href":"https:\/\/nextsnkr.com\/fr\/wp-json\/wp\/v2\/product_tag?post=825243"}],"curies":[{"name":"wp","href":"https:\/\/api.w.org\/{rel}","templated":true}]}}