{"id":823351,"date":"2025-06-12T16:08:56","date_gmt":"2025-06-12T13:08:56","guid":{"rendered":"https:\/\/nextsnkr.com\/product\/ugg-classic-mini-clear-grey\/"},"modified":"2026-01-31T19:19:16","modified_gmt":"2026-01-31T16:19:16","slug":"ugg-classic-mini-clear-grey","status":"publish","type":"product","link":"https:\/\/nextsnkr.com\/fr\/produit\/ugg-classic-mini-clear-grey\/","title":{"rendered":"UGG Classic mini Clear Grey en caoutchouc avec peau de mouton \u00e9l\u00e9gant et confortable"},"content":{"rendered":"<h2>UGG Classic mini Clear Grey en caoutchouc avec peau de mouton \u00e9l\u00e9gant et confortable<\/h2>\n<p>Les bottes UGG Classic mini Clear Grey sont fabriqu\u00e9es \u00e0 partir d&rsquo;une combinaison de caoutchouc de qualit\u00e9 et de peau de mouton pour offrir chaleur, r\u00e9sistance \u00e0 l&rsquo;eau et confort de port. Le design gris transparent ajoute modernit\u00e9 et polyvalence, convient \u00e0 tous les looks. La construction l\u00e9g\u00e8re et la semelle confortable rendent le mod\u00e8le id\u00e9al pour la marche, la ville et les activit\u00e9s de plein air. Choisissez UGG Classic mini Clear Grey pour un look confortable, pratique et \u00e9l\u00e9gant tous les jours.<\/p>\n","protected":false},"excerpt":{"rendered":"<p>Les bottes UGG Classic mini Clear Grey sont fabriqu\u00e9es \u00e0 partir d&rsquo;une combinaison de caoutchouc de qualit\u00e9 et de peau de mouton pour offrir chaleur, r\u00e9sistance \u00e0 l&rsquo;eau et confort de port. Le design gris transparent ajoute modernit\u00e9 et polyvalence, convient \u00e0 tous les looks. La construction l\u00e9g\u00e8re et la semelle confortable rendent le mod\u00e8le id\u00e9al pour la marche, la ville et les activit\u00e9s de plein air. Choisissez UGG Classic mini Clear Grey pour un look confortable, pratique et \u00e9l\u00e9gant tous les jours.<\/p>\n","protected":false},"featured_media":823352,"comment_status":"open","ping_status":"open","template":"","meta":[],"product_brand":[],"product_cat":[3408,3212],"product_tag":[],"class_list":{"0":"post-823351","1":"product","2":"type-product","3":"status-publish","4":"has-post-thumbnail","6":"product_cat-ugg","7":"product_cat-all-product","8":"pa_rozmir-910","9":"pa_rozmir-912","10":"pa_rozmir-914","11":"pa_rozmir-915","12":"pa_rozmir-916","13":"pa_rozmir-917","14":"pa_rozmir-918","15":"pa_rozmir-919","16":"pa_rozmir-920","17":"pa_rozmir-921","18":"pa_rozmir-922","20":"first","21":"instock","22":"purchasable","23":"product-type-variable"},"_links":{"self":[{"href":"https:\/\/nextsnkr.com\/fr\/wp-json\/wp\/v2\/product\/823351","targetHints":{"allow":["GET"]}}],"collection":[{"href":"https:\/\/nextsnkr.com\/fr\/wp-json\/wp\/v2\/product"}],"about":[{"href":"https:\/\/nextsnkr.com\/fr\/wp-json\/wp\/v2\/types\/product"}],"replies":[{"embeddable":true,"href":"https:\/\/nextsnkr.com\/fr\/wp-json\/wp\/v2\/comments?post=823351"}],"version-history":[{"count":0,"href":"https:\/\/nextsnkr.com\/fr\/wp-json\/wp\/v2\/product\/823351\/revisions"}],"wp:featuredmedia":[{"embeddable":true,"href":"https:\/\/nextsnkr.com\/fr\/wp-json\/wp\/v2\/media\/823352"}],"wp:attachment":[{"href":"https:\/\/nextsnkr.com\/fr\/wp-json\/wp\/v2\/media?parent=823351"}],"wp:term":[{"taxonomy":"product_brand","embeddable":true,"href":"https:\/\/nextsnkr.com\/fr\/wp-json\/wp\/v2\/product_brand?post=823351"},{"taxonomy":"product_cat","embeddable":true,"href":"https:\/\/nextsnkr.com\/fr\/wp-json\/wp\/v2\/product_cat?post=823351"},{"taxonomy":"product_tag","embeddable":true,"href":"https:\/\/nextsnkr.com\/fr\/wp-json\/wp\/v2\/product_tag?post=823351"}],"curies":[{"name":"wp","href":"https:\/\/api.w.org\/{rel}","templated":true}]}}