{"id":820463,"date":"2025-06-12T16:12:19","date_gmt":"2025-06-12T13:12:19","guid":{"rendered":"https:\/\/nextsnkr.com\/product\/yeezy-350-v2-space-ash-due\/"},"modified":"2026-01-31T19:17:40","modified_gmt":"2026-01-31T16:17:40","slug":"yeezy-350-v2-space-ash-due","status":"publish","type":"product","link":"https:\/\/nextsnkr.com\/fr\/produit\/yeezy-350-v2-space-ash-due\/","title":{"rendered":"Baskets Yeezy 350 v2 Space Ash due textile pour usage quotidien"},"content":{"rendered":"<h2>Baskets Yeezy 350 v2 Space Ash due textile pour usage quotidien<\/h2>\n<p>Les baskets Yeezy 350 v2 Space Ash Due sont fabriqu\u00e9es dans des Textiles de haute qualit\u00e9, offrant l\u00e9g\u00e8ret\u00e9 et confort. Le mod\u00e8le allie parfaitement design moderne et praticit\u00e9 pour un usage quotidien. La semelle souple soutient le pied et ajoute du confort \u00e0 chaque \u00e9tape. La couleur \u00e9l\u00e9gante de Space Ash Due rend ces baskets polyvalentes pour n&rsquo;importe quel look. Choisissez Yeezy 350 V2 pour des chaussures \u00e0 la mode et confortables tous les jours.<\/p>\n","protected":false},"excerpt":{"rendered":"<p>Les baskets Yeezy 350 v2 Space Ash Due sont fabriqu\u00e9es dans des Textiles de haute qualit\u00e9, offrant l\u00e9g\u00e8ret\u00e9 et confort. Le mod\u00e8le allie parfaitement design moderne et praticit\u00e9 pour un usage quotidien. La semelle souple soutient le pied et ajoute du confort \u00e0 chaque \u00e9tape. La couleur \u00e9l\u00e9gante de Space Ash Due rend ces baskets polyvalentes pour n&rsquo;importe quel look. Choisissez Yeezy 350 V2 pour des chaussures \u00e0 la mode et confortables tous les jours.<\/p>\n","protected":false},"featured_media":820466,"comment_status":"open","ping_status":"open","template":"","meta":[],"product_brand":[],"product_cat":[3397,3212,3213],"product_tag":[],"class_list":{"0":"post-820463","1":"product","2":"type-product","3":"status-publish","4":"has-post-thumbnail","6":"product_cat-adidas-yeezy","7":"product_cat-all-product","8":"product_cat-krosivky","9":"pa_rozmir-910","10":"pa_rozmir-912","11":"pa_rozmir-914","12":"pa_rozmir-915","13":"pa_rozmir-916","14":"pa_rozmir-917","15":"pa_rozmir-918","16":"pa_rozmir-919","17":"pa_rozmir-920","18":"pa_rozmir-921","19":"pa_rozmir-922","21":"first","22":"instock","23":"purchasable","24":"product-type-variable"},"_links":{"self":[{"href":"https:\/\/nextsnkr.com\/fr\/wp-json\/wp\/v2\/product\/820463","targetHints":{"allow":["GET"]}}],"collection":[{"href":"https:\/\/nextsnkr.com\/fr\/wp-json\/wp\/v2\/product"}],"about":[{"href":"https:\/\/nextsnkr.com\/fr\/wp-json\/wp\/v2\/types\/product"}],"replies":[{"embeddable":true,"href":"https:\/\/nextsnkr.com\/fr\/wp-json\/wp\/v2\/comments?post=820463"}],"version-history":[{"count":0,"href":"https:\/\/nextsnkr.com\/fr\/wp-json\/wp\/v2\/product\/820463\/revisions"}],"wp:featuredmedia":[{"embeddable":true,"href":"https:\/\/nextsnkr.com\/fr\/wp-json\/wp\/v2\/media\/820466"}],"wp:attachment":[{"href":"https:\/\/nextsnkr.com\/fr\/wp-json\/wp\/v2\/media?parent=820463"}],"wp:term":[{"taxonomy":"product_brand","embeddable":true,"href":"https:\/\/nextsnkr.com\/fr\/wp-json\/wp\/v2\/product_brand?post=820463"},{"taxonomy":"product_cat","embeddable":true,"href":"https:\/\/nextsnkr.com\/fr\/wp-json\/wp\/v2\/product_cat?post=820463"},{"taxonomy":"product_tag","embeddable":true,"href":"https:\/\/nextsnkr.com\/fr\/wp-json\/wp\/v2\/product_tag?post=820463"}],"curies":[{"name":"wp","href":"https:\/\/api.w.org\/{rel}","templated":true}]}}