{"id":820134,"date":"2025-06-12T16:12:42","date_gmt":"2025-06-12T13:12:42","guid":{"rendered":"https:\/\/nextsnkr.com\/product\/yeezy-700-v3-fade\/"},"modified":"2026-01-31T19:17:31","modified_gmt":"2026-01-31T16:17:31","slug":"yeezy-700-v3-fade","status":"publish","type":"product","link":"https:\/\/nextsnkr.com\/fr\/produit\/yeezy-700-v3-fade\/","title":{"rendered":"Baskets Yeezy 700 v3 Fade textile pour usage quotidien"},"content":{"rendered":"<h2>Baskets Yeezy 700 v3 Fade textile pour usage quotidien<\/h2>\n<p>Les baskets Yeezy 700 v3 Fade sont fabriqu\u00e9es \u00e0 partir de Textiles de haute qualit\u00e9, offrant l\u00e9g\u00e8ret\u00e9 et confort tout en portant. Le mod\u00e8le combine un design \u00e9l\u00e9gant et pratique pour un usage quotidien. La semelle ergonomique soutient le pied et ajoute du confort \u00e0 chaque \u00e9tape. La couleur polyvalente Fade rend ces baskets parfaites pour n&rsquo;importe quel look. Choisissez Yeezy 700 v3 Fade pour des chaussures \u00e0 la mode et confortables tous les jours.<\/p>\n","protected":false},"excerpt":{"rendered":"<p>Les baskets Yeezy 700 v3 Fade sont fabriqu\u00e9es \u00e0 partir de Textiles de haute qualit\u00e9, offrant l\u00e9g\u00e8ret\u00e9 et confort tout en portant. Le mod\u00e8le combine un design \u00e9l\u00e9gant et pratique pour un usage quotidien. La semelle ergonomique soutient le pied et ajoute du confort \u00e0 chaque \u00e9tape. La couleur polyvalente Fade rend ces baskets parfaites pour n&rsquo;importe quel look. Choisissez Yeezy 700 v3 Fade pour des chaussures \u00e0 la mode et confortables tous les jours.<\/p>\n","protected":false},"featured_media":820136,"comment_status":"open","ping_status":"open","template":"","meta":[],"product_brand":[],"product_cat":[3397,3212,3213],"product_tag":[],"class_list":{"0":"post-820134","1":"product","2":"type-product","3":"status-publish","4":"has-post-thumbnail","6":"product_cat-adidas-yeezy","7":"product_cat-all-product","8":"product_cat-krosivky","9":"pa_rozmir-910","10":"pa_rozmir-912","11":"pa_rozmir-914","12":"pa_rozmir-915","13":"pa_rozmir-916","14":"pa_rozmir-917","15":"pa_rozmir-918","16":"pa_rozmir-919","17":"pa_rozmir-920","18":"pa_rozmir-921","19":"pa_rozmir-922","21":"first","22":"instock","23":"purchasable","24":"product-type-variable"},"_links":{"self":[{"href":"https:\/\/nextsnkr.com\/fr\/wp-json\/wp\/v2\/product\/820134","targetHints":{"allow":["GET"]}}],"collection":[{"href":"https:\/\/nextsnkr.com\/fr\/wp-json\/wp\/v2\/product"}],"about":[{"href":"https:\/\/nextsnkr.com\/fr\/wp-json\/wp\/v2\/types\/product"}],"replies":[{"embeddable":true,"href":"https:\/\/nextsnkr.com\/fr\/wp-json\/wp\/v2\/comments?post=820134"}],"version-history":[{"count":0,"href":"https:\/\/nextsnkr.com\/fr\/wp-json\/wp\/v2\/product\/820134\/revisions"}],"wp:featuredmedia":[{"embeddable":true,"href":"https:\/\/nextsnkr.com\/fr\/wp-json\/wp\/v2\/media\/820136"}],"wp:attachment":[{"href":"https:\/\/nextsnkr.com\/fr\/wp-json\/wp\/v2\/media?parent=820134"}],"wp:term":[{"taxonomy":"product_brand","embeddable":true,"href":"https:\/\/nextsnkr.com\/fr\/wp-json\/wp\/v2\/product_brand?post=820134"},{"taxonomy":"product_cat","embeddable":true,"href":"https:\/\/nextsnkr.com\/fr\/wp-json\/wp\/v2\/product_cat?post=820134"},{"taxonomy":"product_tag","embeddable":true,"href":"https:\/\/nextsnkr.com\/fr\/wp-json\/wp\/v2\/product_tag?post=820134"}],"curies":[{"name":"wp","href":"https:\/\/api.w.org\/{rel}","templated":true}]}}