{"id":819455,"date":"2025-06-12T16:13:22","date_gmt":"2025-06-12T13:13:22","guid":{"rendered":"https:\/\/nextsnkr.com\/product\/350-v2-synth-reflective-pink\/"},"modified":"2026-01-31T19:17:04","modified_gmt":"2026-01-31T16:17:04","slug":"350-v2-synth-reflective-pink","status":"publish","type":"product","link":"https:\/\/nextsnkr.com\/fr\/produit\/350-v2-synth-reflective-pink\/","title":{"rendered":"Baskets Textiles 350 v2 Synth Reflective Pink"},"content":{"rendered":"<h2>Baskets Textiles 350 v2 Synth Reflective Pink<\/h2>\n<p>Les baskets 350 v2 Synth Reflective Pink combinent un design rose vif et des Textiles de qualit\u00e9 pour plus de confort et de durabilit\u00e9. Le mod\u00e8le est \u00e9quip\u00e9 d&rsquo;\u00e9l\u00e9ments r\u00e9flexes qui am\u00e9liorent la visibilit\u00e9 dans l&rsquo;obscurit\u00e9, id\u00e9al pour un mode de vie actif et un port quotidien. \u00c9l\u00e9gant et moderne, ils compl\u00e9teront n&rsquo;importe quel look et rendront vos promenades plus s\u00fbres et confortables. Choisissez 350 v2 Synth Reflective Pink pour des chaussures \u00e0 la mode et fiables.<\/p>\n","protected":false},"excerpt":{"rendered":"<p>Les baskets 350 v2 Synth Reflective Pink combinent un design rose vif et des Textiles de qualit\u00e9 pour plus de confort et de durabilit\u00e9. Le mod\u00e8le est \u00e9quip\u00e9 d&rsquo;\u00e9l\u00e9ments r\u00e9flexes qui am\u00e9liorent la visibilit\u00e9 dans l&rsquo;obscurit\u00e9, id\u00e9al pour un mode de vie actif et un port quotidien. \u00c9l\u00e9gant et moderne, ils compl\u00e9teront n&rsquo;importe quel look et rendront vos promenades plus s\u00fbres et confortables. Choisissez 350 v2 Synth Reflective Pink pour des chaussures \u00e0 la mode et fiables.<\/p>\n","protected":false},"featured_media":819458,"comment_status":"open","ping_status":"open","template":"","meta":[],"product_brand":[],"product_cat":[3212,3213],"product_tag":[],"class_list":{"0":"post-819455","1":"product","2":"type-product","3":"status-publish","4":"has-post-thumbnail","6":"product_cat-all-product","7":"product_cat-krosivky","8":"pa_rozmir-910","9":"pa_rozmir-912","10":"pa_rozmir-914","11":"pa_rozmir-915","12":"pa_rozmir-916","13":"pa_rozmir-917","14":"pa_rozmir-918","15":"pa_rozmir-919","16":"pa_rozmir-920","17":"pa_rozmir-921","18":"pa_rozmir-922","20":"first","21":"onbackorder","22":"purchasable","23":"product-type-variable"},"_links":{"self":[{"href":"https:\/\/nextsnkr.com\/fr\/wp-json\/wp\/v2\/product\/819455","targetHints":{"allow":["GET"]}}],"collection":[{"href":"https:\/\/nextsnkr.com\/fr\/wp-json\/wp\/v2\/product"}],"about":[{"href":"https:\/\/nextsnkr.com\/fr\/wp-json\/wp\/v2\/types\/product"}],"replies":[{"embeddable":true,"href":"https:\/\/nextsnkr.com\/fr\/wp-json\/wp\/v2\/comments?post=819455"}],"version-history":[{"count":0,"href":"https:\/\/nextsnkr.com\/fr\/wp-json\/wp\/v2\/product\/819455\/revisions"}],"wp:featuredmedia":[{"embeddable":true,"href":"https:\/\/nextsnkr.com\/fr\/wp-json\/wp\/v2\/media\/819458"}],"wp:attachment":[{"href":"https:\/\/nextsnkr.com\/fr\/wp-json\/wp\/v2\/media?parent=819455"}],"wp:term":[{"taxonomy":"product_brand","embeddable":true,"href":"https:\/\/nextsnkr.com\/fr\/wp-json\/wp\/v2\/product_brand?post=819455"},{"taxonomy":"product_cat","embeddable":true,"href":"https:\/\/nextsnkr.com\/fr\/wp-json\/wp\/v2\/product_cat?post=819455"},{"taxonomy":"product_tag","embeddable":true,"href":"https:\/\/nextsnkr.com\/fr\/wp-json\/wp\/v2\/product_tag?post=819455"}],"curies":[{"name":"wp","href":"https:\/\/api.w.org\/{rel}","templated":true}]}}