{"id":819205,"date":"2025-06-13T09:35:36","date_gmt":"2025-06-13T06:35:36","guid":{"rendered":"https:\/\/nextsnkr.com\/product\/new-balance-530-silver-gold\/"},"modified":"2026-01-31T19:16:59","modified_gmt":"2026-01-31T16:16:59","slug":"new-balance-530-silver-gold","status":"publish","type":"product","link":"https:\/\/nextsnkr.com\/fr\/produit\/new-balance-530-silver-gold\/","title":{"rendered":"Baskets New Balance 530 Silver Gold cuir \/ textile-style et confort"},"content":{"rendered":"<h2>Baskets New Balance 530 Silver Gold cuir \/ textile-style et confort<\/h2>\n<p>Les baskets modernes New Balance 530 Silver Gold sont fabriqu\u00e9es \u00e0 partir de cuir et de Textiles de haute qualit\u00e9, offrant confort, durabilit\u00e9 et respirabilit\u00e9. La combinaison de couleurs argent-or ajoute de la luminosit\u00e9 et rend le mod\u00e8le polyvalent pour un usage quotidien. Fabriqu\u00e9es au Vietnam, ces baskets garantissent une qualit\u00e9 fiable, un ajustement confortable et un design \u00e9l\u00e9gant pour un style de vie actif et des looks \u00e0 la mode. Code: NB054-450604.<\/p>\n","protected":false},"excerpt":{"rendered":"<p>Les baskets modernes New Balance 530 Silver Gold sont fabriqu\u00e9es \u00e0 partir de cuir et de Textiles de haute qualit\u00e9, offrant confort, durabilit\u00e9 et respirabilit\u00e9. La combinaison de couleurs argent-or ajoute de la luminosit\u00e9 et rend le mod\u00e8le polyvalent pour un usage quotidien. Fabriqu\u00e9es au Vietnam, ces baskets garantissent une qualit\u00e9 fiable, un ajustement confortable et un design \u00e9l\u00e9gant pour un style de vie actif et des looks \u00e0 la mode. Code: NB054-450604.<\/p>\n","protected":false},"featured_media":819208,"comment_status":"open","ping_status":"open","template":"","meta":[],"product_brand":[],"product_cat":[3212,3213],"product_tag":[],"class_list":{"0":"post-819205","1":"product","2":"type-product","3":"status-publish","4":"has-post-thumbnail","6":"product_cat-all-product","7":"product_cat-krosivky","8":"pa_rozmir-910","9":"pa_rozmir-912","10":"pa_rozmir-914","11":"pa_rozmir-915","12":"pa_rozmir-916","13":"pa_rozmir-917","14":"pa_rozmir-918","15":"pa_rozmir-919","16":"pa_rozmir-920","17":"pa_rozmir-921","18":"pa_rozmir-922","20":"first","21":"instock","22":"purchasable","23":"product-type-variable"},"_links":{"self":[{"href":"https:\/\/nextsnkr.com\/fr\/wp-json\/wp\/v2\/product\/819205","targetHints":{"allow":["GET"]}}],"collection":[{"href":"https:\/\/nextsnkr.com\/fr\/wp-json\/wp\/v2\/product"}],"about":[{"href":"https:\/\/nextsnkr.com\/fr\/wp-json\/wp\/v2\/types\/product"}],"replies":[{"embeddable":true,"href":"https:\/\/nextsnkr.com\/fr\/wp-json\/wp\/v2\/comments?post=819205"}],"version-history":[{"count":0,"href":"https:\/\/nextsnkr.com\/fr\/wp-json\/wp\/v2\/product\/819205\/revisions"}],"wp:featuredmedia":[{"embeddable":true,"href":"https:\/\/nextsnkr.com\/fr\/wp-json\/wp\/v2\/media\/819208"}],"wp:attachment":[{"href":"https:\/\/nextsnkr.com\/fr\/wp-json\/wp\/v2\/media?parent=819205"}],"wp:term":[{"taxonomy":"product_brand","embeddable":true,"href":"https:\/\/nextsnkr.com\/fr\/wp-json\/wp\/v2\/product_brand?post=819205"},{"taxonomy":"product_cat","embeddable":true,"href":"https:\/\/nextsnkr.com\/fr\/wp-json\/wp\/v2\/product_cat?post=819205"},{"taxonomy":"product_tag","embeddable":true,"href":"https:\/\/nextsnkr.com\/fr\/wp-json\/wp\/v2\/product_tag?post=819205"}],"curies":[{"name":"wp","href":"https:\/\/api.w.org\/{rel}","templated":true}]}}