{"id":819111,"date":"2025-06-12T16:13:41","date_gmt":"2025-06-12T13:13:41","guid":{"rendered":"https:\/\/nextsnkr.com\/product\/dior\/"},"modified":"2026-01-31T19:16:54","modified_gmt":"2026-01-31T16:16:54","slug":"dior","status":"publish","type":"product","link":"https:\/\/nextsnkr.com\/fr\/produit\/dior\/","title":{"rendered":"Les baskets Dior sont \u00e9l\u00e9gantes et confortables pour un usage quotidien"},"content":{"rendered":"<h2>Les baskets Dior sont \u00e9l\u00e9gantes et confortables pour un usage quotidien<\/h2>\n<p>Les baskets Dior allient design \u00e9l\u00e9gant et confort pour un port quotidien. Fabriqu\u00e9s \u00e0 partir de mat\u00e9riaux de haute qualit\u00e9, ils offrent confort et durabilit\u00e9. Id\u00e9al pour cr\u00e9er une image \u00e0 la mode, ils mettront en valeur votre style et votre personnalit\u00e9. Choisissez des baskets Dior pour une vie active et \u00e9l\u00e9gante tout en profitant de la qualit\u00e9 et du prestige d&rsquo;une marque bien connue.<\/p>\n","protected":false},"excerpt":{"rendered":"<p>Les baskets Dior allient design \u00e9l\u00e9gant et confort pour un port quotidien. Fabriqu\u00e9s \u00e0 partir de mat\u00e9riaux de haute qualit\u00e9, ils offrent confort et durabilit\u00e9. Id\u00e9al pour cr\u00e9er une image \u00e0 la mode, ils mettront en valeur votre style et votre personnalit\u00e9. Choisissez des baskets Dior pour une vie active et \u00e9l\u00e9gante tout en profitant de la qualit\u00e9 et du prestige d&rsquo;une marque bien connue.<\/p>\n","protected":false},"featured_media":819115,"comment_status":"open","ping_status":"open","template":"","meta":[],"product_brand":[],"product_cat":[3212,3213],"product_tag":[],"class_list":{"0":"post-819111","1":"product","2":"type-product","3":"status-publish","4":"has-post-thumbnail","6":"product_cat-all-product","7":"product_cat-krosivky","8":"pa_rozmir-910","9":"pa_rozmir-912","10":"pa_rozmir-914","11":"pa_rozmir-915","12":"pa_rozmir-916","13":"pa_rozmir-917","14":"pa_rozmir-918","15":"pa_rozmir-919","16":"pa_rozmir-920","17":"pa_rozmir-921","18":"pa_rozmir-922","20":"first","21":"instock","22":"purchasable","23":"product-type-variable"},"_links":{"self":[{"href":"https:\/\/nextsnkr.com\/fr\/wp-json\/wp\/v2\/product\/819111","targetHints":{"allow":["GET"]}}],"collection":[{"href":"https:\/\/nextsnkr.com\/fr\/wp-json\/wp\/v2\/product"}],"about":[{"href":"https:\/\/nextsnkr.com\/fr\/wp-json\/wp\/v2\/types\/product"}],"replies":[{"embeddable":true,"href":"https:\/\/nextsnkr.com\/fr\/wp-json\/wp\/v2\/comments?post=819111"}],"version-history":[{"count":0,"href":"https:\/\/nextsnkr.com\/fr\/wp-json\/wp\/v2\/product\/819111\/revisions"}],"wp:featuredmedia":[{"embeddable":true,"href":"https:\/\/nextsnkr.com\/fr\/wp-json\/wp\/v2\/media\/819115"}],"wp:attachment":[{"href":"https:\/\/nextsnkr.com\/fr\/wp-json\/wp\/v2\/media?parent=819111"}],"wp:term":[{"taxonomy":"product_brand","embeddable":true,"href":"https:\/\/nextsnkr.com\/fr\/wp-json\/wp\/v2\/product_brand?post=819111"},{"taxonomy":"product_cat","embeddable":true,"href":"https:\/\/nextsnkr.com\/fr\/wp-json\/wp\/v2\/product_cat?post=819111"},{"taxonomy":"product_tag","embeddable":true,"href":"https:\/\/nextsnkr.com\/fr\/wp-json\/wp\/v2\/product_tag?post=819111"}],"curies":[{"name":"wp","href":"https:\/\/api.w.org\/{rel}","templated":true}]}}