{"id":818182,"date":"2025-06-13T09:36:40","date_gmt":"2025-06-13T06:36:40","guid":{"rendered":"https:\/\/nextsnkr.com\/product\/miu-miu-x-new-balance-brown-suede\/"},"modified":"2026-01-31T19:16:32","modified_gmt":"2026-01-31T16:16:32","slug":"miu-miu-x-new-balance-brown-suede","status":"publish","type":"product","link":"https:\/\/nextsnkr.com\/fr\/produit\/miu-miu-x-new-balance-brown-suede\/","title":{"rendered":"Baskets Miu Miu x New Balance Brown Suede en daim-style Premium"},"content":{"rendered":"<h2>Baskets Miu Miu x New Balance Brown Suede en daim-style Premium<\/h2>\n<p>Les \u00e9l\u00e9gantes baskets Miu Miu x New Balance Brown Suede sont fabriqu\u00e9es en daim de haute qualit\u00e9 pour un confort, une durabilit\u00e9 et un look luxueux. La teinte brune ajoute de la polyvalence et de l&rsquo;\u00e9l\u00e9gance, faisant du mod\u00e8le un accent brillant dans n&rsquo;importe quelle image. Fabriqu\u00e9s au Vietnam, ces baskets garantissent une qualit\u00e9 fiable, un ajustement confortable et un design haut de gamme \u00e9l\u00e9gant pour un port quotidien et des occasions sp\u00e9ciales. Code: NB089-1021421.<\/p>\n","protected":false},"excerpt":{"rendered":"<p>Les \u00e9l\u00e9gantes baskets Miu Miu x New Balance Brown Suede sont fabriqu\u00e9es en daim de haute qualit\u00e9 pour un confort, une durabilit\u00e9 et un look luxueux. La teinte brune ajoute de la polyvalence et de l&rsquo;\u00e9l\u00e9gance, faisant du mod\u00e8le un accent brillant dans n&rsquo;importe quelle image. Fabriqu\u00e9s au Vietnam, ces baskets garantissent une qualit\u00e9 fiable, un ajustement confortable et un design haut de gamme \u00e9l\u00e9gant pour un port quotidien et des occasions sp\u00e9ciales. Code: NB089-1021421.<\/p>\n","protected":false},"featured_media":818186,"comment_status":"open","ping_status":"open","template":"","meta":[],"product_brand":[],"product_cat":[3212,3213],"product_tag":[],"class_list":{"0":"post-818182","1":"product","2":"type-product","3":"status-publish","4":"has-post-thumbnail","6":"product_cat-all-product","7":"product_cat-krosivky","8":"pa_rozmir-910","9":"pa_rozmir-912","10":"pa_rozmir-914","11":"pa_rozmir-915","12":"pa_rozmir-916","13":"pa_rozmir-917","14":"pa_rozmir-918","15":"pa_rozmir-919","16":"pa_rozmir-920","17":"pa_rozmir-921","18":"pa_rozmir-922","20":"first","21":"onbackorder","22":"purchasable","23":"product-type-variable"},"_links":{"self":[{"href":"https:\/\/nextsnkr.com\/fr\/wp-json\/wp\/v2\/product\/818182","targetHints":{"allow":["GET"]}}],"collection":[{"href":"https:\/\/nextsnkr.com\/fr\/wp-json\/wp\/v2\/product"}],"about":[{"href":"https:\/\/nextsnkr.com\/fr\/wp-json\/wp\/v2\/types\/product"}],"replies":[{"embeddable":true,"href":"https:\/\/nextsnkr.com\/fr\/wp-json\/wp\/v2\/comments?post=818182"}],"version-history":[{"count":0,"href":"https:\/\/nextsnkr.com\/fr\/wp-json\/wp\/v2\/product\/818182\/revisions"}],"wp:featuredmedia":[{"embeddable":true,"href":"https:\/\/nextsnkr.com\/fr\/wp-json\/wp\/v2\/media\/818186"}],"wp:attachment":[{"href":"https:\/\/nextsnkr.com\/fr\/wp-json\/wp\/v2\/media?parent=818182"}],"wp:term":[{"taxonomy":"product_brand","embeddable":true,"href":"https:\/\/nextsnkr.com\/fr\/wp-json\/wp\/v2\/product_brand?post=818182"},{"taxonomy":"product_cat","embeddable":true,"href":"https:\/\/nextsnkr.com\/fr\/wp-json\/wp\/v2\/product_cat?post=818182"},{"taxonomy":"product_tag","embeddable":true,"href":"https:\/\/nextsnkr.com\/fr\/wp-json\/wp\/v2\/product_tag?post=818182"}],"curies":[{"name":"wp","href":"https:\/\/api.w.org\/{rel}","templated":true}]}}