{"id":814431,"date":"2025-06-13T09:41:50","date_gmt":"2025-06-13T06:41:50","guid":{"rendered":"https:\/\/nextsnkr.com\/product\/adidas-yeezy-500-enflame\/"},"modified":"2026-01-31T19:14:32","modified_gmt":"2026-01-31T16:14:32","slug":"adidas-yeezy-500-enflame","status":"publish","type":"product","link":"https:\/\/nextsnkr.com\/fr\/produit\/adidas-yeezy-500-enflame\/","title":{"rendered":"Baskets Adidas Yeezy 500 Enflamme daim \/ maille &#8211; style et confort"},"content":{"rendered":"<h2>Baskets Adidas Yeezy 500 Enflamme daim \/ maille &#8211; style et confort<\/h2>\n<p>Les \u00e9l\u00e9gantes baskets Adidas Yeezy 500 Enflamme sont fabriqu\u00e9es \u00e0 partir d&rsquo;une combinaison de daim et de maille, offrant confort, durabilit\u00e9 et respirabilit\u00e9. Le design lumineux du mod\u00e8le ajoute de la modernit\u00e9 et souligne le style individuel, ce qui en fait un choix polyvalent pour un usage quotidien. Fabriqu\u00e9s en Chine, les baskets garantissent la qualit\u00e9, un ajustement confortable et la fiabilit\u00e9. Id\u00e9al pour un style de vie actif et des images \u00e9l\u00e9gantes. Code: YE075-409505.<\/p>\n","protected":false},"excerpt":{"rendered":"<p>Les \u00e9l\u00e9gantes baskets Adidas Yeezy 500 Enflamme sont fabriqu\u00e9es \u00e0 partir d&rsquo;une combinaison de daim et de maille, offrant confort, durabilit\u00e9 et respirabilit\u00e9. Le design lumineux du mod\u00e8le ajoute de la modernit\u00e9 et souligne le style individuel, ce qui en fait un choix polyvalent pour un usage quotidien. Fabriqu\u00e9s en Chine, les baskets garantissent la qualit\u00e9, un ajustement confortable et la fiabilit\u00e9. Id\u00e9al pour un style de vie actif et des images \u00e9l\u00e9gantes. Code: YE075-409505.<\/p>\n","protected":false},"featured_media":814435,"comment_status":"open","ping_status":"open","template":"","meta":[],"product_brand":[],"product_cat":[3397,3212,3213],"product_tag":[],"class_list":{"0":"post-814431","1":"product","2":"type-product","3":"status-publish","4":"has-post-thumbnail","6":"product_cat-adidas-yeezy","7":"product_cat-all-product","8":"product_cat-krosivky","9":"pa_rozmir-910","10":"pa_rozmir-912","11":"pa_rozmir-914","12":"pa_rozmir-915","13":"pa_rozmir-916","14":"pa_rozmir-917","15":"pa_rozmir-918","16":"pa_rozmir-919","17":"pa_rozmir-920","18":"pa_rozmir-921","19":"pa_rozmir-922","21":"first","22":"onbackorder","23":"purchasable","24":"product-type-variable"},"_links":{"self":[{"href":"https:\/\/nextsnkr.com\/fr\/wp-json\/wp\/v2\/product\/814431","targetHints":{"allow":["GET"]}}],"collection":[{"href":"https:\/\/nextsnkr.com\/fr\/wp-json\/wp\/v2\/product"}],"about":[{"href":"https:\/\/nextsnkr.com\/fr\/wp-json\/wp\/v2\/types\/product"}],"replies":[{"embeddable":true,"href":"https:\/\/nextsnkr.com\/fr\/wp-json\/wp\/v2\/comments?post=814431"}],"version-history":[{"count":0,"href":"https:\/\/nextsnkr.com\/fr\/wp-json\/wp\/v2\/product\/814431\/revisions"}],"wp:featuredmedia":[{"embeddable":true,"href":"https:\/\/nextsnkr.com\/fr\/wp-json\/wp\/v2\/media\/814435"}],"wp:attachment":[{"href":"https:\/\/nextsnkr.com\/fr\/wp-json\/wp\/v2\/media?parent=814431"}],"wp:term":[{"taxonomy":"product_brand","embeddable":true,"href":"https:\/\/nextsnkr.com\/fr\/wp-json\/wp\/v2\/product_brand?post=814431"},{"taxonomy":"product_cat","embeddable":true,"href":"https:\/\/nextsnkr.com\/fr\/wp-json\/wp\/v2\/product_cat?post=814431"},{"taxonomy":"product_tag","embeddable":true,"href":"https:\/\/nextsnkr.com\/fr\/wp-json\/wp\/v2\/product_tag?post=814431"}],"curies":[{"name":"wp","href":"https:\/\/api.w.org\/{rel}","templated":true}]}}