{"id":813687,"date":"2025-06-12T16:20:10","date_gmt":"2025-06-12T13:20:10","guid":{"rendered":"https:\/\/nextsnkr.com\/product\/dior-beige-sock\/"},"modified":"2026-01-31T19:13:57","modified_gmt":"2026-01-31T16:13:57","slug":"dior-beige-sock","status":"publish","type":"product","link":"https:\/\/nextsnkr.com\/fr\/produit\/dior-beige-sock\/","title":{"rendered":"Bottes Dior Beige Sock-bottes en cuir \u00e9l\u00e9gantes pour femmes"},"content":{"rendered":"<h2>Bottes Dior Beige Sock-bottes en cuir \u00e9l\u00e9gantes pour femmes<\/h2>\n<p>Les bottes Dior Beige Sock sont une combinaison de cuir haut de gamme et de Textiles \u00e9lastiques pour un confort et un style quotidiens. Le mod\u00e8le de couleur beige est cr\u00e9\u00e9 en mettant l&rsquo;accent sur le design moderne et pratique. La fabrication turque garantit une performance de qualit\u00e9 et une durabilit\u00e9. Parfait pour les looks de tous les jours et \u00e0 la mode, offrant une commodit\u00e9 tout en marchant. Choisissez l&rsquo;\u00e9l\u00e9gance et le confort \u00e0 chaque \u00e9tape.<\/p>\n","protected":false},"excerpt":{"rendered":"<p>Les bottes Dior Beige Sock sont une combinaison de cuir haut de gamme et de Textiles \u00e9lastiques pour un confort et un style quotidiens. Le mod\u00e8le de couleur beige est cr\u00e9\u00e9 en mettant l&rsquo;accent sur le design moderne et pratique. La fabrication turque garantit une performance de qualit\u00e9 et une durabilit\u00e9. Parfait pour les looks de tous les jours et \u00e0 la mode, offrant une commodit\u00e9 tout en marchant. Choisissez l&rsquo;\u00e9l\u00e9gance et le confort \u00e0 chaque \u00e9tape.<\/p>\n","protected":false},"featured_media":812320,"comment_status":"open","ping_status":"open","template":"","meta":[],"product_brand":[],"product_cat":[3212,3332],"product_tag":[],"class_list":{"0":"post-813687","1":"product","2":"type-product","3":"status-publish","4":"has-post-thumbnail","6":"product_cat-all-product","7":"product_cat-cherevyky","8":"pa_rozmir-910","9":"pa_rozmir-912","10":"pa_rozmir-914","11":"pa_rozmir-915","12":"pa_rozmir-916","13":"pa_rozmir-917","14":"pa_rozmir-918","15":"pa_rozmir-919","16":"pa_rozmir-920","17":"pa_rozmir-921","18":"pa_rozmir-922","20":"first","21":"instock","22":"purchasable","23":"product-type-variable"},"_links":{"self":[{"href":"https:\/\/nextsnkr.com\/fr\/wp-json\/wp\/v2\/product\/813687","targetHints":{"allow":["GET"]}}],"collection":[{"href":"https:\/\/nextsnkr.com\/fr\/wp-json\/wp\/v2\/product"}],"about":[{"href":"https:\/\/nextsnkr.com\/fr\/wp-json\/wp\/v2\/types\/product"}],"replies":[{"embeddable":true,"href":"https:\/\/nextsnkr.com\/fr\/wp-json\/wp\/v2\/comments?post=813687"}],"version-history":[{"count":0,"href":"https:\/\/nextsnkr.com\/fr\/wp-json\/wp\/v2\/product\/813687\/revisions"}],"wp:featuredmedia":[{"embeddable":true,"href":"https:\/\/nextsnkr.com\/fr\/wp-json\/wp\/v2\/media\/812320"}],"wp:attachment":[{"href":"https:\/\/nextsnkr.com\/fr\/wp-json\/wp\/v2\/media?parent=813687"}],"wp:term":[{"taxonomy":"product_brand","embeddable":true,"href":"https:\/\/nextsnkr.com\/fr\/wp-json\/wp\/v2\/product_brand?post=813687"},{"taxonomy":"product_cat","embeddable":true,"href":"https:\/\/nextsnkr.com\/fr\/wp-json\/wp\/v2\/product_cat?post=813687"},{"taxonomy":"product_tag","embeddable":true,"href":"https:\/\/nextsnkr.com\/fr\/wp-json\/wp\/v2\/product_tag?post=813687"}],"curies":[{"name":"wp","href":"https:\/\/api.w.org\/{rel}","templated":true}]}}