{"id":812097,"date":"2025-06-13T09:44:39","date_gmt":"2025-06-13T06:44:39","guid":{"rendered":"https:\/\/nextsnkr.com\/product\/jadon-black\/"},"modified":"2026-01-31T19:13:05","modified_gmt":"2026-01-31T16:13:05","slug":"jadon-black","status":"publish","type":"product","link":"https:\/\/nextsnkr.com\/fr\/produit\/jadon-black\/","title":{"rendered":"Bottes 1460 Black Gloss en cuir verni-vente \u00e9l\u00e9gante"},"content":{"rendered":"<h2>Bottes 1460 Black Gloss en cuir verni-vente \u00e9l\u00e9gante<\/h2>\n<p>Les bottes 1460 Black Gloss sont fabriqu\u00e9es en cuir verni de haute qualit\u00e9 pour une brillance et une durabilit\u00e9 \u00e9l\u00e9gantes. Le mod\u00e8le de la c\u00e9l\u00e8bre marque est id\u00e9al pour porter tous les jours et cr\u00e9er un look \u00e9l\u00e9gant. Un coussinet confortable, une semelle robuste et un design moderne font de ces bottes un choix pratique et \u00e0 la mode. La vente limit\u00e9e est une excellente occasion d&rsquo;acheter des bottes de qualit\u00e9 \u00e0 un prix avantageux.<\/p>\n","protected":false},"excerpt":{"rendered":"<p>Les bottes 1460 Black Gloss sont fabriqu\u00e9es en cuir verni de haute qualit\u00e9 pour une brillance et une durabilit\u00e9 \u00e9l\u00e9gantes. Le mod\u00e8le de la c\u00e9l\u00e8bre marque est id\u00e9al pour porter tous les jours et cr\u00e9er un look \u00e9l\u00e9gant. Un coussinet confortable, une semelle robuste et un design moderne font de ces bottes un choix pratique et \u00e0 la mode. La vente limit\u00e9e est une excellente occasion d&rsquo;acheter des bottes de qualit\u00e9 \u00e0 un prix avantageux.<\/p>\n","protected":false},"featured_media":812100,"comment_status":"open","ping_status":"open","template":"","meta":[],"product_brand":[],"product_cat":[3212,3332],"product_tag":[],"class_list":{"0":"post-812097","1":"product","2":"type-product","3":"status-publish","4":"has-post-thumbnail","6":"product_cat-all-product","7":"product_cat-cherevyky","8":"pa_rozmir-910","9":"pa_rozmir-912","10":"pa_rozmir-914","11":"pa_rozmir-915","12":"pa_rozmir-916","13":"pa_rozmir-917","14":"pa_rozmir-918","15":"pa_rozmir-919","16":"pa_rozmir-920","17":"pa_rozmir-921","18":"pa_rozmir-922","20":"first","21":"instock","22":"purchasable","23":"product-type-variable"},"_links":{"self":[{"href":"https:\/\/nextsnkr.com\/fr\/wp-json\/wp\/v2\/product\/812097","targetHints":{"allow":["GET"]}}],"collection":[{"href":"https:\/\/nextsnkr.com\/fr\/wp-json\/wp\/v2\/product"}],"about":[{"href":"https:\/\/nextsnkr.com\/fr\/wp-json\/wp\/v2\/types\/product"}],"replies":[{"embeddable":true,"href":"https:\/\/nextsnkr.com\/fr\/wp-json\/wp\/v2\/comments?post=812097"}],"version-history":[{"count":0,"href":"https:\/\/nextsnkr.com\/fr\/wp-json\/wp\/v2\/product\/812097\/revisions"}],"wp:featuredmedia":[{"embeddable":true,"href":"https:\/\/nextsnkr.com\/fr\/wp-json\/wp\/v2\/media\/812100"}],"wp:attachment":[{"href":"https:\/\/nextsnkr.com\/fr\/wp-json\/wp\/v2\/media?parent=812097"}],"wp:term":[{"taxonomy":"product_brand","embeddable":true,"href":"https:\/\/nextsnkr.com\/fr\/wp-json\/wp\/v2\/product_brand?post=812097"},{"taxonomy":"product_cat","embeddable":true,"href":"https:\/\/nextsnkr.com\/fr\/wp-json\/wp\/v2\/product_cat?post=812097"},{"taxonomy":"product_tag","embeddable":true,"href":"https:\/\/nextsnkr.com\/fr\/wp-json\/wp\/v2\/product_tag?post=812097"}],"curies":[{"name":"wp","href":"https:\/\/api.w.org\/{rel}","templated":true}]}}