{"id":811410,"date":"2025-06-13T09:45:21","date_gmt":"2025-06-13T06:45:21","guid":{"rendered":"https:\/\/nextsnkr.com\/product\/jadon-white-mekh-rozprodazh\/"},"modified":"2026-01-31T19:12:42","modified_gmt":"2026-01-31T16:12:42","slug":"jadon-white-mekh-rozprodazh","status":"publish","type":"product","link":"https:\/\/nextsnkr.com\/fr\/produit\/jadon-white-mekh-rozprodazh\/","title":{"rendered":"Bottes 1460 Black Gloss en cuir verni et fourrure \ufe0f \ufe0f &#8211; vente"},"content":{"rendered":"<h2>Bottes 1460 Black Gloss en cuir verni et fourrure \ufe0f \ufe0f &#8211; vente<\/h2>\n<p>Les bottes 1460 Black Gloss en cuir verni et fausse fourrure allient \u00e9l\u00e9gance et chaleur par temps froid. Le mod\u00e8le 1460 de la marque convient au port quotidien, offre confort et durabilit\u00e9 gr\u00e2ce \u00e0 des mat\u00e9riaux de qualit\u00e9. Un coussinet confortable et une semelle stable font de ces bottes un choix pratique pour n&rsquo;importe quel look. Le prix sp\u00e9cial de vente en fait une acquisition rentable pour ceux qui appr\u00e9cient le style et la qualit\u00e9.<\/p>\n","protected":false},"excerpt":{"rendered":"<p>Les bottes 1460 Black Gloss en cuir verni et fausse fourrure allient \u00e9l\u00e9gance et chaleur par temps froid. Le mod\u00e8le 1460 de la marque convient au port quotidien, offre confort et durabilit\u00e9 gr\u00e2ce \u00e0 des mat\u00e9riaux de qualit\u00e9. Un coussinet confortable et une semelle stable font de ces bottes un choix pratique pour n&rsquo;importe quel look. Le prix sp\u00e9cial de vente en fait une acquisition rentable pour ceux qui appr\u00e9cient le style et la qualit\u00e9.<\/p>\n","protected":false},"featured_media":811414,"comment_status":"open","ping_status":"open","template":"","meta":[],"product_brand":[],"product_cat":[3212,3332],"product_tag":[],"class_list":{"0":"post-811410","1":"product","2":"type-product","3":"status-publish","4":"has-post-thumbnail","6":"product_cat-all-product","7":"product_cat-cherevyky","8":"pa_rozmir-910","9":"pa_rozmir-912","10":"pa_rozmir-914","11":"pa_rozmir-915","12":"pa_rozmir-916","13":"pa_rozmir-917","14":"pa_rozmir-918","15":"pa_rozmir-919","16":"pa_rozmir-920","17":"pa_rozmir-921","18":"pa_rozmir-922","20":"first","21":"instock","22":"purchasable","23":"product-type-variable"},"_links":{"self":[{"href":"https:\/\/nextsnkr.com\/fr\/wp-json\/wp\/v2\/product\/811410","targetHints":{"allow":["GET"]}}],"collection":[{"href":"https:\/\/nextsnkr.com\/fr\/wp-json\/wp\/v2\/product"}],"about":[{"href":"https:\/\/nextsnkr.com\/fr\/wp-json\/wp\/v2\/types\/product"}],"replies":[{"embeddable":true,"href":"https:\/\/nextsnkr.com\/fr\/wp-json\/wp\/v2\/comments?post=811410"}],"version-history":[{"count":0,"href":"https:\/\/nextsnkr.com\/fr\/wp-json\/wp\/v2\/product\/811410\/revisions"}],"wp:featuredmedia":[{"embeddable":true,"href":"https:\/\/nextsnkr.com\/fr\/wp-json\/wp\/v2\/media\/811414"}],"wp:attachment":[{"href":"https:\/\/nextsnkr.com\/fr\/wp-json\/wp\/v2\/media?parent=811410"}],"wp:term":[{"taxonomy":"product_brand","embeddable":true,"href":"https:\/\/nextsnkr.com\/fr\/wp-json\/wp\/v2\/product_brand?post=811410"},{"taxonomy":"product_cat","embeddable":true,"href":"https:\/\/nextsnkr.com\/fr\/wp-json\/wp\/v2\/product_cat?post=811410"},{"taxonomy":"product_tag","embeddable":true,"href":"https:\/\/nextsnkr.com\/fr\/wp-json\/wp\/v2\/product_tag?post=811410"}],"curies":[{"name":"wp","href":"https:\/\/api.w.org\/{rel}","templated":true}]}}