{"id":811299,"date":"2025-06-12T16:23:10","date_gmt":"2025-06-12T13:23:10","guid":{"rendered":"https:\/\/nextsnkr.com\/product\/prada-utsinka\/"},"modified":"2026-01-31T19:12:38","modified_gmt":"2026-01-31T16:12:38","slug":"prada-utsinka","status":"publish","type":"product","link":"https:\/\/nextsnkr.com\/fr\/produit\/prada-utsinka\/","title":{"rendered":"Bottes Prada-bottes noires \u00e9l\u00e9gantes pour femmes (d\u00e9marque)"},"content":{"rendered":"<h2>Bottes Prada-bottes noires \u00e9l\u00e9gantes pour femmes (d\u00e9marque)<\/h2>\n<p>Les bottes Prada (d\u00e9marque) sont un mod\u00e8le \u00e9l\u00e9gant dans un design moderne, cr\u00e9\u00e9 pour combiner style et confort. Fabriqu\u00e9s en Turquie, ils se distinguent par une ex\u00e9cution de qualit\u00e9 et des mat\u00e9riaux fiables. La couleur noire universelle s&rsquo;adapte facilement \u00e0 n&rsquo;importe quelle garde-robe, et la conception r\u00e9fl\u00e9chie offre une commodit\u00e9 pendant le port quotidien. Une d\u00e9marque mineure n&rsquo;affecte pas la praticit\u00e9 du couple, ce qui en fait un choix avantageux pour les looks \u00e0 la mode.<\/p>\n","protected":false},"excerpt":{"rendered":"<p>Les bottes Prada (d\u00e9marque) sont un mod\u00e8le \u00e9l\u00e9gant dans un design moderne, cr\u00e9\u00e9 pour combiner style et confort. Fabriqu\u00e9s en Turquie, ils se distinguent par une ex\u00e9cution de qualit\u00e9 et des mat\u00e9riaux fiables. La couleur noire universelle s&rsquo;adapte facilement \u00e0 n&rsquo;importe quelle garde-robe, et la conception r\u00e9fl\u00e9chie offre une commodit\u00e9 pendant le port quotidien. Une d\u00e9marque mineure n&rsquo;affecte pas la praticit\u00e9 du couple, ce qui en fait un choix avantageux pour les looks \u00e0 la mode.<\/p>\n","protected":false},"featured_media":811300,"comment_status":"open","ping_status":"open","template":"","meta":[],"product_brand":[],"product_cat":[3212,3332],"product_tag":[],"class_list":{"0":"post-811299","1":"product","2":"type-product","3":"status-publish","4":"has-post-thumbnail","6":"product_cat-all-product","7":"product_cat-cherevyky","8":"pa_rozmir-910","9":"pa_rozmir-912","10":"pa_rozmir-914","11":"pa_rozmir-915","12":"pa_rozmir-916","13":"pa_rozmir-917","14":"pa_rozmir-918","15":"pa_rozmir-919","16":"pa_rozmir-920","17":"pa_rozmir-921","18":"pa_rozmir-922","20":"first","21":"onbackorder","22":"purchasable","23":"product-type-variable"},"_links":{"self":[{"href":"https:\/\/nextsnkr.com\/fr\/wp-json\/wp\/v2\/product\/811299","targetHints":{"allow":["GET"]}}],"collection":[{"href":"https:\/\/nextsnkr.com\/fr\/wp-json\/wp\/v2\/product"}],"about":[{"href":"https:\/\/nextsnkr.com\/fr\/wp-json\/wp\/v2\/types\/product"}],"replies":[{"embeddable":true,"href":"https:\/\/nextsnkr.com\/fr\/wp-json\/wp\/v2\/comments?post=811299"}],"version-history":[{"count":0,"href":"https:\/\/nextsnkr.com\/fr\/wp-json\/wp\/v2\/product\/811299\/revisions"}],"wp:featuredmedia":[{"embeddable":true,"href":"https:\/\/nextsnkr.com\/fr\/wp-json\/wp\/v2\/media\/811300"}],"wp:attachment":[{"href":"https:\/\/nextsnkr.com\/fr\/wp-json\/wp\/v2\/media?parent=811299"}],"wp:term":[{"taxonomy":"product_brand","embeddable":true,"href":"https:\/\/nextsnkr.com\/fr\/wp-json\/wp\/v2\/product_brand?post=811299"},{"taxonomy":"product_cat","embeddable":true,"href":"https:\/\/nextsnkr.com\/fr\/wp-json\/wp\/v2\/product_cat?post=811299"},{"taxonomy":"product_tag","embeddable":true,"href":"https:\/\/nextsnkr.com\/fr\/wp-json\/wp\/v2\/product_tag?post=811299"}],"curies":[{"name":"wp","href":"https:\/\/api.w.org\/{rel}","templated":true}]}}