{"id":810619,"date":"2025-06-12T16:24:00","date_gmt":"2025-06-12T13:24:00","guid":{"rendered":"https:\/\/nextsnkr.com\/product\/dr-martens-black-fur\/"},"modified":"2026-01-31T19:12:08","modified_gmt":"2026-01-31T16:12:08","slug":"dr-martens-black-fur","status":"publish","type":"product","link":"https:\/\/nextsnkr.com\/fr\/produit\/dr-martens-black-fur\/","title":{"rendered":"Keds Dr. Martens Black Fur-baskets noires d&rsquo;hiver avec fourrure"},"content":{"rendered":"<h2>Keds Dr. Martens Black Fur-baskets noires d&rsquo;hiver avec fourrure<\/h2>\n<p>Keds Dr. Martens Black Fur est un mod\u00e8le d&rsquo;hiver \u00e9l\u00e9gant, isol\u00e9 avec une fourrure douce pour un confort maximal par temps froid. La couleur noire universelle donne \u00e0 la chaussure un look concis et moderne, tandis que le design reconnaissable du Dr. Martens souligne le caract\u00e8re et le style. Gr\u00e2ce \u00e0 des mat\u00e9riaux solides, les baskets offrent une fiabilit\u00e9, un bon ajustement et une durabilit\u00e9. Un choix parfait pour ceux qui recherchent des chaussures chaudes et \u00e0 la mode pour tous les jours.<\/p>\n","protected":false},"excerpt":{"rendered":"<p>Keds Dr. Martens Black Fur est un mod\u00e8le d&rsquo;hiver \u00e9l\u00e9gant, isol\u00e9 avec une fourrure douce pour un confort maximal par temps froid. La couleur noire universelle donne \u00e0 la chaussure un look concis et moderne, tandis que le design reconnaissable du Dr. Martens souligne le caract\u00e8re et le style. Gr\u00e2ce \u00e0 des mat\u00e9riaux solides, les baskets offrent une fiabilit\u00e9, un bon ajustement et une durabilit\u00e9. Un choix parfait pour ceux qui recherchent des chaussures chaudes et \u00e0 la mode pour tous les jours.<\/p>\n","protected":false},"featured_media":810620,"comment_status":"open","ping_status":"open","template":"","meta":[],"product_brand":[2398],"product_cat":[3617,3212,3319],"product_tag":[],"class_list":{"0":"post-810619","1":"product","2":"type-product","3":"status-publish","4":"has-post-thumbnail","6":"product_brand-dr-martens","7":"product_cat-dr-martens","8":"product_cat-all-product","9":"product_cat-kedy","10":"pa_rozmir-910","11":"pa_rozmir-912","12":"pa_rozmir-914","13":"pa_rozmir-915","14":"pa_rozmir-916","15":"pa_rozmir-917","16":"pa_rozmir-918","17":"pa_rozmir-919","18":"pa_rozmir-920","19":"pa_rozmir-921","20":"pa_rozmir-922","22":"first","23":"instock","24":"purchasable","25":"product-type-variable"},"_links":{"self":[{"href":"https:\/\/nextsnkr.com\/fr\/wp-json\/wp\/v2\/product\/810619","targetHints":{"allow":["GET"]}}],"collection":[{"href":"https:\/\/nextsnkr.com\/fr\/wp-json\/wp\/v2\/product"}],"about":[{"href":"https:\/\/nextsnkr.com\/fr\/wp-json\/wp\/v2\/types\/product"}],"replies":[{"embeddable":true,"href":"https:\/\/nextsnkr.com\/fr\/wp-json\/wp\/v2\/comments?post=810619"}],"version-history":[{"count":0,"href":"https:\/\/nextsnkr.com\/fr\/wp-json\/wp\/v2\/product\/810619\/revisions"}],"wp:featuredmedia":[{"embeddable":true,"href":"https:\/\/nextsnkr.com\/fr\/wp-json\/wp\/v2\/media\/810620"}],"wp:attachment":[{"href":"https:\/\/nextsnkr.com\/fr\/wp-json\/wp\/v2\/media?parent=810619"}],"wp:term":[{"taxonomy":"product_brand","embeddable":true,"href":"https:\/\/nextsnkr.com\/fr\/wp-json\/wp\/v2\/product_brand?post=810619"},{"taxonomy":"product_cat","embeddable":true,"href":"https:\/\/nextsnkr.com\/fr\/wp-json\/wp\/v2\/product_cat?post=810619"},{"taxonomy":"product_tag","embeddable":true,"href":"https:\/\/nextsnkr.com\/fr\/wp-json\/wp\/v2\/product_tag?post=810619"}],"curies":[{"name":"wp","href":"https:\/\/api.w.org\/{rel}","templated":true}]}}