{"id":810384,"date":"2025-06-13T09:46:41","date_gmt":"2025-06-13T06:46:41","guid":{"rendered":"https:\/\/nextsnkr.com\/product\/jadon-galaxy-rozproodazh\/"},"modified":"2026-01-31T19:12:04","modified_gmt":"2026-01-31T16:12:04","slug":"jadon-galaxy-rozproodazh","status":"publish","type":"product","link":"https:\/\/nextsnkr.com\/fr\/produit\/jadon-galaxy-rozproodazh\/","title":{"rendered":"Bottes Jadon noir en cuir v\u00e9ritable-vente favorable"},"content":{"rendered":"<h2>Bottes Jadon noir en cuir v\u00e9ritable-vente favorable<\/h2>\n<p>Les bottes Jadon Black sont fabriqu\u00e9es en cuir v\u00e9ritable de haute qualit\u00e9, ce qui garantit confort et durabilit\u00e9. Le mod\u00e8le de la marque Jadon convient au port quotidien, offrant un look \u00e9l\u00e9gant et \u00e9l\u00e9gant. Le coussinet confortable et la semelle durable font de ces bottes un choix pratique pour n&rsquo;importe quel look. Le prix de vente vous permet d&rsquo;acheter des bottes de qualit\u00e9 et \u00e9l\u00e9gantes \u00e0 une offre favorable.<\/p>\n","protected":false},"excerpt":{"rendered":"<p>Les bottes Jadon Black sont fabriqu\u00e9es en cuir v\u00e9ritable de haute qualit\u00e9, ce qui garantit confort et durabilit\u00e9. Le mod\u00e8le de la marque Jadon convient au port quotidien, offrant un look \u00e9l\u00e9gant et \u00e9l\u00e9gant. Le coussinet confortable et la semelle durable font de ces bottes un choix pratique pour n&rsquo;importe quel look. Le prix de vente vous permet d&rsquo;acheter des bottes de qualit\u00e9 et \u00e9l\u00e9gantes \u00e0 une offre favorable.<\/p>\n","protected":false},"featured_media":810388,"comment_status":"open","ping_status":"open","template":"","meta":[],"product_brand":[],"product_cat":[3212,3332],"product_tag":[],"class_list":{"0":"post-810384","1":"product","2":"type-product","3":"status-publish","4":"has-post-thumbnail","6":"product_cat-all-product","7":"product_cat-cherevyky","8":"pa_rozmir-910","9":"pa_rozmir-912","10":"pa_rozmir-914","11":"pa_rozmir-915","12":"pa_rozmir-916","13":"pa_rozmir-917","14":"pa_rozmir-918","15":"pa_rozmir-919","16":"pa_rozmir-920","17":"pa_rozmir-921","18":"pa_rozmir-922","20":"first","21":"instock","22":"purchasable","23":"product-type-variable"},"_links":{"self":[{"href":"https:\/\/nextsnkr.com\/fr\/wp-json\/wp\/v2\/product\/810384","targetHints":{"allow":["GET"]}}],"collection":[{"href":"https:\/\/nextsnkr.com\/fr\/wp-json\/wp\/v2\/product"}],"about":[{"href":"https:\/\/nextsnkr.com\/fr\/wp-json\/wp\/v2\/types\/product"}],"replies":[{"embeddable":true,"href":"https:\/\/nextsnkr.com\/fr\/wp-json\/wp\/v2\/comments?post=810384"}],"version-history":[{"count":0,"href":"https:\/\/nextsnkr.com\/fr\/wp-json\/wp\/v2\/product\/810384\/revisions"}],"wp:featuredmedia":[{"embeddable":true,"href":"https:\/\/nextsnkr.com\/fr\/wp-json\/wp\/v2\/media\/810388"}],"wp:attachment":[{"href":"https:\/\/nextsnkr.com\/fr\/wp-json\/wp\/v2\/media?parent=810384"}],"wp:term":[{"taxonomy":"product_brand","embeddable":true,"href":"https:\/\/nextsnkr.com\/fr\/wp-json\/wp\/v2\/product_brand?post=810384"},{"taxonomy":"product_cat","embeddable":true,"href":"https:\/\/nextsnkr.com\/fr\/wp-json\/wp\/v2\/product_cat?post=810384"},{"taxonomy":"product_tag","embeddable":true,"href":"https:\/\/nextsnkr.com\/fr\/wp-json\/wp\/v2\/product_tag?post=810384"}],"curies":[{"name":"wp","href":"https:\/\/api.w.org\/{rel}","templated":true}]}}