{"id":809263,"date":"2025-06-12T16:25:31","date_gmt":"2025-06-12T13:25:31","guid":{"rendered":"https:\/\/nextsnkr.com\/product\/gia-boots-cream\/"},"modified":"2026-01-31T19:11:20","modified_gmt":"2026-01-31T16:11:20","slug":"gia-boots-cream","status":"publish","type":"product","link":"https:\/\/nextsnkr.com\/fr\/produit\/gia-boots-cream\/","title":{"rendered":"Gia Boots Cream en cuir v\u00e9ritable avec isolation"},"content":{"rendered":"<h2>Gia Boots Cream en cuir v\u00e9ritable avec isolation<\/h2>\n<p>Les bottes Gia Boots Cream allient style et confort. Fabriqu\u00e9s \u00e0 partir de cuir v\u00e9ritable avec isolation en flanelle, ils offrent chaleur et confort par temps froid. Id\u00e9ales pour le port quotidien et la marche en ville, les bottes Gia Boots sont dot\u00e9es de mat\u00e9riaux de haute qualit\u00e9 et de durabilit\u00e9. Un design pratique et une couleur cr\u00e8me classique compl\u00e8tent n&rsquo;importe quelle image. commandez maintenant et sentez le confort et le style tous les jours.<\/p>\n","protected":false},"excerpt":{"rendered":"<p>Les bottes Gia Boots Cream allient style et confort. Fabriqu\u00e9s \u00e0 partir de cuir v\u00e9ritable avec isolation en flanelle, ils offrent chaleur et confort par temps froid. Id\u00e9ales pour le port quotidien et la marche en ville, les bottes Gia Boots sont dot\u00e9es de mat\u00e9riaux de haute qualit\u00e9 et de durabilit\u00e9. Un design pratique et une couleur cr\u00e8me classique compl\u00e8tent n&rsquo;importe quelle image. commandez maintenant et sentez le confort et le style tous les jours.<\/p>\n","protected":false},"featured_media":809267,"comment_status":"open","ping_status":"open","template":"","meta":[],"product_brand":[],"product_cat":[3212,3332],"product_tag":[],"class_list":{"0":"post-809263","1":"product","2":"type-product","3":"status-publish","4":"has-post-thumbnail","6":"product_cat-all-product","7":"product_cat-cherevyky","8":"pa_rozmir-910","9":"pa_rozmir-912","10":"pa_rozmir-914","11":"pa_rozmir-915","12":"pa_rozmir-916","13":"pa_rozmir-917","14":"pa_rozmir-918","15":"pa_rozmir-919","16":"pa_rozmir-920","17":"pa_rozmir-921","18":"pa_rozmir-922","20":"first","21":"onbackorder","22":"purchasable","23":"product-type-variable"},"_links":{"self":[{"href":"https:\/\/nextsnkr.com\/fr\/wp-json\/wp\/v2\/product\/809263","targetHints":{"allow":["GET"]}}],"collection":[{"href":"https:\/\/nextsnkr.com\/fr\/wp-json\/wp\/v2\/product"}],"about":[{"href":"https:\/\/nextsnkr.com\/fr\/wp-json\/wp\/v2\/types\/product"}],"replies":[{"embeddable":true,"href":"https:\/\/nextsnkr.com\/fr\/wp-json\/wp\/v2\/comments?post=809263"}],"version-history":[{"count":0,"href":"https:\/\/nextsnkr.com\/fr\/wp-json\/wp\/v2\/product\/809263\/revisions"}],"wp:featuredmedia":[{"embeddable":true,"href":"https:\/\/nextsnkr.com\/fr\/wp-json\/wp\/v2\/media\/809267"}],"wp:attachment":[{"href":"https:\/\/nextsnkr.com\/fr\/wp-json\/wp\/v2\/media?parent=809263"}],"wp:term":[{"taxonomy":"product_brand","embeddable":true,"href":"https:\/\/nextsnkr.com\/fr\/wp-json\/wp\/v2\/product_brand?post=809263"},{"taxonomy":"product_cat","embeddable":true,"href":"https:\/\/nextsnkr.com\/fr\/wp-json\/wp\/v2\/product_cat?post=809263"},{"taxonomy":"product_tag","embeddable":true,"href":"https:\/\/nextsnkr.com\/fr\/wp-json\/wp\/v2\/product_tag?post=809263"}],"curies":[{"name":"wp","href":"https:\/\/api.w.org\/{rel}","templated":true}]}}