{"id":808919,"date":"2025-06-12T16:25:51","date_gmt":"2025-06-12T13:25:51","guid":{"rendered":"https:\/\/nextsnkr.com\/product\/no-name\/"},"modified":"2026-01-31T19:11:11","modified_gmt":"2026-01-31T16:11:11","slug":"no-name","status":"publish","type":"product","link":"https:\/\/nextsnkr.com\/fr\/produit\/no-name\/","title":{"rendered":"Bottes No Name-\u00e9l\u00e9gant et confortable \u00e0 porter tous les jours"},"content":{"rendered":"<h2>Bottes No Name-\u00e9l\u00e9gant et confortable \u00e0 porter tous les jours<\/h2>\n<p>Les bottes No Name allient design moderne et confort. Fabriqu\u00e9s \u00e0 partir de mat\u00e9riaux de qualit\u00e9, ils offrent durabilit\u00e9 et commodit\u00e9 par tous les temps. Id\u00e9al pour le port quotidien, la marche et la vie urbaine active. Le look \u00e9l\u00e9gant et le design polyvalent font de ces bottes de No Name un excellent choix pour ceux qui appr\u00e9cient la praticit\u00e9 et l&rsquo;esth\u00e9tique. Commandez maintenant et ajoutez du confort \u00e0 votre garde-robe.<\/p>\n","protected":false},"excerpt":{"rendered":"<p>Les bottes No Name allient design moderne et confort. Fabriqu\u00e9s \u00e0 partir de mat\u00e9riaux de qualit\u00e9, ils offrent durabilit\u00e9 et commodit\u00e9 par tous les temps. Id\u00e9al pour le port quotidien, la marche et la vie urbaine active. Le look \u00e9l\u00e9gant et le design polyvalent font de ces bottes de No Name un excellent choix pour ceux qui appr\u00e9cient la praticit\u00e9 et l&rsquo;esth\u00e9tique. Commandez maintenant et ajoutez du confort \u00e0 votre garde-robe.<\/p>\n","protected":false},"featured_media":808920,"comment_status":"open","ping_status":"open","template":"","meta":[],"product_brand":[],"product_cat":[3212,3332],"product_tag":[],"class_list":{"0":"post-808919","1":"product","2":"type-product","3":"status-publish","4":"has-post-thumbnail","6":"product_cat-all-product","7":"product_cat-cherevyky","8":"pa_rozmir-910","9":"pa_rozmir-912","10":"pa_rozmir-914","11":"pa_rozmir-915","12":"pa_rozmir-916","13":"pa_rozmir-917","14":"pa_rozmir-918","15":"pa_rozmir-919","16":"pa_rozmir-920","17":"pa_rozmir-921","18":"pa_rozmir-922","20":"first","21":"onbackorder","22":"purchasable","23":"product-type-variable"},"_links":{"self":[{"href":"https:\/\/nextsnkr.com\/fr\/wp-json\/wp\/v2\/product\/808919","targetHints":{"allow":["GET"]}}],"collection":[{"href":"https:\/\/nextsnkr.com\/fr\/wp-json\/wp\/v2\/product"}],"about":[{"href":"https:\/\/nextsnkr.com\/fr\/wp-json\/wp\/v2\/types\/product"}],"replies":[{"embeddable":true,"href":"https:\/\/nextsnkr.com\/fr\/wp-json\/wp\/v2\/comments?post=808919"}],"version-history":[{"count":0,"href":"https:\/\/nextsnkr.com\/fr\/wp-json\/wp\/v2\/product\/808919\/revisions"}],"wp:featuredmedia":[{"embeddable":true,"href":"https:\/\/nextsnkr.com\/fr\/wp-json\/wp\/v2\/media\/808920"}],"wp:attachment":[{"href":"https:\/\/nextsnkr.com\/fr\/wp-json\/wp\/v2\/media?parent=808919"}],"wp:term":[{"taxonomy":"product_brand","embeddable":true,"href":"https:\/\/nextsnkr.com\/fr\/wp-json\/wp\/v2\/product_brand?post=808919"},{"taxonomy":"product_cat","embeddable":true,"href":"https:\/\/nextsnkr.com\/fr\/wp-json\/wp\/v2\/product_cat?post=808919"},{"taxonomy":"product_tag","embeddable":true,"href":"https:\/\/nextsnkr.com\/fr\/wp-json\/wp\/v2\/product_tag?post=808919"}],"curies":[{"name":"wp","href":"https:\/\/api.w.org\/{rel}","templated":true}]}}