{"id":807899,"date":"2025-06-13T09:50:13","date_gmt":"2025-06-13T06:50:13","guid":{"rendered":"https:\/\/nextsnkr.com\/product\/ugg-classic-tall-ii-boot-brown-rasprodazha\/"},"modified":"2026-01-31T19:10:42","modified_gmt":"2026-01-31T16:10:42","slug":"ugg-classic-tall-ii-boot-brown-rasprodazha","status":"publish","type":"product","link":"https:\/\/nextsnkr.com\/fr\/produit\/ugg-classic-tall-ii-boot-brown-rasprodazha\/","title":{"rendered":"Bottes UGG Classic Tall II boot Light Beige en daim-vente"},"content":{"rendered":"<h2>Bottes UGG Classic Tall II boot Light Beige en daim-vente<\/h2>\n<p>Les bottes UGG Classic Tall II Boot Light Beige sont fabriqu\u00e9es en daim doux et isol\u00e9es avec de la fausse fourrure pour offrir chaleur et confort pendant les saisons froides. Le mod\u00e8le de la marque australienne UGG est id\u00e9al pour porter tous les jours et cr\u00e9er un look d&rsquo;hiver \u00e9l\u00e9gant. Le coussinet confortable et la semelle solide garantissent durabilit\u00e9 et praticit\u00e9. Le prix de vente fait de ces bottes une acquisition rentable pour ceux qui appr\u00e9cient la qualit\u00e9 et le design \u00e0 la mode.<\/p>\n","protected":false},"excerpt":{"rendered":"<p>Les bottes UGG Classic Tall II Boot Light Beige sont fabriqu\u00e9es en daim doux et isol\u00e9es avec de la fausse fourrure pour offrir chaleur et confort pendant les saisons froides. Le mod\u00e8le de la marque australienne UGG est id\u00e9al pour porter tous les jours et cr\u00e9er un look d&rsquo;hiver \u00e9l\u00e9gant. Le coussinet confortable et la semelle solide garantissent durabilit\u00e9 et praticit\u00e9. Le prix de vente fait de ces bottes une acquisition rentable pour ceux qui appr\u00e9cient la qualit\u00e9 et le design \u00e0 la mode.<\/p>\n","protected":false},"featured_media":807900,"comment_status":"open","ping_status":"open","template":"","meta":[],"product_brand":[],"product_cat":[3408,3212],"product_tag":[],"class_list":{"0":"post-807899","1":"product","2":"type-product","3":"status-publish","4":"has-post-thumbnail","6":"product_cat-ugg","7":"product_cat-all-product","8":"pa_rozmir-923","9":"pa_rozmir-910","10":"pa_rozmir-912","11":"pa_rozmir-914","12":"pa_rozmir-915","13":"pa_rozmir-916","14":"pa_rozmir-917","15":"pa_rozmir-918","16":"pa_rozmir-919","17":"pa_rozmir-920","18":"pa_rozmir-921","20":"first","21":"onbackorder","22":"purchasable","23":"product-type-variable"},"_links":{"self":[{"href":"https:\/\/nextsnkr.com\/fr\/wp-json\/wp\/v2\/product\/807899","targetHints":{"allow":["GET"]}}],"collection":[{"href":"https:\/\/nextsnkr.com\/fr\/wp-json\/wp\/v2\/product"}],"about":[{"href":"https:\/\/nextsnkr.com\/fr\/wp-json\/wp\/v2\/types\/product"}],"replies":[{"embeddable":true,"href":"https:\/\/nextsnkr.com\/fr\/wp-json\/wp\/v2\/comments?post=807899"}],"version-history":[{"count":0,"href":"https:\/\/nextsnkr.com\/fr\/wp-json\/wp\/v2\/product\/807899\/revisions"}],"wp:featuredmedia":[{"embeddable":true,"href":"https:\/\/nextsnkr.com\/fr\/wp-json\/wp\/v2\/media\/807900"}],"wp:attachment":[{"href":"https:\/\/nextsnkr.com\/fr\/wp-json\/wp\/v2\/media?parent=807899"}],"wp:term":[{"taxonomy":"product_brand","embeddable":true,"href":"https:\/\/nextsnkr.com\/fr\/wp-json\/wp\/v2\/product_brand?post=807899"},{"taxonomy":"product_cat","embeddable":true,"href":"https:\/\/nextsnkr.com\/fr\/wp-json\/wp\/v2\/product_cat?post=807899"},{"taxonomy":"product_tag","embeddable":true,"href":"https:\/\/nextsnkr.com\/fr\/wp-json\/wp\/v2\/product_tag?post=807899"}],"curies":[{"name":"wp","href":"https:\/\/api.w.org\/{rel}","templated":true}]}}