{"id":807219,"date":"2025-06-17T21:50:41","date_gmt":"2025-06-17T18:50:41","guid":{"rendered":"https:\/\/nextsnkr.com\/product\/nike-huarache-acronym-black\/"},"modified":"2026-01-31T19:10:10","modified_gmt":"2026-01-31T16:10:10","slug":"nike-huarache-acronym-black","status":"publish","type":"product","link":"https:\/\/nextsnkr.com\/fr\/produit\/nike-huarache-acronym-black\/","title":{"rendered":"Baskets Nike Huarache Acronym Black-nubuck pour homme"},"content":{"rendered":"<h2>Baskets Nike Huarache Acronym Black-nubuck pour homme<\/h2>\n<p>Les baskets Nike Huarache Acronym Black sont des chaussures \u00e9l\u00e9gantes en nubuck pour hommes avec doublure thermique pour plus de confort et de chaleur. La semelle robuste offre un amorti et une stabilit\u00e9 lors de la marche, tandis que le design noir moderne souligne le style sportif et la polyvalence dans un usage quotidien. La conception l\u00e9g\u00e8re rend le mod\u00e8le confortable pour un port prolong\u00e9 et la qualit\u00e9 des mat\u00e9riaux garantit la durabilit\u00e9. Le choix id\u00e9al pour les connaisseurs de la marque Nike et des chaussures \u00e9l\u00e9gantes et fonctionnelles.<\/p>\n","protected":false},"excerpt":{"rendered":"<p>Les baskets Nike Huarache Acronym Black sont des chaussures \u00e9l\u00e9gantes en nubuck pour hommes avec doublure thermique pour plus de confort et de chaleur. La semelle robuste offre un amorti et une stabilit\u00e9 lors de la marche, tandis que le design noir moderne souligne le style sportif et la polyvalence dans un usage quotidien. La conception l\u00e9g\u00e8re rend le mod\u00e8le confortable pour un port prolong\u00e9 et la qualit\u00e9 des mat\u00e9riaux garantit la durabilit\u00e9. Le choix id\u00e9al pour les connaisseurs de la marque Nike et des chaussures \u00e9l\u00e9gantes et fonctionnelles.<\/p>\n","protected":false},"featured_media":807220,"comment_status":"open","ping_status":"open","template":"","meta":[],"product_brand":[],"product_cat":[3212,3213],"product_tag":[],"class_list":{"0":"post-807219","1":"product","2":"type-product","3":"status-publish","4":"has-post-thumbnail","6":"product_cat-all-product","7":"product_cat-krosivky","8":"pa_rozmir-910","9":"pa_rozmir-912","10":"pa_rozmir-914","11":"pa_rozmir-915","12":"pa_rozmir-916","13":"pa_rozmir-917","14":"pa_rozmir-918","15":"pa_rozmir-919","16":"pa_rozmir-920","17":"pa_rozmir-921","18":"pa_rozmir-922","20":"first","21":"onbackorder","22":"purchasable","23":"product-type-variable"},"_links":{"self":[{"href":"https:\/\/nextsnkr.com\/fr\/wp-json\/wp\/v2\/product\/807219","targetHints":{"allow":["GET"]}}],"collection":[{"href":"https:\/\/nextsnkr.com\/fr\/wp-json\/wp\/v2\/product"}],"about":[{"href":"https:\/\/nextsnkr.com\/fr\/wp-json\/wp\/v2\/types\/product"}],"replies":[{"embeddable":true,"href":"https:\/\/nextsnkr.com\/fr\/wp-json\/wp\/v2\/comments?post=807219"}],"version-history":[{"count":0,"href":"https:\/\/nextsnkr.com\/fr\/wp-json\/wp\/v2\/product\/807219\/revisions"}],"wp:featuredmedia":[{"embeddable":true,"href":"https:\/\/nextsnkr.com\/fr\/wp-json\/wp\/v2\/media\/807220"}],"wp:attachment":[{"href":"https:\/\/nextsnkr.com\/fr\/wp-json\/wp\/v2\/media?parent=807219"}],"wp:term":[{"taxonomy":"product_brand","embeddable":true,"href":"https:\/\/nextsnkr.com\/fr\/wp-json\/wp\/v2\/product_brand?post=807219"},{"taxonomy":"product_cat","embeddable":true,"href":"https:\/\/nextsnkr.com\/fr\/wp-json\/wp\/v2\/product_cat?post=807219"},{"taxonomy":"product_tag","embeddable":true,"href":"https:\/\/nextsnkr.com\/fr\/wp-json\/wp\/v2\/product_tag?post=807219"}],"curies":[{"name":"wp","href":"https:\/\/api.w.org\/{rel}","templated":true}]}}