{"id":806355,"date":"2025-06-13T09:52:22","date_gmt":"2025-06-13T06:52:22","guid":{"rendered":"https:\/\/nextsnkr.com\/product\/ugg-classic-tall-ii-boot-beige-rasprodazha\/"},"modified":"2026-01-31T19:09:47","modified_gmt":"2026-01-31T16:09:47","slug":"ugg-classic-tall-ii-boot-beige-rasprodazha","status":"publish","type":"product","link":"https:\/\/nextsnkr.com\/fr\/produit\/ugg-classic-tall-ii-boot-beige-rasprodazha\/","title":{"rendered":"UGG Classic Tall II boot Beige-bottes d&rsquo;hiver en daim pour femmes"},"content":{"rendered":"<h2>UGG Classic Tall II boot Beige-bottes d&rsquo;hiver en daim pour femmes<\/h2>\n<p>Les \u00e9l\u00e9gantes bottes UGG Classic Tall II boot Beige sont fabriqu\u00e9es en daim haut de gamme et en fausse fourrure douce pour offrir confort et chaleur en hiver. La coupe haute prot\u00e8ge du froid et la couleur beige classique se Marie facilement avec n&rsquo;importe quel look. La qualit\u00e9 originale de la marque australienne garantit la durabilit\u00e9 et la commodit\u00e9 du port quotidien. Un choix parfait pour ceux qui appr\u00e9cient la chaleur, les mat\u00e9riaux naturels et le style \u00e9l\u00e9gant.<\/p>\n","protected":false},"excerpt":{"rendered":"<p>Les \u00e9l\u00e9gantes bottes UGG Classic Tall II boot Beige sont fabriqu\u00e9es en daim haut de gamme et en fausse fourrure douce pour offrir confort et chaleur en hiver. La coupe haute prot\u00e8ge du froid et la couleur beige classique se Marie facilement avec n&rsquo;importe quel look. La qualit\u00e9 originale de la marque australienne garantit la durabilit\u00e9 et la commodit\u00e9 du port quotidien. Un choix parfait pour ceux qui appr\u00e9cient la chaleur, les mat\u00e9riaux naturels et le style \u00e9l\u00e9gant.<\/p>\n","protected":false},"featured_media":806357,"comment_status":"open","ping_status":"open","template":"","meta":[],"product_brand":[],"product_cat":[3408,3212],"product_tag":[],"class_list":{"0":"post-806355","1":"product","2":"type-product","3":"status-publish","4":"has-post-thumbnail","6":"product_cat-ugg","7":"product_cat-all-product","8":"pa_rozmir-923","9":"pa_rozmir-910","10":"pa_rozmir-912","11":"pa_rozmir-914","12":"pa_rozmir-915","13":"pa_rozmir-916","14":"pa_rozmir-917","15":"pa_rozmir-918","16":"pa_rozmir-919","17":"pa_rozmir-920","18":"pa_rozmir-921","20":"first","21":"onbackorder","22":"purchasable","23":"product-type-variable"},"_links":{"self":[{"href":"https:\/\/nextsnkr.com\/fr\/wp-json\/wp\/v2\/product\/806355","targetHints":{"allow":["GET"]}}],"collection":[{"href":"https:\/\/nextsnkr.com\/fr\/wp-json\/wp\/v2\/product"}],"about":[{"href":"https:\/\/nextsnkr.com\/fr\/wp-json\/wp\/v2\/types\/product"}],"replies":[{"embeddable":true,"href":"https:\/\/nextsnkr.com\/fr\/wp-json\/wp\/v2\/comments?post=806355"}],"version-history":[{"count":0,"href":"https:\/\/nextsnkr.com\/fr\/wp-json\/wp\/v2\/product\/806355\/revisions"}],"wp:featuredmedia":[{"embeddable":true,"href":"https:\/\/nextsnkr.com\/fr\/wp-json\/wp\/v2\/media\/806357"}],"wp:attachment":[{"href":"https:\/\/nextsnkr.com\/fr\/wp-json\/wp\/v2\/media?parent=806355"}],"wp:term":[{"taxonomy":"product_brand","embeddable":true,"href":"https:\/\/nextsnkr.com\/fr\/wp-json\/wp\/v2\/product_brand?post=806355"},{"taxonomy":"product_cat","embeddable":true,"href":"https:\/\/nextsnkr.com\/fr\/wp-json\/wp\/v2\/product_cat?post=806355"},{"taxonomy":"product_tag","embeddable":true,"href":"https:\/\/nextsnkr.com\/fr\/wp-json\/wp\/v2\/product_tag?post=806355"}],"curies":[{"name":"wp","href":"https:\/\/api.w.org\/{rel}","templated":true}]}}